{"id":420,"date":"2020-12-09T13:11:10","date_gmt":"2020-12-09T13:11:10","guid":{"rendered":"https:\/\/vanyaivanova.eu\/?page_id=420"},"modified":"2020-12-09T13:17:09","modified_gmt":"2020-12-09T13:17:09","slug":"%d0%bf%d0%be%d0%bb%d0%b8%d1%82%d0%b8%d0%ba%d0%b0-%d0%b7%d0%b0-%d0%bf%d0%be%d0%b2%d0%b5%d1%80%d0%b8%d1%82%d0%b5%d0%bb%d0%bd%d0%be%d1%81%d1%82","status":"publish","type":"page","link":"https:\/\/vanyaivanova.eu\/fr\/%d0%bf%d0%be%d0%bb%d0%b8%d1%82%d0%b8%d0%ba%d0%b0-%d0%b7%d0%b0-%d0%bf%d0%be%d0%b2%d0%b5%d1%80%d0%b8%d1%82%d0%b5%d0%bb%d0%bd%d0%be%d1%81%d1%82\/","title":{"rendered":"Politique de confidentialit\u00e9"},"content":{"rendered":"<p>[et_pb_section fb_built=&#8220;1&#8243; _builder_version=&#8220;4.7.4&#8243; _module_preset=&#8220;default&#8220; background_color=&#8220;#d7dce5&#8243; custom_padding=&#8220;2px||0px|||&#8220;][et_pb_row _builder_version=&#8220;4.7.4&#8243; _module_preset=&#8220;default&#8220;][et_pb_column type=&#8220;4_4&#8243; _builder_version=&#8220;4.7.4&#8243; _module_preset=&#8220;default&#8220;][et_pb_text _builder_version=&#8220;4.7.4&#8243; _module_preset=&#8220;default&#8220; text_text_color=&#8220;#000000&#8243; text_font_size=&#8220;15px&#8220; filter_hue_rotate=&#8220;359deg&#8220; hover_enabled=&#8220;0&#8243; sticky_enabled=&#8220;0&#8243;]<\/p>\n<div><span>Nous utilisons des cookies ou des outils similaires sur nos sites pour am\u00e9liorer leurs performances et votre exp\u00e9rience. Cette politique explique comment nous proc\u00e9dons.<\/span><\/div>\n<div><span>Que sont les cookies ?<\/span><\/div>\n<div class=\"translation-block\"><span>Les cookies sont de petits fichiers texte qu'un site Web peut enregistrer sur votre ordinateur ou appareil mobile lorsque vous visitez une page ou un site. Le cookie aidera le site ou d'autres sites \u00e0 reconna\u00eetre votre appareil la prochaine fois que vous le visiterez. Les balises Web ou autres fichiers similaires peuvent faire la m\u00eame chose. Nous utilisons le terme cookies dans cette politique pour d\u00e9signer tous les fichiers qui collectent des informations de cette mani\u00e8re.<br> Les cookies remplissent de nombreuses fonctions diff\u00e9rentes. Par exemple, ils nous aident \u00e0 m\u00e9moriser votre nom d'utilisateur ou vos pr\u00e9f\u00e9rences, \u00e0 analyser les performances de nos sites ou m\u00eame \u00e0 nous permettre de vous recommander du contenu que nous pensons que vous trouverez int\u00e9ressant.<br> Certains cookies contiennent des informations personnelles, par exemple si vous avez cliqu\u00e9 sur \u00ab \u00ab Souviens-toi de moi \u00bb lorsque vous vous connectez, le cookie se souviendra de votre nom d'utilisateur. La plupart des cookies ne collectent pas d\u2019informations permettant de vous identifier, mais plut\u00f4t des informations g\u00e9n\u00e9rales sur la mani\u00e8re dont les utilisateurs acc\u00e8dent \u00e0 nos sites et les utilisent ou sur leur emplacement.<\/div>\n<div><span>Quels types de cookies utilisons-nous ?<\/span><\/div>\n<div><span>Ils remplissent diverses fonctions :<\/span><\/div>\n<div class=\"translation-block\"><span>1. Cookies essentiels<br>Certains cookies sont indispensables au fonctionnement de nos sites. Ils nous permettent d'identifier les utilisateurs inscrits.<\/span><\/div>\n<div class=\"translation-block\"><span>2. Cookies de performance du site<br> Nous utilisons d'autres cookies pour analyser la fa\u00e7on dont les visiteurs utilisent nos sites et pour surveiller les performances de notre site. Cela nous permet de vous offrir une exp\u00e9rience de haute qualit\u00e9 en personnalisant le contenu propos\u00e9 et en identifiant et en r\u00e9solvant rapidement divers probl\u00e8mes.<\/span><\/div>\n<div class=\"translation-block\"><span>3. Cookies fonctionnels<br> Les cookies fonctionnels nous permettent de m\u00e9moriser vos pr\u00e9f\u00e9rences, telles que la taille de la police et d'autres param\u00e8tres personnels. Par exemple, les cookies vous permettent d\u2019\u00e9conomiser du temps et des efforts en vous \u00e9vitant de saisir votre nom d\u2019utilisateur \u00e0 chaque fois que vous visitez notre site.<\/div>\n<div><span>Comment d\u00e9sactiver les cookies ?<\/span><\/div>\n<div class=\"translation-block\"><span>Tous les navigateurs modernes vous permettent de modifier les param\u00e8tres des cookies. Vous pouvez g\u00e9n\u00e9ralement trouver ces param\u00e8tres dans le menu \u00ab\u00a0Options\u00a0\u00bb ou \u00ab\u00a0Pr\u00e9f\u00e9rences\u00a0\u00bb de votre navigateur. Pour conna\u00eetre ces param\u00e8tres, les liens suivants peuvent vous aider, ou vous pouvez utiliser le bouton \u00ab\u00a0Aide\u00a0\u00bb dans les menus de votre navigateur pour plus de d\u00e9tails\u00a0:<br> <\/span><a href=\"https:\/\/support.microsoft .com\/bg-bg\/help\/17442\/windows-internet-explorer-delete-manage-cookies#ie=ie-10\" target=\"_blank\" rel=\"noopener noreferrer\"><span>Param\u00e8tres des cookies dans Internet Explorer<\/span><\/a><span><br> <\/span><a href=\"https:\/\/support.mozilla.org\/fr-FR\/kb\/cookies-informations-stockages-sur-votre-site-web- ordinateur?redirectlocale=fr-FR&amp;redirectslug=Cookies\" target=\"_blank\" rel=\"noopener noreferrer\"><span>Param\u00e8tres des cookies dans Firefox<\/span><\/a><span><br> <\/span><a href=\"https:\/\/support.google.com\/chrome\/answer\/95647?hl=fr&amp;ref_topic=14666\" target=\"_blank\" rel=\"noopener noreferrer\"><span>Param\u00e8tres des cookies dans Chrome<\/span><\/a><span><br> <\/span><a href=\"https:\/\/support.apple.com\/kb\/PH5042 ?locale=bg_BG\" target=\"_blank\" rel=\"noopener noreferrer\"><span>Param\u00e8tres des cookies dans Safari Web<\/span><\/a><span>\u00a0et\u00a0<\/span><a href=\"https:\/\/ support.apple.com\/bg-bg\/HT201265\" target=\"_blank\" rel=\"noopener noreferrer\"><span>iOS<\/span><\/a><span>.<\/span><\/div>\n<div><span>N'oubliez pas que si vous choisissez de d\u00e9sactiver les cookies, certaines sections de notre site risquent de ne pas fonctionner correctement.<\/span><\/div>\n<div><span>Utilisons-nous des cookies contenant vos donn\u00e9es personnelles ?<\/span><\/div>\n<div><span>Non, les cookies que nous utilisons sont anonymes et ne contiennent aucune donn\u00e9e personnelle.<\/span><\/div>\n<div><span>Plus d'informations<\/span><\/div>\n<div class=\"translation-block\"><span>Plus d'informations sur la mani\u00e8re dont les entreprises utilisent les cookies sont disponibles \u00e0 l'adresse suivante\u00a0:<\/span><a href=\"http:\/\/www.allaboutcookies.org\/\" target=\"_blank\" rel=\"noopener noreferrer\"><span> www .allaboutcookies.org<\/span><\/a><span>.<br> Si vous avez des questions concernant cette politique de cookies, veuillez nous contacter par e-mail\u00a0: <a target=\"_blank\" rel=\"noopener noreferrer\" class=\"autolinked\" href=\"mailto:info@vanyaivanova.eu\">info@vanyaivanova.eu<\/a><\/span><\/div>\n<p>[\/et_pb_text][\/et_pb_column][\/et_pb_row][\/et_pb_section]<\/p>","protected":false},"excerpt":{"rendered":"<p>\u041d\u0438\u0435 \u0438\u0437\u043f\u043e\u043b\u0437\u0432\u0430\u043c\u0435 \u0431\u0438\u0441\u043a\u0432\u0438\u0442\u043a\u0438 \u0438\u043b\u0438 \u043f\u043e\u0434\u043e\u0431\u043d\u0438 \u0438\u043d\u0441\u0442\u0440\u0443\u043c\u0435\u043d\u0442\u0438 \u043d\u0430 \u043d\u0430\u0448\u0438\u0442\u0435 \u0441\u0430\u0439\u0442\u043e\u0432\u0435, \u0437\u0430 \u0434\u0430 \u043f\u043e\u0434\u043e\u0431\u0440\u0438\u043c \u0442\u044f\u0445\u043d\u043e\u0442\u043e \u043f\u0440\u0435\u0434\u0441\u0442\u0430\u0432\u044f\u043d\u0435 \u0438 \u0432\u0430\u0448\u0435\u0442\u043e \u043f\u0440\u0435\u0436\u0438\u0432\u044f\u0432\u0430\u043d\u0435. \u0422\u0430\u0437\u0438 \u043f\u043e\u043b\u0438\u0442\u0438\u043a\u0430 \u043e\u0431\u044f\u0441\u043d\u044f\u0432\u0430 \u043a\u0430\u043a \u043f\u0440\u0430\u0432\u0438\u043c \u0442\u043e\u0432\u0430. \u041a\u0430\u043a\u0432\u043e \u0441\u0430 \u0431\u0438\u0441\u043a\u0432\u0438\u0442\u043a\u0438? \u0411\u0438\u0441\u043a\u0432\u0438\u0442\u043a\u0438\u0442\u0435 \u0441\u0430 \u043c\u0430\u043b\u043a\u0438 \u0442\u0435\u043a\u0441\u0442\u043e\u0432\u0438 \u0444\u0430\u0439\u043b\u043e\u0432\u0435, \u043a\u043e\u0438\u0442\u043e \u0443\u0435\u0431\u0441\u0430\u0439\u0442\u044a\u0442 \u043c\u043e\u0436\u0435 \u0434\u0430 \u0437\u0430\u043f\u0438\u0448\u0435 \u043d\u0430 \u0432\u0430\u0448\u0438\u044f \u043a\u043e\u043c\u043f\u044e\u0442\u044a\u0440 \u0438\u043b\u0438 \u043c\u043e\u0431\u0438\u043b\u043d\u043e \u0443\u0441\u0442\u0440\u043e\u0439\u0441\u0442\u0432\u043e, \u043a\u043e\u0433\u0430\u0442\u043e \u043f\u043e\u0441\u0435\u0449\u0430\u0432\u0430\u0442\u0435 \u0441\u0442\u0440\u0430\u043d\u0438\u0446\u0430 \u0438\u043b\u0438 \u0441\u0430\u0439\u0442. \u0411\u0438\u0441\u043a\u0432\u0438\u0442\u043a\u0430\u0442\u0430 \u0449\u0435 \u043f\u043e\u043c\u043e\u0433\u043d\u0435 \u043d\u0430 \u0441\u0430\u0439\u0442\u0430 \u0438\u043b\u0438 \u043d\u0430 \u0434\u0440\u0443\u0433\u0438 [&hellip;]<\/p>","protected":false},"author":2,"featured_media":0,"parent":0,"menu_order":0,"comment_status":"closed","ping_status":"closed","template":"","meta":{"_et_pb_use_builder":"on","_et_pb_old_content":"","_et_gb_content_width":"","footnotes":""},"simple-restrict-permission":[],"class_list":["post-420","page","type-page","status-publish","hentry"],"yoast_head":"<!-- This site is optimized with the Yoast SEO plugin v24.1 - https:\/\/yoast.com\/wordpress\/plugins\/seo\/ -->\n<title>\u041f\u043e\u043b\u0438\u0442\u0438\u043a\u0430 \u0437\u0430 \u043f\u043e\u0432\u0435\u0440\u0438\u0442\u0435\u043b\u043d\u043e\u0441\u0442 - Vanya Ivanova<\/title>\n<meta name=\"description\" content=\"\u041f\u0440\u043e\u0447\u0435\u0442\u0435\u0442\u0435 \u043f\u043e\u0432\u0435\u0447\u0435 \u0437\u0430 \u041f\u043e\u043b\u0438\u0442\u0438\u043a\u0430 \u0437\u0430 \u043f\u043e\u0432\u0435\u0440\u0438\u0442\u0435\u043b\u043d\u043e\u0441\u0442 \u043e\u0442 \u0421\u0430\u0439\u0442 \u2013 vanyaivanova.eu \u2013 \u043f\u0441\u0438\u0445\u043e\u043b\u043e\u0433 \u2013 \u043a\u043e\u043d\u0441\u0443\u043b\u0442\u0430\u043d\u0442.\" \/>\n<meta name=\"robots\" content=\"index, follow, max-snippet:-1, max-image-preview:large, max-video-preview:-1\" \/>\n<link rel=\"canonical\" href=\"https:\/\/vanyaivanova.eu\/fr\/\u043f\u043e\u043b\u0438\u0442\u0438\u043a\u0430-\u0437\u0430-\u043f\u043e\u0432\u0435\u0440\u0438\u0442\u0435\u043b\u043d\u043e\u0441\u0442\/\" \/>\n<meta property=\"og:locale\" content=\"fr_FR\" \/>\n<meta property=\"og:type\" content=\"article\" \/>\n<meta property=\"og:title\" content=\"\u041f\u043e\u043b\u0438\u0442\u0438\u043a\u0430 \u0437\u0430 \u043f\u043e\u0432\u0435\u0440\u0438\u0442\u0435\u043b\u043d\u043e\u0441\u0442 - Vanya Ivanova\" \/>\n<meta property=\"og:description\" content=\"\u041f\u0440\u043e\u0447\u0435\u0442\u0435\u0442\u0435 \u043f\u043e\u0432\u0435\u0447\u0435 \u0437\u0430 \u041f\u043e\u043b\u0438\u0442\u0438\u043a\u0430 \u0437\u0430 \u043f\u043e\u0432\u0435\u0440\u0438\u0442\u0435\u043b\u043d\u043e\u0441\u0442 \u043e\u0442 \u0421\u0430\u0439\u0442 \u2013 vanyaivanova.eu \u2013 \u043f\u0441\u0438\u0445\u043e\u043b\u043e\u0433 \u2013 \u043a\u043e\u043d\u0441\u0443\u043b\u0442\u0430\u043d\u0442.\" \/>\n<meta property=\"og:url\" content=\"https:\/\/vanyaivanova.eu\/fr\/\u043f\u043e\u043b\u0438\u0442\u0438\u043a\u0430-\u0437\u0430-\u043f\u043e\u0432\u0435\u0440\u0438\u0442\u0435\u043b\u043d\u043e\u0441\u0442\/\" \/>\n<meta property=\"og:site_name\" content=\"Vanya Ivanova\" \/>\n<meta property=\"article:modified_time\" content=\"2020-12-09T13:17:09+00:00\" \/>\n<meta property=\"og:image\" content=\"https:\/\/vanyaivanova.eu\/wp-content\/uploads\/2020\/12\/thumbnail.jpg\" \/>\n\t<meta property=\"og:image:width\" content=\"1578\" \/>\n\t<meta property=\"og:image:height\" content=\"774\" \/>\n\t<meta property=\"og:image:type\" content=\"image\/jpeg\" \/>\n<meta name=\"twitter:card\" content=\"summary_large_image\" \/>\n<script type=\"application\/ld+json\" class=\"yoast-schema-graph\">{\"@context\":\"https:\/\/schema.org\",\"@graph\":[{\"@type\":\"WebPage\",\"@id\":\"https:\/\/vanyaivanova.eu\/%d0%bf%d0%be%d0%bb%d0%b8%d1%82%d0%b8%d0%ba%d0%b0-%d0%b7%d0%b0-%d0%bf%d0%be%d0%b2%d0%b5%d1%80%d0%b8%d1%82%d0%b5%d0%bb%d0%bd%d0%be%d1%81%d1%82\/\",\"url\":\"https:\/\/vanyaivanova.eu\/%d0%bf%d0%be%d0%bb%d0%b8%d1%82%d0%b8%d0%ba%d0%b0-%d0%b7%d0%b0-%d0%bf%d0%be%d0%b2%d0%b5%d1%80%d0%b8%d1%82%d0%b5%d0%bb%d0%bd%d0%be%d1%81%d1%82\/\",\"name\":\"\u041f\u043e\u043b\u0438\u0442\u0438\u043a\u0430 \u0437\u0430 \u043f\u043e\u0432\u0435\u0440\u0438\u0442\u0435\u043b\u043d\u043e\u0441\u0442 - Vanya Ivanova\",\"isPartOf\":{\"@id\":\"https:\/\/vanyaivanova.eu\/#website\"},\"datePublished\":\"2020-12-09T13:11:10+00:00\",\"dateModified\":\"2020-12-09T13:17:09+00:00\",\"description\":\"\u041f\u0440\u043e\u0447\u0435\u0442\u0435\u0442\u0435 \u043f\u043e\u0432\u0435\u0447\u0435 \u0437\u0430 \u041f\u043e\u043b\u0438\u0442\u0438\u043a\u0430 \u0437\u0430 \u043f\u043e\u0432\u0435\u0440\u0438\u0442\u0435\u043b\u043d\u043e\u0441\u0442 \u043e\u0442 \u0421\u0430\u0439\u0442 \u2013 vanyaivanova.eu \u2013 \u043f\u0441\u0438\u0445\u043e\u043b\u043e\u0433 \u2013 \u043a\u043e\u043d\u0441\u0443\u043b\u0442\u0430\u043d\u0442.\",\"breadcrumb\":{\"@id\":\"https:\/\/vanyaivanova.eu\/%d0%bf%d0%be%d0%bb%d0%b8%d1%82%d0%b8%d0%ba%d0%b0-%d0%b7%d0%b0-%d0%bf%d0%be%d0%b2%d0%b5%d1%80%d0%b8%d1%82%d0%b5%d0%bb%d0%bd%d0%be%d1%81%d1%82\/#breadcrumb\"},\"inLanguage\":\"fr-FR\",\"potentialAction\":[{\"@type\":\"ReadAction\",\"target\":[\"https:\/\/vanyaivanova.eu\/%d0%bf%d0%be%d0%bb%d0%b8%d1%82%d0%b8%d0%ba%d0%b0-%d0%b7%d0%b0-%d0%bf%d0%be%d0%b2%d0%b5%d1%80%d0%b8%d1%82%d0%b5%d0%bb%d0%bd%d0%be%d1%81%d1%82\/\"]}]},{\"@type\":\"BreadcrumbList\",\"@id\":\"https:\/\/vanyaivanova.eu\/%d0%bf%d0%be%d0%bb%d0%b8%d1%82%d0%b8%d0%ba%d0%b0-%d0%b7%d0%b0-%d0%bf%d0%be%d0%b2%d0%b5%d1%80%d0%b8%d1%82%d0%b5%d0%bb%d0%bd%d0%be%d1%81%d1%82\/#breadcrumb\",\"itemListElement\":[{\"@type\":\"ListItem\",\"position\":1,\"name\":\"\u041d\u0430\u0447\u0430\u043b\u043e\",\"item\":\"https:\/\/vanyaivanova.eu\/\"},{\"@type\":\"ListItem\",\"position\":2,\"name\":\"\u041f\u043e\u043b\u0438\u0442\u0438\u043a\u0430 \u0437\u0430 \u043f\u043e\u0432\u0435\u0440\u0438\u0442\u0435\u043b\u043d\u043e\u0441\u0442\"}]},{\"@type\":\"WebSite\",\"@id\":\"https:\/\/vanyaivanova.eu\/#website\",\"url\":\"https:\/\/vanyaivanova.eu\/\",\"name\":\"Vanya Ivanova\",\"description\":\"Vanya Ivanova\",\"publisher\":{\"@id\":\"https:\/\/vanyaivanova.eu\/#\/schema\/person\/262fb9ea8198a347c4a8aaeba79b6aca\"},\"potentialAction\":[{\"@type\":\"SearchAction\",\"target\":{\"@type\":\"EntryPoint\",\"urlTemplate\":\"https:\/\/vanyaivanova.eu\/?s={search_term_string}\"},\"query-input\":{\"@type\":\"PropertyValueSpecification\",\"valueRequired\":true,\"valueName\":\"search_term_string\"}}],\"inLanguage\":\"fr-FR\"},{\"@type\":[\"Person\",\"Organization\"],\"@id\":\"https:\/\/vanyaivanova.eu\/#\/schema\/person\/262fb9ea8198a347c4a8aaeba79b6aca\",\"name\":\"Vanya Ivanova\",\"image\":{\"@type\":\"ImageObject\",\"inLanguage\":\"fr-FR\",\"@id\":\"https:\/\/vanyaivanova.eu\/#\/schema\/person\/image\/\",\"url\":\"https:\/\/vanyaivanova.eu\/wp-content\/uploads\/2020\/12\/VanyaIvanova-1.png\",\"contentUrl\":\"https:\/\/vanyaivanova.eu\/wp-content\/uploads\/2020\/12\/VanyaIvanova-1.png\",\"width\":448,\"height\":77,\"caption\":\"Vanya Ivanova\"},\"logo\":{\"@id\":\"https:\/\/vanyaivanova.eu\/#\/schema\/person\/image\/\"}}]}<\/script>\n<!-- \/ Yoast SEO plugin. -->","yoast_head_json":{"title":"\u041f\u043e\u043b\u0438\u0442\u0438\u043a\u0430 \u0437\u0430 \u043f\u043e\u0432\u0435\u0440\u0438\u0442\u0435\u043b\u043d\u043e\u0441\u0442 - Vanya Ivanova","description":"\u041f\u0440\u043e\u0447\u0435\u0442\u0435\u0442\u0435 \u043f\u043e\u0432\u0435\u0447\u0435 \u0437\u0430 \u041f\u043e\u043b\u0438\u0442\u0438\u043a\u0430 \u0437\u0430 \u043f\u043e\u0432\u0435\u0440\u0438\u0442\u0435\u043b\u043d\u043e\u0441\u0442 \u043e\u0442 \u0421\u0430\u0439\u0442 \u2013 vanyaivanova.eu \u2013 \u043f\u0441\u0438\u0445\u043e\u043b\u043e\u0433 \u2013 \u043a\u043e\u043d\u0441\u0443\u043b\u0442\u0430\u043d\u0442.","robots":{"index":"index","follow":"follow","max-snippet":"max-snippet:-1","max-image-preview":"max-image-preview:large","max-video-preview":"max-video-preview:-1"},"canonical":"https:\/\/vanyaivanova.eu\/fr\/\u043f\u043e\u043b\u0438\u0442\u0438\u043a\u0430-\u0437\u0430-\u043f\u043e\u0432\u0435\u0440\u0438\u0442\u0435\u043b\u043d\u043e\u0441\u0442\/","og_locale":"fr_FR","og_type":"article","og_title":"\u041f\u043e\u043b\u0438\u0442\u0438\u043a\u0430 \u0437\u0430 \u043f\u043e\u0432\u0435\u0440\u0438\u0442\u0435\u043b\u043d\u043e\u0441\u0442 - Vanya Ivanova","og_description":"\u041f\u0440\u043e\u0447\u0435\u0442\u0435\u0442\u0435 \u043f\u043e\u0432\u0435\u0447\u0435 \u0437\u0430 \u041f\u043e\u043b\u0438\u0442\u0438\u043a\u0430 \u0437\u0430 \u043f\u043e\u0432\u0435\u0440\u0438\u0442\u0435\u043b\u043d\u043e\u0441\u0442 \u043e\u0442 \u0421\u0430\u0439\u0442 \u2013 vanyaivanova.eu \u2013 \u043f\u0441\u0438\u0445\u043e\u043b\u043e\u0433 \u2013 \u043a\u043e\u043d\u0441\u0443\u043b\u0442\u0430\u043d\u0442.","og_url":"https:\/\/vanyaivanova.eu\/fr\/\u043f\u043e\u043b\u0438\u0442\u0438\u043a\u0430-\u0437\u0430-\u043f\u043e\u0432\u0435\u0440\u0438\u0442\u0435\u043b\u043d\u043e\u0441\u0442\/","og_site_name":"Vanya Ivanova","article_modified_time":"2020-12-09T13:17:09+00:00","og_image":[{"width":1578,"height":774,"url":"https:\/\/vanyaivanova.eu\/wp-content\/uploads\/2020\/12\/thumbnail.jpg","type":"image\/jpeg"}],"twitter_card":"summary_large_image","schema":{"@context":"https:\/\/schema.org","@graph":[{"@type":"WebPage","@id":"https:\/\/vanyaivanova.eu\/%d0%bf%d0%be%d0%bb%d0%b8%d1%82%d0%b8%d0%ba%d0%b0-%d0%b7%d0%b0-%d0%bf%d0%be%d0%b2%d0%b5%d1%80%d0%b8%d1%82%d0%b5%d0%bb%d0%bd%d0%be%d1%81%d1%82\/","url":"https:\/\/vanyaivanova.eu\/%d0%bf%d0%be%d0%bb%d0%b8%d1%82%d0%b8%d0%ba%d0%b0-%d0%b7%d0%b0-%d0%bf%d0%be%d0%b2%d0%b5%d1%80%d0%b8%d1%82%d0%b5%d0%bb%d0%bd%d0%be%d1%81%d1%82\/","name":"\u041f\u043e\u043b\u0438\u0442\u0438\u043a\u0430 \u0437\u0430 \u043f\u043e\u0432\u0435\u0440\u0438\u0442\u0435\u043b\u043d\u043e\u0441\u0442 - Vanya Ivanova","isPartOf":{"@id":"https:\/\/vanyaivanova.eu\/#website"},"datePublished":"2020-12-09T13:11:10+00:00","dateModified":"2020-12-09T13:17:09+00:00","description":"\u041f\u0440\u043e\u0447\u0435\u0442\u0435\u0442\u0435 \u043f\u043e\u0432\u0435\u0447\u0435 \u0437\u0430 \u041f\u043e\u043b\u0438\u0442\u0438\u043a\u0430 \u0437\u0430 \u043f\u043e\u0432\u0435\u0440\u0438\u0442\u0435\u043b\u043d\u043e\u0441\u0442 \u043e\u0442 \u0421\u0430\u0439\u0442 \u2013 vanyaivanova.eu \u2013 \u043f\u0441\u0438\u0445\u043e\u043b\u043e\u0433 \u2013 \u043a\u043e\u043d\u0441\u0443\u043b\u0442\u0430\u043d\u0442.","breadcrumb":{"@id":"https:\/\/vanyaivanova.eu\/%d0%bf%d0%be%d0%bb%d0%b8%d1%82%d0%b8%d0%ba%d0%b0-%d0%b7%d0%b0-%d0%bf%d0%be%d0%b2%d0%b5%d1%80%d0%b8%d1%82%d0%b5%d0%bb%d0%bd%d0%be%d1%81%d1%82\/#breadcrumb"},"inLanguage":"fr-FR","potentialAction":[{"@type":"ReadAction","target":["https:\/\/vanyaivanova.eu\/%d0%bf%d0%be%d0%bb%d0%b8%d1%82%d0%b8%d0%ba%d0%b0-%d0%b7%d0%b0-%d0%bf%d0%be%d0%b2%d0%b5%d1%80%d0%b8%d1%82%d0%b5%d0%bb%d0%bd%d0%be%d1%81%d1%82\/"]}]},{"@type":"BreadcrumbList","@id":"https:\/\/vanyaivanova.eu\/%d0%bf%d0%be%d0%bb%d0%b8%d1%82%d0%b8%d0%ba%d0%b0-%d0%b7%d0%b0-%d0%bf%d0%be%d0%b2%d0%b5%d1%80%d0%b8%d1%82%d0%b5%d0%bb%d0%bd%d0%be%d1%81%d1%82\/#breadcrumb","itemListElement":[{"@type":"ListItem","position":1,"name":"\u041d\u0430\u0447\u0430\u043b\u043e","item":"https:\/\/vanyaivanova.eu\/"},{"@type":"ListItem","position":2,"name":"\u041f\u043e\u043b\u0438\u0442\u0438\u043a\u0430 \u0437\u0430 \u043f\u043e\u0432\u0435\u0440\u0438\u0442\u0435\u043b\u043d\u043e\u0441\u0442"}]},{"@type":"WebSite","@id":"https:\/\/vanyaivanova.eu\/#website","url":"https:\/\/vanyaivanova.eu\/","name":"Vanya Ivanova","description":"Vanya Ivanova","publisher":{"@id":"https:\/\/vanyaivanova.eu\/#\/schema\/person\/262fb9ea8198a347c4a8aaeba79b6aca"},"potentialAction":[{"@type":"SearchAction","target":{"@type":"EntryPoint","urlTemplate":"https:\/\/vanyaivanova.eu\/?s={search_term_string}"},"query-input":{"@type":"PropertyValueSpecification","valueRequired":true,"valueName":"search_term_string"}}],"inLanguage":"fr-FR"},{"@type":["Person","Organization"],"@id":"https:\/\/vanyaivanova.eu\/#\/schema\/person\/262fb9ea8198a347c4a8aaeba79b6aca","name":"Vanya Ivanova","image":{"@type":"ImageObject","inLanguage":"fr-FR","@id":"https:\/\/vanyaivanova.eu\/#\/schema\/person\/image\/","url":"https:\/\/vanyaivanova.eu\/wp-content\/uploads\/2020\/12\/VanyaIvanova-1.png","contentUrl":"https:\/\/vanyaivanova.eu\/wp-content\/uploads\/2020\/12\/VanyaIvanova-1.png","width":448,"height":77,"caption":"Vanya Ivanova"},"logo":{"@id":"https:\/\/vanyaivanova.eu\/#\/schema\/person\/image\/"}}]}},"_links":{"self":[{"href":"https:\/\/vanyaivanova.eu\/fr\/wp-json\/wp\/v2\/pages\/420","targetHints":{"allow":["GET"]}}],"collection":[{"href":"https:\/\/vanyaivanova.eu\/fr\/wp-json\/wp\/v2\/pages"}],"about":[{"href":"https:\/\/vanyaivanova.eu\/fr\/wp-json\/wp\/v2\/types\/page"}],"author":[{"embeddable":true,"href":"https:\/\/vanyaivanova.eu\/fr\/wp-json\/wp\/v2\/users\/2"}],"replies":[{"embeddable":true,"href":"https:\/\/vanyaivanova.eu\/fr\/wp-json\/wp\/v2\/comments?post=420"}],"version-history":[{"count":5,"href":"https:\/\/vanyaivanova.eu\/fr\/wp-json\/wp\/v2\/pages\/420\/revisions"}],"predecessor-version":[{"id":430,"href":"https:\/\/vanyaivanova.eu\/fr\/wp-json\/wp\/v2\/pages\/420\/revisions\/430"}],"wp:attachment":[{"href":"https:\/\/vanyaivanova.eu\/fr\/wp-json\/wp\/v2\/media?parent=420"}],"wp:term":[{"taxonomy":"simple-restrict-permission","embeddable":true,"href":"https:\/\/vanyaivanova.eu\/fr\/wp-json\/wp\/v2\/simple-restrict-permission?post=420"}],"curies":[{"name":"wp","href":"https:\/\/api.w.org\/{rel}","templated":true}]}}