{"id":73,"date":"2020-12-05T06:55:17","date_gmt":"2020-12-05T06:55:17","guid":{"rendered":"https:\/\/vanyaivanova.eu\/?page_id=73"},"modified":"2022-11-14T14:22:51","modified_gmt":"2022-11-14T14:22:51","slug":"%d0%b1%d1%83%d1%82%d0%b8%d0%ba%d0%be%d0%b2-%d0%ba%d0%bb%d1%83%d0%b1-%d0%b1%d0%b8%d0%b6%d1%83","status":"publish","type":"page","link":"https:\/\/vanyaivanova.eu\/fr\/%d0%b1%d1%83%d1%82%d0%b8%d0%ba%d0%be%d0%b2-%d0%ba%d0%bb%d1%83%d0%b1-%d0%b1%d0%b8%d0%b6%d1%83\/","title":{"rendered":"Club boutique BIJOU"},"content":{"rendered":"<p>[et_pb_section fb_built=&#8220;1&#8243; fullwidth=&#8220;on&#8220; _builder_version=&#8220;4.7.4&#8243; background_image=&#8220;https:\/\/vanyaivanova.eu\/wp-content\/uploads\/2020\/12\/life-coach-27.jpg&#8220; bottom_divider_style=&#8220;slant&#8220; bottom_divider_color=&#8220;#d7dce5&#8243; bottom_divider_flip=&#8220;horizontal&#8220;][et_pb_fullwidth_header title=&#8220;\u0411\u0443\u0442\u0438\u043a\u043e\u0432 \u043a\u043b\u0443\u0431 %22\u0411\u0438\u0436\u0443%22&#8243; text_orientation=&#8220;center&#8220; background_overlay_color=&#8220;rgba(0,0,0,0.23)&#8220; _builder_version=&#8220;4.7.4&#8243; title_font=&#8220;Manrope|700|||||||&#8220; title_text_color=&#8220;#d7dce5&#8243; title_font_size=&#8220;64px&#8220; title_letter_spacing=&#8220;1px&#8220; title_line_height=&#8220;1.5em&#8220; content_font=&#8220;Lato||||||||&#8220; content_font_size=&#8220;20px&#8220; content_line_height=&#8220;1.8em&#8220; subhead_font=&#8220;Lato|700|||||||&#8220; subhead_font_size=&#8220;25px&#8220; subhead_line_height=&#8220;1.5em&#8220; background_color=&#8220;#afafaf&#8220; background_image=&#8220;https:\/\/vanyaivanova.eu\/wp-content\/uploads\/2020\/12\/life-coach-27.jpg&#8220; parallax=&#8220;on&#8220; custom_button_one=&#8220;on&#8220; button_one_text_size=&#8220;14px&#8220; button_one_text_color=&#8220;#ffffff&#8220; button_one_bg_color=&#8220;#ffb356&#8243; button_one_border_width=&#8220;12px&#8220; button_one_border_color=&#8220;#ffb356&#8243; button_one_border_radius=&#8220;50px&#8220; button_one_letter_spacing=&#8220;2px&#8220; button_one_font=&#8220;Lato|900||on|||||&#8220; button_one_icon=&#8220;%%3%%&#8220; custom_button_two=&#8220;on&#8220; button_two_text_size=&#8220;14px&#8220; button_two_text_color=&#8220;#ffffff&#8220; button_two_bg_color=&#8220;#ffb356&#8243; button_two_border_width=&#8220;12px&#8220; button_two_border_color=&#8220;#ffb356&#8243; button_two_border_radius=&#8220;50px&#8220; button_two_letter_spacing=&#8220;2px&#8220; button_two_font=&#8220;Lato|900||on|||||&#8220; button_two_icon=&#8220;%%3%%&#8220; custom_margin=&#8220;|||&#8220; custom_padding=&#8220;5vw||150px||false&#8220; animation_style=&#8220;slide&#8220; animation_direction=&#8220;top&#8220; animation_intensity_slide=&#8220;2%&#8220; title_font_size_tablet=&#8220;36px&#8220; title_font_size_phone=&#8220;36px&#8220; title_font_size_last_edited=&#8220;on|phone&#8220; title_text_shadow_style=&#8220;preset4&#8243; button_one_text_size__hover_enabled=&#8220;off&#8220; button_two_text_size__hover_enabled=&#8220;off&#8220; button_one_text_color__hover_enabled=&#8220;off&#8220; button_two_text_color__hover_enabled=&#8220;off&#8220; button_one_border_width__hover_enabled=&#8220;off&#8220; button_two_border_width__hover_enabled=&#8220;off&#8220; button_one_border_color__hover_enabled=&#8220;off&#8220; button_two_border_color__hover_enabled=&#8220;off&#8220; button_one_border_radius__hover_enabled=&#8220;off&#8220; button_two_border_radius__hover_enabled=&#8220;off&#8220; button_one_letter_spacing__hover_enabled=&#8220;off&#8220; button_two_letter_spacing__hover_enabled=&#8220;off&#8220; button_one_bg_color__hover_enabled=&#8220;off&#8220; button_two_bg_color__hover_enabled=&#8220;off&#8220;][\/et_pb_fullwidth_header][\/et_pb_section][et_pb_section fb_built=&#8220;1&#8243; admin_label=&#8220;Blog&#8220; _builder_version=&#8220;4.7.4&#8243; background_color=&#8220;#FFFFFF&#8220; custom_padding=&#8220;|||&#8220;][et_pb_row _builder_version=&#8220;4.7.4&#8243; _module_preset=&#8220;default&#8220; custom_padding=&#8220;|||0px||&#8220;][et_pb_column type=&#8220;4_4&#8243; _builder_version=&#8220;4.7.4&#8243; _module_preset=&#8220;default&#8220;][et_pb_text _builder_version=&#8220;4.7.4&#8243; _module_preset=&#8220;default&#8220; text_font=&#8220;Manrope||||||||&#8220; text_text_color=&#8220;#6b6b6b&#8220; text_font_size=&#8220;16px&#8220; text_letter_spacing=&#8220;1px&#8220; width=&#8220;100%&#8220; min_height=&#8220;534px&#8220;]<\/p>\n<p>&nbsp;<\/p>\n<p>\u00a0Le club boutique BIJOU est un nouveau projet moderne. L'objectif est que chaque membre du club :<\/p>\n<ul>\n<li>Soit dans une communaut\u00e9 et ne se sente pas seul ;<\/li>\n<li>Cr\u00e9er ses d\u00e9sirs et ses r\u00eaves ;<\/li>\n<li>Aider son prochain ;<\/li>\n<li>S'entraider mutuellement ;<\/li>\n<li>Se soutenir ;<\/li>\n<li>Chacun doit cr\u00e9er, \u0153uvrer en libert\u00e9, en pensant qu'il n'est pas seul ;<\/li>\n<li>Souhaiter et r\u00eaver ;<\/li>\n<li>Diffuser le bien ;<\/li>\n<li>Chacun doit gagner honn\u00eatement et inspirer \u00e0 travers son activit\u00e9 ;<\/li>\n<li>Vivre avec satisfaction ;<\/li>\n<li>Chacun doit rechercher sa propre v\u00e9rit\u00e9 ;<\/li>\n<li>Soutenir la venue de la nouvelle vie\u2026<\/li>\n<\/ul>\n<p>&nbsp;<\/p>\n<p>Activit\u00e9 1 : Toute personne qui lance une petite entreprise ind\u00e9pendante (le moment est venu de r\u00e9aliser son r\u00eave) b\u00e9n\u00e9ficiera d'un soutien moral, psychologique et juridique.<\/p>\n<p>Activit\u00e9 2 : Regroupement des cr\u00e9ateurs ayant une pratique ind\u00e9pendante.<\/p>\n<p>Activit\u00e9 3 : Soutien aux familles, partenaires et individus ayant des probl\u00e8mes de reproduction \u2013 contactez la psychologue Ivanova au 0893 216 342.\u00a0<\/p>\n<p>[\/et_pb_text][\/et_pb_column][\/et_pb_row][et_pb_row column_structure=&#8220;1_2,1_2&#8243; disabled_on=&#8220;on|off|off&#8220; _builder_version=&#8220;4.7.4&#8243; _module_preset=&#8220;default&#8220;][et_pb_column type=&#8220;1_2&#8243; _builder_version=&#8220;4.7.4&#8243; _module_preset=&#8220;default&#8220;][et_pb_button button_url=&#8220;https:\/\/vanyaivanova.eu\/%d0%bc%d0%b0%d0%b3%d0%b0%d0%b7%d0%b8%d0%bd-%d0%bc%d0%b0%d0%b3%d0%b8%d1%87%d0%b5%d0%bd-%d1%81%d0%b2%d1%8f%d1%82\/&#8220; button_text=&#8220;\u041c\u0430\u0433\u0438\u0447\u0435\u043d \u0441\u0432\u044f\u0442&#8220; button_alignment=&#8220;right&#8220; _builder_version=&#8220;4.7.4&#8243; _module_preset=&#8220;default&#8220; custom_button=&#8220;on&#8220; button_text_size=&#8220;20px&#8220; button_text_color=&#8220;#FFFFFF&#8220; button_bg_color=&#8220;rgba(0,0,0,0)&#8220; button_border_width=&#8220;2px&#8220; button_border_color=&#8220;#FFFFFF&#8220; button_border_radius=&#8220;0px&#8220; button_letter_spacing=&#8220;1px&#8220; button_font=&#8220;Manrope|800|||||||&#8220; custom_margin=&#8220;||0px||false|false&#8220;][\/et_pb_button][\/et_pb_column][et_pb_column type=&#8220;1_2&#8243; _builder_version=&#8220;4.7.4&#8243; _module_preset=&#8220;default&#8220;][et_pb_button button_url=&#8220;https:\/\/vanyaivanova.eu\/%d0%ba%d0%bd%d0%b8%d0%b3%d0%be%d0%b4%d0%bd%d0%b5%d0%b2%d0%bd%d0%b8%d0%ba-%d0%b1%d0%b8%d0%b6%d1%83\/&#8220; button_text=&#8220;\u041a\u043d\u0438\u0433\u043e\u0434\u043d\u0435\u0432\u043d\u0438\u043a&#8220; button_alignment=&#8220;left&#8220; _builder_version=&#8220;4.7.4&#8243; _module_preset=&#8220;default&#8220; custom_button=&#8220;on&#8220; button_text_color=&#8220;#FFFFFF&#8220; button_bg_color=&#8220;rgba(0,0,0,0)&#8220; button_border_width=&#8220;2px&#8220; button_border_color=&#8220;#FFFFFF&#8220; button_border_radius=&#8220;0px&#8220; button_letter_spacing=&#8220;1px&#8220; button_font=&#8220;Manrope|700|||||||&#8220; custom_margin=&#8220;||0px||false|false&#8220;][\/et_pb_button][\/et_pb_column][\/et_pb_row][\/et_pb_section][et_pb_section fb_built=&#8220;1&#8243; admin_label=&#8220;Publications&#8220; _builder_version=&#8220;4.7.4&#8243; background_color=&#8220;#000000&#8243; use_background_color_gradient=&#8220;on&#8220; background_color_gradient_start=&#8220;#e8e8e8&#8243; background_color_gradient_end=&#8220;rgba(255,255,255,0.7)&#8220; background_color_gradient_overlays_image=&#8220;on&#8220; background_image=&#8220;https:\/\/vanyaivanova.eu\/wp-content\/uploads\/2020\/12\/life-coach-27.jpg&#8220; parallax=&#8220;on&#8220; parallax_method=&#8220;off&#8220; width=&#8220;100%&#8220; min_height=&#8220;352px&#8220; custom_margin=&#8220;|||&#8220; custom_padding=&#8220;0px||0px||true|false&#8220; top_divider_style=&#8220;slant&#8220; top_divider_color=&#8220;#d7dce5&#8243; top_divider_flip=&#8220;vertical&#8220; top_divider_arrangement=&#8220;above_content&#8220; bottom_divider_style=&#8220;slant&#8220; bottom_divider_color=&#8220;#d7dce5&#8243; bottom_divider_flip=&#8220;vertical&#8220; bottom_divider_arrangement=&#8220;above_content&#8220; locked=&#8220;off&#8220;][\/et_pb_section]<\/p>","protected":false},"excerpt":{"rendered":"<p>&nbsp; \u00a0\u0411\u0443\u0442\u0438\u043a\u043e\u0432 \u043a\u043b\u0443\u0431 \u0411\u0418\u0416\u0423 \u0435 \u043d\u043e\u0432, \u0441\u044a\u0432\u0440\u0435\u043c\u0435\u043d\u0435\u043d \u043f\u0440\u043e\u0435\u043a\u0442. \u0426\u0435\u043b\u0442\u0430 \u0435, \u0432\u0441\u0435\u043a\u0438 \u0435\u0434\u0438\u043d \u0447\u043e\u0432\u0435\u043a \u043e\u0442 \u043a\u043b\u0443\u0431\u0430: \u0414\u0430 \u0431\u044a\u0434\u0435 \u0432 \u043e\u0431\u0449\u043d\u043e\u0441\u0442 \u0438 \u043d\u0435 \u0441\u0435 \u0447\u0443\u0432\u0441\u0442\u0432\u0430 \u0441\u0430\u043c; \u0421\u044a\u0442\u0432\u043e\u0440\u044f\u0432\u0430 \u0436\u0435\u043b\u0430\u043d\u0438\u044f\u0442\u0430 \u0438 \u043c\u0435\u0447\u0442\u0438\u0442\u0435 \u0441\u0438; \u0414\u0430 \u043f\u043e\u043c\u0430\u0433\u0430 \u043d\u0430 \u0431\u043b\u0438\u0436\u043d\u0438\u044f \u0441\u0438; \u0414\u0430 \u0441\u0438 \u043f\u043e\u043c\u0430\u0433\u0430\u043c\u0435 \u0432\u0437\u0430\u0438\u043c\u043d\u043e; \u0414\u0430 \u0441\u0435 \u043f\u043e\u0434\u043a\u0440\u0435\u043f\u044f\u043c\u0435; \u0412\u0441\u0435\u043a\u0438 \u0434\u0430 \u0442\u0432\u043e\u0440\u0438, \u0441\u044a\u0442\u0432\u043e\u0440\u044f\u0432\u0430 \u0432 \u0441\u0432\u043e\u0431\u043e\u0434\u0430 \u0438 \u0441 \u043c\u0438\u0441\u044a\u043b\u0442\u0430, \u0447\u0435 \u043d\u0435 \u0435 \u0441\u0430\u043c; \u0414\u0430 [&hellip;]<\/p>","protected":false},"author":2,"featured_media":0,"parent":0,"menu_order":0,"comment_status":"closed","ping_status":"closed","template":"","meta":{"_et_pb_use_builder":"on","_et_pb_old_content":"","_et_gb_content_width":"","footnotes":""},"simple-restrict-permission":[],"class_list":["post-73","page","type-page","status-publish","hentry"],"yoast_head":"<!-- This site is optimized with the Yoast SEO plugin v24.1 - https:\/\/yoast.com\/wordpress\/plugins\/seo\/ -->\n<title>\u0411\u0443\u0442\u0438\u043a\u043e\u0432 \u043a\u043b\u0443\u0431 \u0411\u0418\u0416\u0423 - Vanya Ivanova<\/title>\n<meta name=\"description\" content=\"\u041f\u0440\u043e\u0447\u0435\u0442\u0435\u0442\u0435 \u043f\u043e\u0432\u0435\u0447\u0435 \u0437\u0430 \u0411\u0443\u0442\u0438\u043a\u043e\u0432 \u043a\u043b\u0443\u0431 \u0411\u0418\u0416\u0423 \u043e\u0442 \u0421\u0430\u0439\u0442 \u2013 vanyaivanova.eu \u2013 \u043f\u0441\u0438\u0445\u043e\u043b\u043e\u0433 \u2013 \u043a\u043e\u043d\u0441\u0443\u043b\u0442\u0430\u043d\u0442.\" \/>\n<meta name=\"robots\" content=\"index, follow, max-snippet:-1, max-image-preview:large, max-video-preview:-1\" \/>\n<link rel=\"canonical\" href=\"https:\/\/vanyaivanova.eu\/fr\/\u0431\u0443\u0442\u0438\u043a\u043e\u0432-\u043a\u043b\u0443\u0431-\u0431\u0438\u0436\u0443\/\" \/>\n<meta property=\"og:locale\" content=\"fr_FR\" \/>\n<meta property=\"og:type\" content=\"article\" \/>\n<meta property=\"og:title\" content=\"\u0411\u0443\u0442\u0438\u043a\u043e\u0432 \u043a\u043b\u0443\u0431 \u0411\u0418\u0416\u0423 - Vanya Ivanova\" \/>\n<meta property=\"og:description\" content=\"\u041f\u0440\u043e\u0447\u0435\u0442\u0435\u0442\u0435 \u043f\u043e\u0432\u0435\u0447\u0435 \u0437\u0430 \u0411\u0443\u0442\u0438\u043a\u043e\u0432 \u043a\u043b\u0443\u0431 \u0411\u0418\u0416\u0423 \u043e\u0442 \u0421\u0430\u0439\u0442 \u2013 vanyaivanova.eu \u2013 \u043f\u0441\u0438\u0445\u043e\u043b\u043e\u0433 \u2013 \u043a\u043e\u043d\u0441\u0443\u043b\u0442\u0430\u043d\u0442.\" \/>\n<meta property=\"og:url\" content=\"https:\/\/vanyaivanova.eu\/fr\/\u0431\u0443\u0442\u0438\u043a\u043e\u0432-\u043a\u043b\u0443\u0431-\u0431\u0438\u0436\u0443\/\" \/>\n<meta property=\"og:site_name\" content=\"Vanya Ivanova\" \/>\n<meta property=\"article:modified_time\" content=\"2022-11-14T14:22:51+00:00\" \/>\n<meta property=\"og:image\" content=\"https:\/\/vanyaivanova.eu\/wp-content\/uploads\/2020\/12\/thumbnail.jpg\" \/>\n\t<meta property=\"og:image:width\" content=\"1578\" \/>\n\t<meta property=\"og:image:height\" content=\"774\" \/>\n\t<meta property=\"og:image:type\" content=\"image\/jpeg\" \/>\n<meta name=\"twitter:card\" content=\"summary_large_image\" \/>\n<meta name=\"twitter:label1\" content=\"Dur\u00e9e de lecture estim\u00e9e\" \/>\n\t<meta name=\"twitter:data1\" content=\"4 minutes\" \/>\n<script type=\"application\/ld+json\" class=\"yoast-schema-graph\">{\"@context\":\"https:\/\/schema.org\",\"@graph\":[{\"@type\":\"WebPage\",\"@id\":\"https:\/\/vanyaivanova.eu\/%d0%b1%d1%83%d1%82%d0%b8%d0%ba%d0%be%d0%b2-%d0%ba%d0%bb%d1%83%d0%b1-%d0%b1%d0%b8%d0%b6%d1%83\/\",\"url\":\"https:\/\/vanyaivanova.eu\/%d0%b1%d1%83%d1%82%d0%b8%d0%ba%d0%be%d0%b2-%d0%ba%d0%bb%d1%83%d0%b1-%d0%b1%d0%b8%d0%b6%d1%83\/\",\"name\":\"\u0411\u0443\u0442\u0438\u043a\u043e\u0432 \u043a\u043b\u0443\u0431 \u0411\u0418\u0416\u0423 - Vanya Ivanova\",\"isPartOf\":{\"@id\":\"https:\/\/vanyaivanova.eu\/#website\"},\"datePublished\":\"2020-12-05T06:55:17+00:00\",\"dateModified\":\"2022-11-14T14:22:51+00:00\",\"description\":\"\u041f\u0440\u043e\u0447\u0435\u0442\u0435\u0442\u0435 \u043f\u043e\u0432\u0435\u0447\u0435 \u0437\u0430 \u0411\u0443\u0442\u0438\u043a\u043e\u0432 \u043a\u043b\u0443\u0431 \u0411\u0418\u0416\u0423 \u043e\u0442 \u0421\u0430\u0439\u0442 \u2013 vanyaivanova.eu \u2013 \u043f\u0441\u0438\u0445\u043e\u043b\u043e\u0433 \u2013 \u043a\u043e\u043d\u0441\u0443\u043b\u0442\u0430\u043d\u0442.\",\"breadcrumb\":{\"@id\":\"https:\/\/vanyaivanova.eu\/%d0%b1%d1%83%d1%82%d0%b8%d0%ba%d0%be%d0%b2-%d0%ba%d0%bb%d1%83%d0%b1-%d0%b1%d0%b8%d0%b6%d1%83\/#breadcrumb\"},\"inLanguage\":\"fr-FR\",\"potentialAction\":[{\"@type\":\"ReadAction\",\"target\":[\"https:\/\/vanyaivanova.eu\/%d0%b1%d1%83%d1%82%d0%b8%d0%ba%d0%be%d0%b2-%d0%ba%d0%bb%d1%83%d0%b1-%d0%b1%d0%b8%d0%b6%d1%83\/\"]}]},{\"@type\":\"BreadcrumbList\",\"@id\":\"https:\/\/vanyaivanova.eu\/%d0%b1%d1%83%d1%82%d0%b8%d0%ba%d0%be%d0%b2-%d0%ba%d0%bb%d1%83%d0%b1-%d0%b1%d0%b8%d0%b6%d1%83\/#breadcrumb\",\"itemListElement\":[{\"@type\":\"ListItem\",\"position\":1,\"name\":\"\u041d\u0430\u0447\u0430\u043b\u043e\",\"item\":\"https:\/\/vanyaivanova.eu\/\"},{\"@type\":\"ListItem\",\"position\":2,\"name\":\"\u0411\u0443\u0442\u0438\u043a\u043e\u0432 \u043a\u043b\u0443\u0431 \u0411\u0418\u0416\u0423\"}]},{\"@type\":\"WebSite\",\"@id\":\"https:\/\/vanyaivanova.eu\/#website\",\"url\":\"https:\/\/vanyaivanova.eu\/\",\"name\":\"Vanya Ivanova\",\"description\":\"Vanya Ivanova\",\"publisher\":{\"@id\":\"https:\/\/vanyaivanova.eu\/#\/schema\/person\/262fb9ea8198a347c4a8aaeba79b6aca\"},\"potentialAction\":[{\"@type\":\"SearchAction\",\"target\":{\"@type\":\"EntryPoint\",\"urlTemplate\":\"https:\/\/vanyaivanova.eu\/?s={search_term_string}\"},\"query-input\":{\"@type\":\"PropertyValueSpecification\",\"valueRequired\":true,\"valueName\":\"search_term_string\"}}],\"inLanguage\":\"fr-FR\"},{\"@type\":[\"Person\",\"Organization\"],\"@id\":\"https:\/\/vanyaivanova.eu\/#\/schema\/person\/262fb9ea8198a347c4a8aaeba79b6aca\",\"name\":\"Vanya Ivanova\",\"image\":{\"@type\":\"ImageObject\",\"inLanguage\":\"fr-FR\",\"@id\":\"https:\/\/vanyaivanova.eu\/#\/schema\/person\/image\/\",\"url\":\"https:\/\/vanyaivanova.eu\/wp-content\/uploads\/2020\/12\/VanyaIvanova-1.png\",\"contentUrl\":\"https:\/\/vanyaivanova.eu\/wp-content\/uploads\/2020\/12\/VanyaIvanova-1.png\",\"width\":448,\"height\":77,\"caption\":\"Vanya Ivanova\"},\"logo\":{\"@id\":\"https:\/\/vanyaivanova.eu\/#\/schema\/person\/image\/\"}}]}<\/script>\n<!-- \/ Yoast SEO plugin. -->","yoast_head_json":{"title":"\u0411\u0443\u0442\u0438\u043a\u043e\u0432 \u043a\u043b\u0443\u0431 \u0411\u0418\u0416\u0423 - Vanya Ivanova","description":"\u041f\u0440\u043e\u0447\u0435\u0442\u0435\u0442\u0435 \u043f\u043e\u0432\u0435\u0447\u0435 \u0437\u0430 \u0411\u0443\u0442\u0438\u043a\u043e\u0432 \u043a\u043b\u0443\u0431 \u0411\u0418\u0416\u0423 \u043e\u0442 \u0421\u0430\u0439\u0442 \u2013 vanyaivanova.eu \u2013 \u043f\u0441\u0438\u0445\u043e\u043b\u043e\u0433 \u2013 \u043a\u043e\u043d\u0441\u0443\u043b\u0442\u0430\u043d\u0442.","robots":{"index":"index","follow":"follow","max-snippet":"max-snippet:-1","max-image-preview":"max-image-preview:large","max-video-preview":"max-video-preview:-1"},"canonical":"https:\/\/vanyaivanova.eu\/fr\/\u0431\u0443\u0442\u0438\u043a\u043e\u0432-\u043a\u043b\u0443\u0431-\u0431\u0438\u0436\u0443\/","og_locale":"fr_FR","og_type":"article","og_title":"\u0411\u0443\u0442\u0438\u043a\u043e\u0432 \u043a\u043b\u0443\u0431 \u0411\u0418\u0416\u0423 - Vanya Ivanova","og_description":"\u041f\u0440\u043e\u0447\u0435\u0442\u0435\u0442\u0435 \u043f\u043e\u0432\u0435\u0447\u0435 \u0437\u0430 \u0411\u0443\u0442\u0438\u043a\u043e\u0432 \u043a\u043b\u0443\u0431 \u0411\u0418\u0416\u0423 \u043e\u0442 \u0421\u0430\u0439\u0442 \u2013 vanyaivanova.eu \u2013 \u043f\u0441\u0438\u0445\u043e\u043b\u043e\u0433 \u2013 \u043a\u043e\u043d\u0441\u0443\u043b\u0442\u0430\u043d\u0442.","og_url":"https:\/\/vanyaivanova.eu\/fr\/\u0431\u0443\u0442\u0438\u043a\u043e\u0432-\u043a\u043b\u0443\u0431-\u0431\u0438\u0436\u0443\/","og_site_name":"Vanya Ivanova","article_modified_time":"2022-11-14T14:22:51+00:00","og_image":[{"width":1578,"height":774,"url":"https:\/\/vanyaivanova.eu\/wp-content\/uploads\/2020\/12\/thumbnail.jpg","type":"image\/jpeg"}],"twitter_card":"summary_large_image","twitter_misc":{"Dur\u00e9e de lecture estim\u00e9e":"4 minutes"},"schema":{"@context":"https:\/\/schema.org","@graph":[{"@type":"WebPage","@id":"https:\/\/vanyaivanova.eu\/%d0%b1%d1%83%d1%82%d0%b8%d0%ba%d0%be%d0%b2-%d0%ba%d0%bb%d1%83%d0%b1-%d0%b1%d0%b8%d0%b6%d1%83\/","url":"https:\/\/vanyaivanova.eu\/%d0%b1%d1%83%d1%82%d0%b8%d0%ba%d0%be%d0%b2-%d0%ba%d0%bb%d1%83%d0%b1-%d0%b1%d0%b8%d0%b6%d1%83\/","name":"\u0411\u0443\u0442\u0438\u043a\u043e\u0432 \u043a\u043b\u0443\u0431 \u0411\u0418\u0416\u0423 - Vanya Ivanova","isPartOf":{"@id":"https:\/\/vanyaivanova.eu\/#website"},"datePublished":"2020-12-05T06:55:17+00:00","dateModified":"2022-11-14T14:22:51+00:00","description":"\u041f\u0440\u043e\u0447\u0435\u0442\u0435\u0442\u0435 \u043f\u043e\u0432\u0435\u0447\u0435 \u0437\u0430 \u0411\u0443\u0442\u0438\u043a\u043e\u0432 \u043a\u043b\u0443\u0431 \u0411\u0418\u0416\u0423 \u043e\u0442 \u0421\u0430\u0439\u0442 \u2013 vanyaivanova.eu \u2013 \u043f\u0441\u0438\u0445\u043e\u043b\u043e\u0433 \u2013 \u043a\u043e\u043d\u0441\u0443\u043b\u0442\u0430\u043d\u0442.","breadcrumb":{"@id":"https:\/\/vanyaivanova.eu\/%d0%b1%d1%83%d1%82%d0%b8%d0%ba%d0%be%d0%b2-%d0%ba%d0%bb%d1%83%d0%b1-%d0%b1%d0%b8%d0%b6%d1%83\/#breadcrumb"},"inLanguage":"fr-FR","potentialAction":[{"@type":"ReadAction","target":["https:\/\/vanyaivanova.eu\/%d0%b1%d1%83%d1%82%d0%b8%d0%ba%d0%be%d0%b2-%d0%ba%d0%bb%d1%83%d0%b1-%d0%b1%d0%b8%d0%b6%d1%83\/"]}]},{"@type":"BreadcrumbList","@id":"https:\/\/vanyaivanova.eu\/%d0%b1%d1%83%d1%82%d0%b8%d0%ba%d0%be%d0%b2-%d0%ba%d0%bb%d1%83%d0%b1-%d0%b1%d0%b8%d0%b6%d1%83\/#breadcrumb","itemListElement":[{"@type":"ListItem","position":1,"name":"\u041d\u0430\u0447\u0430\u043b\u043e","item":"https:\/\/vanyaivanova.eu\/"},{"@type":"ListItem","position":2,"name":"\u0411\u0443\u0442\u0438\u043a\u043e\u0432 \u043a\u043b\u0443\u0431 \u0411\u0418\u0416\u0423"}]},{"@type":"WebSite","@id":"https:\/\/vanyaivanova.eu\/#website","url":"https:\/\/vanyaivanova.eu\/","name":"Vanya Ivanova","description":"Vanya Ivanova","publisher":{"@id":"https:\/\/vanyaivanova.eu\/#\/schema\/person\/262fb9ea8198a347c4a8aaeba79b6aca"},"potentialAction":[{"@type":"SearchAction","target":{"@type":"EntryPoint","urlTemplate":"https:\/\/vanyaivanova.eu\/?s={search_term_string}"},"query-input":{"@type":"PropertyValueSpecification","valueRequired":true,"valueName":"search_term_string"}}],"inLanguage":"fr-FR"},{"@type":["Person","Organization"],"@id":"https:\/\/vanyaivanova.eu\/#\/schema\/person\/262fb9ea8198a347c4a8aaeba79b6aca","name":"Vanya Ivanova","image":{"@type":"ImageObject","inLanguage":"fr-FR","@id":"https:\/\/vanyaivanova.eu\/#\/schema\/person\/image\/","url":"https:\/\/vanyaivanova.eu\/wp-content\/uploads\/2020\/12\/VanyaIvanova-1.png","contentUrl":"https:\/\/vanyaivanova.eu\/wp-content\/uploads\/2020\/12\/VanyaIvanova-1.png","width":448,"height":77,"caption":"Vanya Ivanova"},"logo":{"@id":"https:\/\/vanyaivanova.eu\/#\/schema\/person\/image\/"}}]}},"_links":{"self":[{"href":"https:\/\/vanyaivanova.eu\/fr\/wp-json\/wp\/v2\/pages\/73","targetHints":{"allow":["GET"]}}],"collection":[{"href":"https:\/\/vanyaivanova.eu\/fr\/wp-json\/wp\/v2\/pages"}],"about":[{"href":"https:\/\/vanyaivanova.eu\/fr\/wp-json\/wp\/v2\/types\/page"}],"author":[{"embeddable":true,"href":"https:\/\/vanyaivanova.eu\/fr\/wp-json\/wp\/v2\/users\/2"}],"replies":[{"embeddable":true,"href":"https:\/\/vanyaivanova.eu\/fr\/wp-json\/wp\/v2\/comments?post=73"}],"version-history":[{"count":9,"href":"https:\/\/vanyaivanova.eu\/fr\/wp-json\/wp\/v2\/pages\/73\/revisions"}],"predecessor-version":[{"id":1212,"href":"https:\/\/vanyaivanova.eu\/fr\/wp-json\/wp\/v2\/pages\/73\/revisions\/1212"}],"wp:attachment":[{"href":"https:\/\/vanyaivanova.eu\/fr\/wp-json\/wp\/v2\/media?parent=73"}],"wp:term":[{"taxonomy":"simple-restrict-permission","embeddable":true,"href":"https:\/\/vanyaivanova.eu\/fr\/wp-json\/wp\/v2\/simple-restrict-permission?post=73"}],"curies":[{"name":"wp","href":"https:\/\/api.w.org\/{rel}","templated":true}]}}