{"id":83,"date":"2020-12-05T06:58:57","date_gmt":"2020-12-05T06:58:57","guid":{"rendered":"https:\/\/vanyaivanova.eu\/?page_id=83"},"modified":"2020-12-15T07:27:17","modified_gmt":"2020-12-15T07:27:17","slug":"%d0%ba%d0%bd%d0%b8%d0%b3%d0%be%d0%b4%d0%bd%d0%b5%d0%b2%d0%bd%d0%b8%d0%ba-%d0%b1%d0%b8%d0%b6%d1%83","status":"publish","type":"page","link":"https:\/\/vanyaivanova.eu\/fr\/%d0%ba%d0%bd%d0%b8%d0%b3%d0%be%d0%b4%d0%bd%d0%b5%d0%b2%d0%bd%d0%b8%d0%ba-%d0%b1%d0%b8%d0%b6%d1%83\/","title":{"rendered":"Journal de lecture BIJOU"},"content":{"rendered":"<p>[et_pb_section fb_built=&#8220;1&#8243; fullwidth=&#8220;on&#8220; _builder_version=&#8220;4.7.4&#8243; background_color=&#8220;#FFFFFF&#8220; bottom_divider_style=&#8220;slant&#8220; bottom_divider_color=&#8220;#d7dce5&#8243; bottom_divider_flip=&#8220;horizontal&#8220;][et_pb_fullwidth_header title=&#8220;\u041a\u043d\u0438\u0433\u043e\u0434\u043d\u0435\u0432\u043d\u0438\u043a %22\u0411\u0438\u0436\u0443%22&#8243; text_orientation=&#8220;center&#8220; background_overlay_color=&#8220;rgba(0,0,0,0.12)&#8220; _builder_version=&#8220;4.7.4&#8243; title_font=&#8220;Manrope||||||||&#8220; title_text_color=&#8220;#becce5&#8243; title_font_size=&#8220;57px&#8220; title_letter_spacing=&#8220;1px&#8220; title_line_height=&#8220;1.5em&#8220; content_font=&#8220;Lato||||||||&#8220; content_font_size=&#8220;20px&#8220; content_line_height=&#8220;1.8em&#8220; subhead_font=&#8220;Lato|700|||||||&#8220; subhead_font_size=&#8220;25px&#8220; subhead_line_height=&#8220;1.5em&#8220; background_color=&#8220;#afafaf&#8220; background_image=&#8220;https:\/\/vanyaivanova.eu\/wp-content\/uploads\/2020\/12\/58376289_1005810019616494_8598645378381774848_o-1.jpg&#8220; parallax=&#8220;on&#8220; custom_button_one=&#8220;on&#8220; button_one_text_size=&#8220;14px&#8220; button_one_text_color=&#8220;#ffffff&#8220; button_one_bg_color=&#8220;#ffb356&#8243; button_one_border_width=&#8220;12px&#8220; button_one_border_color=&#8220;#ffb356&#8243; button_one_border_radius=&#8220;50px&#8220; button_one_letter_spacing=&#8220;2px&#8220; button_one_font=&#8220;Lato|900||on|||||&#8220; button_one_icon=&#8220;%%3%%&#8220; custom_button_two=&#8220;on&#8220; button_two_text_size=&#8220;14px&#8220; button_two_text_color=&#8220;#ffffff&#8220; button_two_bg_color=&#8220;#ffb356&#8243; button_two_border_width=&#8220;12px&#8220; button_two_border_color=&#8220;#ffb356&#8243; button_two_border_radius=&#8220;50px&#8220; button_two_letter_spacing=&#8220;2px&#8220; button_two_font=&#8220;Lato|900||on|||||&#8220; button_two_icon=&#8220;%%3%%&#8220; custom_margin=&#8220;|||&#8220; custom_padding=&#8220;5vw||116px||false|&#8220; custom_padding_tablet=&#8220;&#8220; custom_padding_phone=&#8220;10vw||10vw||true|false&#8220; custom_padding_last_edited=&#8220;on|phone&#8220; animation_style=&#8220;slide&#8220; animation_direction=&#8220;top&#8220; animation_intensity_slide=&#8220;2%&#8220; title_font_size_tablet=&#8220;36px&#8220; title_font_size_phone=&#8220;&#8220; title_font_size_last_edited=&#8220;on|phone&#8220; title_text_shadow_style=&#8220;preset4&#8243; button_one_text_size__hover_enabled=&#8220;off&#8220; button_two_text_size__hover_enabled=&#8220;off&#8220; button_one_text_color__hover_enabled=&#8220;off&#8220; button_two_text_color__hover_enabled=&#8220;off&#8220; button_one_border_width__hover_enabled=&#8220;off&#8220; button_two_border_width__hover_enabled=&#8220;off&#8220; button_one_border_color__hover_enabled=&#8220;off&#8220; button_two_border_color__hover_enabled=&#8220;off&#8220; button_one_border_radius__hover_enabled=&#8220;off&#8220; button_two_border_radius__hover_enabled=&#8220;off&#8220; button_one_letter_spacing__hover_enabled=&#8220;off&#8220; button_two_letter_spacing__hover_enabled=&#8220;off&#8220; button_one_bg_color__hover_enabled=&#8220;off&#8220; button_two_bg_color__hover_enabled=&#8220;off&#8220;][\/et_pb_fullwidth_header][\/et_pb_section][et_pb_section fb_built=&#8220;1&#8243; admin_label=&#8220;Blog&#8220; _builder_version=&#8220;4.7.4&#8243; background_color=&#8220;#FFFFFF&#8220; background_enable_image=&#8220;off&#8220; parallax=&#8220;on&#8220; min_height=&#8220;552px&#8220; custom_margin=&#8220;||-79px|||&#8220; custom_padding=&#8220;76px||0px|||&#8220;][et_pb_row column_structure=&#8220;1_2,1_2&#8243; _builder_version=&#8220;4.7.4&#8243; _module_preset=&#8220;default&#8220; custom_padding=&#8220;41px||87px|||&#8220;][et_pb_column type=&#8220;1_2&#8243; _builder_version=&#8220;4.7.4&#8243; _module_preset=&#8220;default&#8220;][et_pb_text _builder_version=&#8220;4.7.4&#8243; _module_preset=&#8220;default&#8220; text_font=&#8220;Manrope||||||||&#8220; text_text_color=&#8220;#898989&#8243; text_font_size=&#8220;16px&#8220; text_letter_spacing=&#8220;1px&#8220; custom_margin=&#8220;-68px|||||&#8220; custom_padding=&#8220;||0px|||&#8220;]<\/p>\n<p style=\"text-align: left;\"><strong>L'espace dans ce Bijou est uniquement pour vous.<\/strong>.<\/p>\n<p style=\"text-align: left;\">Bijou Diary est un v\u00e9ritable tr\u00e9sor d'exercices et de t\u00e2ches sur lesquels vous r\u00e9fl\u00e9chirez et travaillerez. Histoires de la vie d'une femme \u00ab ordinaire \u00bb. Pens\u00e9es sages de grands personnages et textes psychologiques et existentiels de travail, rassembl\u00e9s au fil des ann\u00e9es. Il est important pour moi que vous vous sentiez important, conscient, merveilleux et qu'\u00e0 la fin du Journal du Livre Biju, vous soyez s\u00fbr et convaincu que vous \u00eates le plus important de ce monde, que vous \u00eates unique et que vous m\u00e9ritez d'\u00eatre inspir\u00e9, un inspirateur et un personne heureuse. du 21e si\u00e8cle ! Le livre est un journal de bureau, pratique, partageable, \u00e9panouissant et narratif. La signification des diff\u00e9rents chapitres de ce livre est celle des pens\u00e9es humaines. Parfois bien rang\u00e9, parfois en d\u00e9sordre. Chaque titre porte sa propre \u00e9nergie et sa propre signification. Qu'est-ce qu'un bijou pour une personne ? Une pierre pr\u00e9cieuse, un collier ou...? Un bijou est un sourire, une pens\u00e9e pure, une bonne \u00e2me. Les d\u00e9sirs et leur cr\u00e9ation. Satisfaction.<\/p>\n<p style=\"text-align: left;\">\n<p>[\/et_pb_text][\/et_pb_column][et_pb_column type=&#8220;1_2&#8243; _builder_version=&#8220;4.7.4&#8243; _module_preset=&#8220;default&#8220;][et_pb_image src=&#8220;https:\/\/vanyaivanova.eu\/wp-content\/uploads\/2020\/12\/viber_\u0438\u0437\u043e\u0431\u0440\u0430\u0436\u0435\u043d\u0438\u0435_2020-11-13_13-24-38.jpg&#8220; title_text=&#8220;viber_\u0438\u0437\u043e\u0431\u0440\u0430\u0436\u0435\u043d\u0438\u0435_2020-11-13_13-24-38&#8243; _builder_version=&#8220;4.7.4&#8243; _module_preset=&#8220;default&#8220;][\/et_pb_image][et_pb_button button_url=&#8220;https:\/\/vanyaivanova.eu\/%d0%bc%d0%b0%d0%b3%d0%b0%d0%b7%d0%b8%d0%bd-%d0%bc%d0%b0%d0%b3%d0%b8%d1%87%d0%b5%d0%bd-%d1%81%d0%b2%d1%8f%d1%82\/&#8220; button_text=&#8220;\u041a\u044a\u043c \u043c\u0430\u0433\u0430\u0437\u0438\u043d\u0430&#8220; button_alignment=&#8220;center&#8220; _builder_version=&#8220;4.7.4&#8243; _module_preset=&#8220;default&#8220; custom_button=&#8220;on&#8220; button_text_size=&#8220;16px&#8220; button_text_color=&#8220;#757575&#8243; button_letter_spacing=&#8220;1px&#8220; button_font=&#8220;|800|||||||&#8220; hover_enabled=&#8220;0&#8243; sticky_enabled=&#8220;0&#8243;][\/et_pb_button][\/et_pb_column][\/et_pb_row][\/et_pb_section][et_pb_section fb_built=&#8220;1&#8243; custom_padding_last_edited=&#8220;on|phone&#8220; disabled_on=&#8220;off|off|off&#8220; admin_label=&#8220;Publications&#8220; _builder_version=&#8220;4.7.4&#8243; background_color=&#8220;#000000&#8243; use_background_color_gradient=&#8220;on&#8220; background_color_gradient_start=&#8220;#e8e8e8&#8243; background_color_gradient_end=&#8220;rgba(255,255,255,0.7)&#8220; background_color_gradient_overlays_image=&#8220;on&#8220; background_image=&#8220;https:\/\/vanyaivanova.eu\/wp-content\/uploads\/2020\/12\/58376289_1005810019616494_8598645378381774848_o-1.jpg&#8220; parallax=&#8220;on&#8220; parallax_method=&#8220;off&#8220; min_height=&#8220;488px&#8220; height_tablet=&#8220;&#8220; height_phone=&#8220;184px&#8220; height_last_edited=&#8220;on|phone&#8220; custom_margin=&#8220;2px|||||&#8220; custom_margin_tablet=&#8220;&#8220; custom_margin_phone=&#8220;||||true|false&#8220; custom_margin_last_edited=&#8220;on|phone&#8220; custom_padding=&#8220;1px|||||&#8220; custom_padding_tablet=&#8220;&#8220; custom_padding_phone=&#8220;&#8220; top_divider_style=&#8220;slant&#8220; top_divider_color=&#8220;#d7dce5&#8243; top_divider_flip=&#8220;vertical&#8220; top_divider_arrangement=&#8220;above_content&#8220; bottom_divider_style=&#8220;slant&#8220; bottom_divider_color=&#8220;#d7dce5&#8243; bottom_divider_flip=&#8220;vertical&#8220; bottom_divider_arrangement=&#8220;above_content&#8220; locked=&#8220;off&#8220;][et_pb_row _builder_version=&#8220;4.7.4&#8243; _module_preset=&#8220;default&#8220; min_height=&#8220;23px&#8220; custom_margin=&#8220;|auto|3px|auto||&#8220; custom_padding=&#8220;|755px|0px|||&#8220;][et_pb_column type=&#8220;4_4&#8243; _builder_version=&#8220;4.7.4&#8243; _module_preset=&#8220;default&#8220;][\/et_pb_column][\/et_pb_row][\/et_pb_section]<\/p>","protected":false},"excerpt":{"rendered":"<p>\u041f\u0440\u043e\u0441\u0442\u0440\u0430\u043d\u0441\u0442\u0432\u043e\u0442\u043e \u0432 \u0442\u043e\u0432\u0430 \u0411\u0438\u0436\u0443 \u0435 \u0435\u0434\u0438\u043d\u0441\u0442\u0432\u0435\u043d\u043e \u0438 \u0441\u0430\u043c\u043e \u0437\u0430 \u0442\u0435\u0431. \u041a\u043d\u0438\u0433\u043e\u0434\u043d\u0435\u0432\u043d\u0438\u043a \u0411\u0438\u0436\u0443 \u0435 \u0441\u044a\u043a\u0440\u043e\u0432\u0438\u0449\u043d\u0438\u0446\u0430 \u0441 \u0443\u043f\u0440\u0430\u0436\u043d\u0435\u043d\u0438\u044f, \u0437\u0430\u0434\u0430\u0447\u0438, \u043f\u043e \u043a\u043e\u0438\u0442\u043e \u0449\u0435 \u043c\u0438\u0441\u043b\u0438\u0442\u0435 \u0438 \u0440\u0430\u0431\u043e\u0442\u0438\u0442\u0435. \u0418\u0441\u0442\u043e\u0440\u0438\u0438 \u043e\u0442 \u0436\u0438\u0442\u0438\u0435\u0442\u043e \u043d\u0430 \u0435\u0434\u043d\u0430 \u201e\u043e\u0431\u0438\u043a\u043d\u043e\u0432\u0435\u043d\u0430\u201c \u0436\u0435\u043d\u0430. \u041c\u044a\u0434\u0440\u0438 \u043c\u0438\u0441\u043b\u0438 \u043d\u0430 \u0432\u0435\u043b\u0438\u043a\u0438 \u0445\u043e\u0440\u0430 \u0438 \u0440\u0430\u0431\u043e\u0442\u0435\u0449\u0438 \u043f\u0441\u0438\u0445\u043e\u043b\u043e\u0433\u0438\u0447\u0435\u0441\u043a\u0438, \u0435\u043a\u0437\u0438\u0441\u0442\u0435\u043d\u0446\u0438\u0430\u043b\u043d\u0438 \u0442\u0435\u043a\u0441\u0442\u043e\u0432\u0435, \u0441\u044a\u0431\u0438\u0440\u0430\u043d\u0438 \u0433\u043e\u0434\u0438\u043d\u0438 \u043d\u0430\u0440\u0435\u0434. \u0417\u0430 \u043c\u0435\u043d \u0435 \u0432\u0430\u0436\u043d\u043e \u0442\u043e\u0447\u043d\u043e \u0442\u0438 \u0434\u0430 \u0441\u0435 \u043f\u043e\u0447\u0443\u0432\u0441\u0442\u0432\u0430\u0448 \u0437\u043d\u0430\u0447\u0438\u043c, \u043e\u0441\u044a\u0437\u043d\u0430\u0442, \u043f\u0440\u0435\u043a\u0440\u0430\u0441\u0435\u043d [&hellip;]<\/p>","protected":false},"author":2,"featured_media":0,"parent":0,"menu_order":0,"comment_status":"closed","ping_status":"closed","template":"","meta":{"_et_pb_use_builder":"on","_et_pb_old_content":"","_et_gb_content_width":"","footnotes":""},"simple-restrict-permission":[],"class_list":["post-83","page","type-page","status-publish","hentry"],"yoast_head":"<!-- This site is optimized with the Yoast SEO plugin v24.1 - https:\/\/yoast.com\/wordpress\/plugins\/seo\/ -->\n<title>\u041a\u043d\u0438\u0433\u043e\u0434\u043d\u0435\u0432\u043d\u0438\u043a \u0411\u0418\u0416\u0423 - Vanya Ivanova<\/title>\n<meta name=\"description\" content=\"\u041f\u0440\u043e\u0447\u0435\u0442\u0435\u0442\u0435 \u043f\u043e\u0432\u0435\u0447\u0435 \u0437\u0430 \u041a\u043d\u0438\u0433\u043e\u0434\u043d\u0435\u0432\u043d\u0438\u043a \u0411\u0418\u0416\u0423 \u043e\u0442 \u0421\u0430\u0439\u0442 \u2013 vanyaivanova.eu \u2013 \u043f\u0441\u0438\u0445\u043e\u043b\u043e\u0433 \u2013 \u043a\u043e\u043d\u0441\u0443\u043b\u0442\u0430\u043d\u0442.\" \/>\n<meta name=\"robots\" content=\"index, follow, max-snippet:-1, max-image-preview:large, max-video-preview:-1\" \/>\n<link rel=\"canonical\" href=\"https:\/\/vanyaivanova.eu\/fr\/\u043a\u043d\u0438\u0433\u043e\u0434\u043d\u0435\u0432\u043d\u0438\u043a-\u0431\u0438\u0436\u0443\/\" \/>\n<meta property=\"og:locale\" content=\"fr_FR\" \/>\n<meta property=\"og:type\" content=\"article\" \/>\n<meta property=\"og:title\" content=\"\u041a\u043d\u0438\u0433\u043e\u0434\u043d\u0435\u0432\u043d\u0438\u043a \u0411\u0418\u0416\u0423 - Vanya Ivanova\" \/>\n<meta property=\"og:description\" content=\"\u041f\u0440\u043e\u0447\u0435\u0442\u0435\u0442\u0435 \u043f\u043e\u0432\u0435\u0447\u0435 \u0437\u0430 \u041a\u043d\u0438\u0433\u043e\u0434\u043d\u0435\u0432\u043d\u0438\u043a \u0411\u0418\u0416\u0423 \u043e\u0442 \u0421\u0430\u0439\u0442 \u2013 vanyaivanova.eu \u2013 \u043f\u0441\u0438\u0445\u043e\u043b\u043e\u0433 \u2013 \u043a\u043e\u043d\u0441\u0443\u043b\u0442\u0430\u043d\u0442.\" \/>\n<meta property=\"og:url\" content=\"https:\/\/vanyaivanova.eu\/fr\/\u043a\u043d\u0438\u0433\u043e\u0434\u043d\u0435\u0432\u043d\u0438\u043a-\u0431\u0438\u0436\u0443\/\" \/>\n<meta property=\"og:site_name\" content=\"Vanya Ivanova\" \/>\n<meta property=\"article:modified_time\" content=\"2020-12-15T07:27:17+00:00\" \/>\n<meta property=\"og:image\" content=\"https:\/\/vanyaivanova.eu\/wp-content\/uploads\/2020\/12\/thumbnail.jpg\" \/>\n\t<meta property=\"og:image:width\" content=\"1578\" \/>\n\t<meta property=\"og:image:height\" content=\"774\" \/>\n\t<meta property=\"og:image:type\" content=\"image\/jpeg\" \/>\n<meta name=\"twitter:card\" content=\"summary_large_image\" \/>\n<meta name=\"twitter:label1\" content=\"Dur\u00e9e de lecture estim\u00e9e\" \/>\n\t<meta name=\"twitter:data1\" content=\"4 minutes\" \/>\n<script type=\"application\/ld+json\" class=\"yoast-schema-graph\">{\"@context\":\"https:\/\/schema.org\",\"@graph\":[{\"@type\":\"WebPage\",\"@id\":\"https:\/\/vanyaivanova.eu\/%d0%ba%d0%bd%d0%b8%d0%b3%d0%be%d0%b4%d0%bd%d0%b5%d0%b2%d0%bd%d0%b8%d0%ba-%d0%b1%d0%b8%d0%b6%d1%83\/\",\"url\":\"https:\/\/vanyaivanova.eu\/%d0%ba%d0%bd%d0%b8%d0%b3%d0%be%d0%b4%d0%bd%d0%b5%d0%b2%d0%bd%d0%b8%d0%ba-%d0%b1%d0%b8%d0%b6%d1%83\/\",\"name\":\"\u041a\u043d\u0438\u0433\u043e\u0434\u043d\u0435\u0432\u043d\u0438\u043a \u0411\u0418\u0416\u0423 - Vanya Ivanova\",\"isPartOf\":{\"@id\":\"https:\/\/vanyaivanova.eu\/#website\"},\"datePublished\":\"2020-12-05T06:58:57+00:00\",\"dateModified\":\"2020-12-15T07:27:17+00:00\",\"description\":\"\u041f\u0440\u043e\u0447\u0435\u0442\u0435\u0442\u0435 \u043f\u043e\u0432\u0435\u0447\u0435 \u0437\u0430 \u041a\u043d\u0438\u0433\u043e\u0434\u043d\u0435\u0432\u043d\u0438\u043a \u0411\u0418\u0416\u0423 \u043e\u0442 \u0421\u0430\u0439\u0442 \u2013 vanyaivanova.eu \u2013 \u043f\u0441\u0438\u0445\u043e\u043b\u043e\u0433 \u2013 \u043a\u043e\u043d\u0441\u0443\u043b\u0442\u0430\u043d\u0442.\",\"breadcrumb\":{\"@id\":\"https:\/\/vanyaivanova.eu\/%d0%ba%d0%bd%d0%b8%d0%b3%d0%be%d0%b4%d0%bd%d0%b5%d0%b2%d0%bd%d0%b8%d0%ba-%d0%b1%d0%b8%d0%b6%d1%83\/#breadcrumb\"},\"inLanguage\":\"fr-FR\",\"potentialAction\":[{\"@type\":\"ReadAction\",\"target\":[\"https:\/\/vanyaivanova.eu\/%d0%ba%d0%bd%d0%b8%d0%b3%d0%be%d0%b4%d0%bd%d0%b5%d0%b2%d0%bd%d0%b8%d0%ba-%d0%b1%d0%b8%d0%b6%d1%83\/\"]}]},{\"@type\":\"BreadcrumbList\",\"@id\":\"https:\/\/vanyaivanova.eu\/%d0%ba%d0%bd%d0%b8%d0%b3%d0%be%d0%b4%d0%bd%d0%b5%d0%b2%d0%bd%d0%b8%d0%ba-%d0%b1%d0%b8%d0%b6%d1%83\/#breadcrumb\",\"itemListElement\":[{\"@type\":\"ListItem\",\"position\":1,\"name\":\"\u041d\u0430\u0447\u0430\u043b\u043e\",\"item\":\"https:\/\/vanyaivanova.eu\/\"},{\"@type\":\"ListItem\",\"position\":2,\"name\":\"\u041a\u043d\u0438\u0433\u043e\u0434\u043d\u0435\u0432\u043d\u0438\u043a \u0411\u0418\u0416\u0423\"}]},{\"@type\":\"WebSite\",\"@id\":\"https:\/\/vanyaivanova.eu\/#website\",\"url\":\"https:\/\/vanyaivanova.eu\/\",\"name\":\"Vanya Ivanova\",\"description\":\"Vanya Ivanova\",\"publisher\":{\"@id\":\"https:\/\/vanyaivanova.eu\/#\/schema\/person\/262fb9ea8198a347c4a8aaeba79b6aca\"},\"potentialAction\":[{\"@type\":\"SearchAction\",\"target\":{\"@type\":\"EntryPoint\",\"urlTemplate\":\"https:\/\/vanyaivanova.eu\/?s={search_term_string}\"},\"query-input\":{\"@type\":\"PropertyValueSpecification\",\"valueRequired\":true,\"valueName\":\"search_term_string\"}}],\"inLanguage\":\"fr-FR\"},{\"@type\":[\"Person\",\"Organization\"],\"@id\":\"https:\/\/vanyaivanova.eu\/#\/schema\/person\/262fb9ea8198a347c4a8aaeba79b6aca\",\"name\":\"Vanya Ivanova\",\"image\":{\"@type\":\"ImageObject\",\"inLanguage\":\"fr-FR\",\"@id\":\"https:\/\/vanyaivanova.eu\/#\/schema\/person\/image\/\",\"url\":\"https:\/\/vanyaivanova.eu\/wp-content\/uploads\/2020\/12\/VanyaIvanova-1.png\",\"contentUrl\":\"https:\/\/vanyaivanova.eu\/wp-content\/uploads\/2020\/12\/VanyaIvanova-1.png\",\"width\":448,\"height\":77,\"caption\":\"Vanya Ivanova\"},\"logo\":{\"@id\":\"https:\/\/vanyaivanova.eu\/#\/schema\/person\/image\/\"}}]}<\/script>\n<!-- \/ Yoast SEO plugin. -->","yoast_head_json":{"title":"\u041a\u043d\u0438\u0433\u043e\u0434\u043d\u0435\u0432\u043d\u0438\u043a \u0411\u0418\u0416\u0423 - Vanya Ivanova","description":"\u041f\u0440\u043e\u0447\u0435\u0442\u0435\u0442\u0435 \u043f\u043e\u0432\u0435\u0447\u0435 \u0437\u0430 \u041a\u043d\u0438\u0433\u043e\u0434\u043d\u0435\u0432\u043d\u0438\u043a \u0411\u0418\u0416\u0423 \u043e\u0442 \u0421\u0430\u0439\u0442 \u2013 vanyaivanova.eu \u2013 \u043f\u0441\u0438\u0445\u043e\u043b\u043e\u0433 \u2013 \u043a\u043e\u043d\u0441\u0443\u043b\u0442\u0430\u043d\u0442.","robots":{"index":"index","follow":"follow","max-snippet":"max-snippet:-1","max-image-preview":"max-image-preview:large","max-video-preview":"max-video-preview:-1"},"canonical":"https:\/\/vanyaivanova.eu\/fr\/\u043a\u043d\u0438\u0433\u043e\u0434\u043d\u0435\u0432\u043d\u0438\u043a-\u0431\u0438\u0436\u0443\/","og_locale":"fr_FR","og_type":"article","og_title":"\u041a\u043d\u0438\u0433\u043e\u0434\u043d\u0435\u0432\u043d\u0438\u043a \u0411\u0418\u0416\u0423 - Vanya Ivanova","og_description":"\u041f\u0440\u043e\u0447\u0435\u0442\u0435\u0442\u0435 \u043f\u043e\u0432\u0435\u0447\u0435 \u0437\u0430 \u041a\u043d\u0438\u0433\u043e\u0434\u043d\u0435\u0432\u043d\u0438\u043a \u0411\u0418\u0416\u0423 \u043e\u0442 \u0421\u0430\u0439\u0442 \u2013 vanyaivanova.eu \u2013 \u043f\u0441\u0438\u0445\u043e\u043b\u043e\u0433 \u2013 \u043a\u043e\u043d\u0441\u0443\u043b\u0442\u0430\u043d\u0442.","og_url":"https:\/\/vanyaivanova.eu\/fr\/\u043a\u043d\u0438\u0433\u043e\u0434\u043d\u0435\u0432\u043d\u0438\u043a-\u0431\u0438\u0436\u0443\/","og_site_name":"Vanya Ivanova","article_modified_time":"2020-12-15T07:27:17+00:00","og_image":[{"width":1578,"height":774,"url":"https:\/\/vanyaivanova.eu\/wp-content\/uploads\/2020\/12\/thumbnail.jpg","type":"image\/jpeg"}],"twitter_card":"summary_large_image","twitter_misc":{"Dur\u00e9e de lecture estim\u00e9e":"4 minutes"},"schema":{"@context":"https:\/\/schema.org","@graph":[{"@type":"WebPage","@id":"https:\/\/vanyaivanova.eu\/%d0%ba%d0%bd%d0%b8%d0%b3%d0%be%d0%b4%d0%bd%d0%b5%d0%b2%d0%bd%d0%b8%d0%ba-%d0%b1%d0%b8%d0%b6%d1%83\/","url":"https:\/\/vanyaivanova.eu\/%d0%ba%d0%bd%d0%b8%d0%b3%d0%be%d0%b4%d0%bd%d0%b5%d0%b2%d0%bd%d0%b8%d0%ba-%d0%b1%d0%b8%d0%b6%d1%83\/","name":"\u041a\u043d\u0438\u0433\u043e\u0434\u043d\u0435\u0432\u043d\u0438\u043a \u0411\u0418\u0416\u0423 - Vanya Ivanova","isPartOf":{"@id":"https:\/\/vanyaivanova.eu\/#website"},"datePublished":"2020-12-05T06:58:57+00:00","dateModified":"2020-12-15T07:27:17+00:00","description":"\u041f\u0440\u043e\u0447\u0435\u0442\u0435\u0442\u0435 \u043f\u043e\u0432\u0435\u0447\u0435 \u0437\u0430 \u041a\u043d\u0438\u0433\u043e\u0434\u043d\u0435\u0432\u043d\u0438\u043a \u0411\u0418\u0416\u0423 \u043e\u0442 \u0421\u0430\u0439\u0442 \u2013 vanyaivanova.eu \u2013 \u043f\u0441\u0438\u0445\u043e\u043b\u043e\u0433 \u2013 \u043a\u043e\u043d\u0441\u0443\u043b\u0442\u0430\u043d\u0442.","breadcrumb":{"@id":"https:\/\/vanyaivanova.eu\/%d0%ba%d0%bd%d0%b8%d0%b3%d0%be%d0%b4%d0%bd%d0%b5%d0%b2%d0%bd%d0%b8%d0%ba-%d0%b1%d0%b8%d0%b6%d1%83\/#breadcrumb"},"inLanguage":"fr-FR","potentialAction":[{"@type":"ReadAction","target":["https:\/\/vanyaivanova.eu\/%d0%ba%d0%bd%d0%b8%d0%b3%d0%be%d0%b4%d0%bd%d0%b5%d0%b2%d0%bd%d0%b8%d0%ba-%d0%b1%d0%b8%d0%b6%d1%83\/"]}]},{"@type":"BreadcrumbList","@id":"https:\/\/vanyaivanova.eu\/%d0%ba%d0%bd%d0%b8%d0%b3%d0%be%d0%b4%d0%bd%d0%b5%d0%b2%d0%bd%d0%b8%d0%ba-%d0%b1%d0%b8%d0%b6%d1%83\/#breadcrumb","itemListElement":[{"@type":"ListItem","position":1,"name":"\u041d\u0430\u0447\u0430\u043b\u043e","item":"https:\/\/vanyaivanova.eu\/"},{"@type":"ListItem","position":2,"name":"\u041a\u043d\u0438\u0433\u043e\u0434\u043d\u0435\u0432\u043d\u0438\u043a \u0411\u0418\u0416\u0423"}]},{"@type":"WebSite","@id":"https:\/\/vanyaivanova.eu\/#website","url":"https:\/\/vanyaivanova.eu\/","name":"Vanya Ivanova","description":"Vanya Ivanova","publisher":{"@id":"https:\/\/vanyaivanova.eu\/#\/schema\/person\/262fb9ea8198a347c4a8aaeba79b6aca"},"potentialAction":[{"@type":"SearchAction","target":{"@type":"EntryPoint","urlTemplate":"https:\/\/vanyaivanova.eu\/?s={search_term_string}"},"query-input":{"@type":"PropertyValueSpecification","valueRequired":true,"valueName":"search_term_string"}}],"inLanguage":"fr-FR"},{"@type":["Person","Organization"],"@id":"https:\/\/vanyaivanova.eu\/#\/schema\/person\/262fb9ea8198a347c4a8aaeba79b6aca","name":"Vanya Ivanova","image":{"@type":"ImageObject","inLanguage":"fr-FR","@id":"https:\/\/vanyaivanova.eu\/#\/schema\/person\/image\/","url":"https:\/\/vanyaivanova.eu\/wp-content\/uploads\/2020\/12\/VanyaIvanova-1.png","contentUrl":"https:\/\/vanyaivanova.eu\/wp-content\/uploads\/2020\/12\/VanyaIvanova-1.png","width":448,"height":77,"caption":"Vanya Ivanova"},"logo":{"@id":"https:\/\/vanyaivanova.eu\/#\/schema\/person\/image\/"}}]}},"_links":{"self":[{"href":"https:\/\/vanyaivanova.eu\/fr\/wp-json\/wp\/v2\/pages\/83","targetHints":{"allow":["GET"]}}],"collection":[{"href":"https:\/\/vanyaivanova.eu\/fr\/wp-json\/wp\/v2\/pages"}],"about":[{"href":"https:\/\/vanyaivanova.eu\/fr\/wp-json\/wp\/v2\/types\/page"}],"author":[{"embeddable":true,"href":"https:\/\/vanyaivanova.eu\/fr\/wp-json\/wp\/v2\/users\/2"}],"replies":[{"embeddable":true,"href":"https:\/\/vanyaivanova.eu\/fr\/wp-json\/wp\/v2\/comments?post=83"}],"version-history":[{"count":13,"href":"https:\/\/vanyaivanova.eu\/fr\/wp-json\/wp\/v2\/pages\/83\/revisions"}],"predecessor-version":[{"id":614,"href":"https:\/\/vanyaivanova.eu\/fr\/wp-json\/wp\/v2\/pages\/83\/revisions\/614"}],"wp:attachment":[{"href":"https:\/\/vanyaivanova.eu\/fr\/wp-json\/wp\/v2\/media?parent=83"}],"wp:term":[{"taxonomy":"simple-restrict-permission","embeddable":true,"href":"https:\/\/vanyaivanova.eu\/fr\/wp-json\/wp\/v2\/simple-restrict-permission?post=83"}],"curies":[{"name":"wp","href":"https:\/\/api.w.org\/{rel}","templated":true}]}}