{"id":1660,"date":"2024-12-27T23:08:17","date_gmt":"2024-12-27T23:08:17","guid":{"rendered":"https:\/\/vanyaivanova.eu\/?post_type=product&#038;p=1660"},"modified":"2025-01-16T02:19:22","modified_gmt":"2025-01-16T02:19:22","slug":"%d0%bf%d0%be%d0%b4%d0%b0%d1%80%d1%8a%d0%ba-%d1%87%d1%83%d0%b4%d0%be-%d1%81%d0%bf%d0%b5%d1%86%d0%b8%d0%b0%d0%bb%d0%b5%d0%bd-%d0%bd%d0%b0%d1%87%d0%b8%d0%bd-%d0%b4%d0%b0-%d0%b8%d0%b7%d1%80","status":"publish","type":"product","link":"https:\/\/vanyaivanova.eu\/fr\/product\/%d0%bf%d0%be%d0%b4%d0%b0%d1%80%d1%8a%d0%ba-%d1%87%d1%83%d0%b4%d0%be-%d1%81%d0%bf%d0%b5%d1%86%d0%b8%d0%b0%d0%bb%d0%b5%d0%bd-%d0%bd%d0%b0%d1%87%d0%b8%d0%bd-%d0%b4%d0%b0-%d0%b8%d0%b7%d1%80\/","title":{"rendered":"Cadeau \u00ab Miracle \u00bb \u2013 Une fa\u00e7on sp\u00e9ciale d\u2019exprimer votre attention et votre amour"},"content":{"rendered":"<h3>Qu\u2019est-ce qui rend un cadeau \u00ab Miracle \u00bb si sp\u00e9cial ?<\/h3>\n<ul>\n<li class=\"translation-block\"><strong>Unicit\u00e9<\/strong> : Chaque texte sur un cadeau \u00ab Miracle \u00bb est sp\u00e9cialement s\u00e9lectionn\u00e9 pour apporter joie et \u00e9motions positives. C'est un choix parfait pour toutes les occasions.<\/li>\n<li class=\"translation-block\"><strong>Convient \u00e0 tout le monde<\/strong> : quel que soit l'\u00e2ge ou les int\u00e9r\u00eats du destinataire, un cadeau \u00ab Miracle \u00bb sera s\u00fbrement le meilleur choix. Nous offrons \u00e9l\u00e9gance, fonctionnalit\u00e9 et praticit\u00e9 \u00e0 travers le contenu.<\/li>\n<li class=\"translation-block\"><strong>Valeur \u00e9motionnelle<\/strong> : Le cadeau \u00ab Miracle \u00bb n\u2019est pas seulement un appel \u00e9motionnel, c\u2019est un symbole d\u2019attention et de soin. Avec lui, vous ferez non seulement plaisir au destinataire, mais vous cr\u00e9erez \u00e9galement des souvenirs qui seront ch\u00e9ris pendant longtemps. Cadeau \u00ab miracle \u00bb ?<\/li>\n<\/ul>\n<ul>\n<li class=\"translation-block\"><strong>Id\u00e9al pour toutes les occasions<\/strong> : anniversaire, No\u00ebl, mariage, anniversaire ou simplement comme gage d'amour - un cadeau \u00ab Miracle \u00bb est le choix parfait pour toutes les situations.<\/li>\n<li class=\"translation-block\"><strong>Qualit\u00e9 et \u00e9l\u00e9gance<\/strong> : Chaque d\u00e9tail est soigneusement s\u00e9lectionn\u00e9 pour garantir une haute qualit\u00e9 et un design \u00e9l\u00e9gant dans un fichier PDF. C'est un cadeau qui ne sera pas oubli\u00e9 !<\/li>\n<li class=\"translation-block\"><strong>Effet remarquable<\/strong> : Un cadeau \u00ab Miracle \u00bb surprendra et ravira m\u00eame les plus exigeants. Cela rendra non seulement la journ\u00e9e du destinataire meilleure, mais lui permettra \u00e9galement de se sentir sp\u00e9cial.<\/li>\n<\/ul>\n<h3>Offrez un \u00ab Miracle \u00bb, offrez des moments inoubliables !<\/h3>\n<p class=\"translation-block\">Parfois, le cadeau le plus pr\u00e9cieux n\u2019est pas celui qui est le plus cher, mais celui qui suscite le plus d\u2019\u00e9motion. Avec un <strong>Cadeau Miracle<\/strong>, vous faites plus que simplement faire un don : vous transmettez un sentiment d\u2019attention et d\u2019amour qui restera dans le c\u0153ur de ceux que vous aimez.<\/p>\n<p>Choisissez un cadeau \u00ab Miracle \u00bb et offrez non seulement un contenu significatif, mais aussi un moment qui sera pr\u00e9cieux pour les ann\u00e9es \u00e0 venir !<\/p>\n<p><a>Trouvez votre \u00ab Miracle \u00bb ici !<\/a><\/p>","protected":false},"excerpt":{"rendered":"<p class=\"translation-block\">Vous recherchez le cadeau parfait qui laissera une impression durable ? Ne cherchez plus ! Un cadeau \u00ab miracle \u00bb est exactement ce qui rendra chaque moment inoubliable. Unique, inspirant et plein de surprise, ce cadeau fera en sorte que vos proches se sentent sp\u00e9ciaux.<\/p>","protected":false},"featured_media":1856,"comment_status":"open","ping_status":"closed","template":"","meta":{"_et_pb_use_builder":"","_et_pb_old_content":"","_et_gb_content_width":""},"product_cat":[15],"product_tag":[],"class_list":{"0":"post-1660","1":"product","2":"type-product","3":"status-publish","4":"has-post-thumbnail","6":"product_cat-15","8":"first","9":"instock","10":"shipping-taxable","11":"purchasable","12":"product-type-simple"},"yoast_head":"<!-- This site is optimized with the Yoast SEO plugin v24.1 - https:\/\/yoast.com\/wordpress\/plugins\/seo\/ -->\n<title>\u041f\u043e\u0434\u0430\u0440\u044a\u043a &quot;\u0427\u0443\u0434\u043e&quot; \u2013 \u0421\u043f\u0435\u0446\u0438\u0430\u043b\u0435\u043d \u043d\u0430\u0447\u0438\u043d \u0434\u0430 \u0438\u0437\u0440\u0430\u0437\u0438\u0442\u0435 \u0441\u0432\u043e\u0435\u0442\u043e \u0432\u043d\u0438\u043c\u0430\u043d\u0438\u0435 \u0438 \u043e\u0431\u0438\u0447 - Vanya Ivanova<\/title>\n<meta name=\"description\" content=\"\u0418\u0437\u0431\u0435\u0440\u0435\u0442\u0435 \u041f\u043e\u0434\u0430\u0440\u044a\u043a &quot;\u0427\u0443\u0434\u043e&quot; \u2013 \u0421\u043f\u0435\u0446\u0438\u0430\u043b\u0435\u043d \u043d\u0430\u0447\u0438\u043d \u0434\u0430 \u0438\u0437\u0440\u0430\u0437\u0438\u0442\u0435 \u0441\u0432\u043e\u0435\u0442\u043e \u0432\u043d\u0438\u043c\u0430\u043d\u0438\u0435 \u0438 \u043e\u0431\u0438\u0447 . \u0420\u0430\u0437\u0433\u043b\u0435\u0434\u0430\u0439\u0442\u0435 \u0438 \u043e\u0441\u0442\u0430\u043d\u0430\u043b\u0438\u0442\u0435 \u043f\u0440\u043e\u0434\u0443\u043a\u0442\u0438 \u043e\u0442 \u043a\u0430\u0442\u0435\u0433\u043e\u0440\u0438\u044f\u0442\u0430 .\" \/>\n<meta name=\"robots\" content=\"index, follow, max-snippet:-1, max-image-preview:large, max-video-preview:-1\" \/>\n<link rel=\"canonical\" href=\"https:\/\/vanyaivanova.eu\/fr\/product\/\u043f\u043e\u0434\u0430\u0440\u044a\u043a-\u0447\u0443\u0434\u043e-\u0441\u043f\u0435\u0446\u0438\u0430\u043b\u0435\u043d-\u043d\u0430\u0447\u0438\u043d-\u0434\u0430-\u0438\u0437\u0440\/\" \/>\n<meta property=\"og:locale\" content=\"fr_FR\" \/>\n<meta property=\"og:type\" content=\"article\" \/>\n<meta property=\"og:title\" content=\"\u041f\u043e\u0434\u0430\u0440\u044a\u043a &quot;\u0427\u0443\u0434\u043e&quot; \u2013 \u0421\u043f\u0435\u0446\u0438\u0430\u043b\u0435\u043d \u043d\u0430\u0447\u0438\u043d \u0434\u0430 \u0438\u0437\u0440\u0430\u0437\u0438\u0442\u0435 \u0441\u0432\u043e\u0435\u0442\u043e \u0432\u043d\u0438\u043c\u0430\u043d\u0438\u0435 \u0438 \u043e\u0431\u0438\u0447 - Vanya Ivanova\" \/>\n<meta property=\"og:description\" content=\"\u0418\u0437\u0431\u0435\u0440\u0435\u0442\u0435 \u041f\u043e\u0434\u0430\u0440\u044a\u043a &quot;\u0427\u0443\u0434\u043e&quot; \u2013 \u0421\u043f\u0435\u0446\u0438\u0430\u043b\u0435\u043d \u043d\u0430\u0447\u0438\u043d \u0434\u0430 \u0438\u0437\u0440\u0430\u0437\u0438\u0442\u0435 \u0441\u0432\u043e\u0435\u0442\u043e \u0432\u043d\u0438\u043c\u0430\u043d\u0438\u0435 \u0438 \u043e\u0431\u0438\u0447 . \u0420\u0430\u0437\u0433\u043b\u0435\u0434\u0430\u0439\u0442\u0435 \u0438 \u043e\u0441\u0442\u0430\u043d\u0430\u043b\u0438\u0442\u0435 \u043f\u0440\u043e\u0434\u0443\u043a\u0442\u0438 \u043e\u0442 \u043a\u0430\u0442\u0435\u0433\u043e\u0440\u0438\u044f\u0442\u0430 .\" \/>\n<meta property=\"og:url\" content=\"https:\/\/vanyaivanova.eu\/fr\/product\/\u043f\u043e\u0434\u0430\u0440\u044a\u043a-\u0447\u0443\u0434\u043e-\u0441\u043f\u0435\u0446\u0438\u0430\u043b\u0435\u043d-\u043d\u0430\u0447\u0438\u043d-\u0434\u0430-\u0438\u0437\u0440\/\" \/>\n<meta property=\"og:site_name\" content=\"Vanya Ivanova\" \/>\n<meta property=\"article:modified_time\" content=\"2025-01-16T02:19:22+00:00\" \/>\n<meta property=\"og:image\" content=\"https:\/\/vanyaivanova.eu\/wp-content\/uploads\/2024\/12\/birthday-2583513_1280.jpg\" \/>\n\t<meta property=\"og:image:width\" content=\"1280\" \/>\n\t<meta property=\"og:image:height\" content=\"898\" \/>\n\t<meta property=\"og:image:type\" content=\"image\/jpeg\" \/>\n<meta name=\"twitter:card\" content=\"summary_large_image\" \/>\n<meta name=\"twitter:label1\" content=\"Dur\u00e9e de lecture estim\u00e9e\" \/>\n\t<meta name=\"twitter:data1\" content=\"2 minutes\" \/>\n<script type=\"application\/ld+json\" class=\"yoast-schema-graph\">{\"@context\":\"https:\/\/schema.org\",\"@graph\":[{\"@type\":\"WebPage\",\"@id\":\"https:\/\/vanyaivanova.eu\/product\/%d0%bf%d0%be%d0%b4%d0%b0%d1%80%d1%8a%d0%ba-%d1%87%d1%83%d0%b4%d0%be-%d1%81%d0%bf%d0%b5%d1%86%d0%b8%d0%b0%d0%bb%d0%b5%d0%bd-%d0%bd%d0%b0%d1%87%d0%b8%d0%bd-%d0%b4%d0%b0-%d0%b8%d0%b7%d1%80\/\",\"url\":\"https:\/\/vanyaivanova.eu\/product\/%d0%bf%d0%be%d0%b4%d0%b0%d1%80%d1%8a%d0%ba-%d1%87%d1%83%d0%b4%d0%be-%d1%81%d0%bf%d0%b5%d1%86%d0%b8%d0%b0%d0%bb%d0%b5%d0%bd-%d0%bd%d0%b0%d1%87%d0%b8%d0%bd-%d0%b4%d0%b0-%d0%b8%d0%b7%d1%80\/\",\"name\":\"\u041f\u043e\u0434\u0430\u0440\u044a\u043a \\\"\u0427\u0443\u0434\u043e\\\" \u2013 \u0421\u043f\u0435\u0446\u0438\u0430\u043b\u0435\u043d \u043d\u0430\u0447\u0438\u043d \u0434\u0430 \u0438\u0437\u0440\u0430\u0437\u0438\u0442\u0435 \u0441\u0432\u043e\u0435\u0442\u043e \u0432\u043d\u0438\u043c\u0430\u043d\u0438\u0435 \u0438 \u043e\u0431\u0438\u0447 - Vanya Ivanova\",\"isPartOf\":{\"@id\":\"https:\/\/vanyaivanova.eu\/#website\"},\"primaryImageOfPage\":{\"@id\":\"https:\/\/vanyaivanova.eu\/product\/%d0%bf%d0%be%d0%b4%d0%b0%d1%80%d1%8a%d0%ba-%d1%87%d1%83%d0%b4%d0%be-%d1%81%d0%bf%d0%b5%d1%86%d0%b8%d0%b0%d0%bb%d0%b5%d0%bd-%d0%bd%d0%b0%d1%87%d0%b8%d0%bd-%d0%b4%d0%b0-%d0%b8%d0%b7%d1%80\/#primaryimage\"},\"image\":{\"@id\":\"https:\/\/vanyaivanova.eu\/product\/%d0%bf%d0%be%d0%b4%d0%b0%d1%80%d1%8a%d0%ba-%d1%87%d1%83%d0%b4%d0%be-%d1%81%d0%bf%d0%b5%d1%86%d0%b8%d0%b0%d0%bb%d0%b5%d0%bd-%d0%bd%d0%b0%d1%87%d0%b8%d0%bd-%d0%b4%d0%b0-%d0%b8%d0%b7%d1%80\/#primaryimage\"},\"thumbnailUrl\":\"https:\/\/vanyaivanova.eu\/wp-content\/uploads\/2024\/12\/birthday-2583513_1280.jpg\",\"datePublished\":\"2024-12-27T23:08:17+00:00\",\"dateModified\":\"2025-01-16T02:19:22+00:00\",\"description\":\"\u0418\u0437\u0431\u0435\u0440\u0435\u0442\u0435 \u041f\u043e\u0434\u0430\u0440\u044a\u043a \\\"\u0427\u0443\u0434\u043e\\\" \u2013 \u0421\u043f\u0435\u0446\u0438\u0430\u043b\u0435\u043d \u043d\u0430\u0447\u0438\u043d \u0434\u0430 \u0438\u0437\u0440\u0430\u0437\u0438\u0442\u0435 \u0441\u0432\u043e\u0435\u0442\u043e \u0432\u043d\u0438\u043c\u0430\u043d\u0438\u0435 \u0438 \u043e\u0431\u0438\u0447 . \u0420\u0430\u0437\u0433\u043b\u0435\u0434\u0430\u0439\u0442\u0435 \u0438 \u043e\u0441\u0442\u0430\u043d\u0430\u043b\u0438\u0442\u0435 \u043f\u0440\u043e\u0434\u0443\u043a\u0442\u0438 \u043e\u0442 \u043a\u0430\u0442\u0435\u0433\u043e\u0440\u0438\u044f\u0442\u0430 .\",\"breadcrumb\":{\"@id\":\"https:\/\/vanyaivanova.eu\/product\/%d0%bf%d0%be%d0%b4%d0%b0%d1%80%d1%8a%d0%ba-%d1%87%d1%83%d0%b4%d0%be-%d1%81%d0%bf%d0%b5%d1%86%d0%b8%d0%b0%d0%bb%d0%b5%d0%bd-%d0%bd%d0%b0%d1%87%d0%b8%d0%bd-%d0%b4%d0%b0-%d0%b8%d0%b7%d1%80\/#breadcrumb\"},\"inLanguage\":\"fr-FR\",\"potentialAction\":[{\"@type\":\"ReadAction\",\"target\":[\"https:\/\/vanyaivanova.eu\/product\/%d0%bf%d0%be%d0%b4%d0%b0%d1%80%d1%8a%d0%ba-%d1%87%d1%83%d0%b4%d0%be-%d1%81%d0%bf%d0%b5%d1%86%d0%b8%d0%b0%d0%bb%d0%b5%d0%bd-%d0%bd%d0%b0%d1%87%d0%b8%d0%bd-%d0%b4%d0%b0-%d0%b8%d0%b7%d1%80\/\"]}]},{\"@type\":\"ImageObject\",\"inLanguage\":\"fr-FR\",\"@id\":\"https:\/\/vanyaivanova.eu\/product\/%d0%bf%d0%be%d0%b4%d0%b0%d1%80%d1%8a%d0%ba-%d1%87%d1%83%d0%b4%d0%be-%d1%81%d0%bf%d0%b5%d1%86%d0%b8%d0%b0%d0%bb%d0%b5%d0%bd-%d0%bd%d0%b0%d1%87%d0%b8%d0%bd-%d0%b4%d0%b0-%d0%b8%d0%b7%d1%80\/#primaryimage\",\"url\":\"https:\/\/vanyaivanova.eu\/wp-content\/uploads\/2024\/12\/birthday-2583513_1280.jpg\",\"contentUrl\":\"https:\/\/vanyaivanova.eu\/wp-content\/uploads\/2024\/12\/birthday-2583513_1280.jpg\",\"width\":1280,\"height\":898},{\"@type\":\"BreadcrumbList\",\"@id\":\"https:\/\/vanyaivanova.eu\/product\/%d0%bf%d0%be%d0%b4%d0%b0%d1%80%d1%8a%d0%ba-%d1%87%d1%83%d0%b4%d0%be-%d1%81%d0%bf%d0%b5%d1%86%d0%b8%d0%b0%d0%bb%d0%b5%d0%bd-%d0%bd%d0%b0%d1%87%d0%b8%d0%bd-%d0%b4%d0%b0-%d0%b8%d0%b7%d1%80\/#breadcrumb\",\"itemListElement\":[{\"@type\":\"ListItem\",\"position\":1,\"name\":\"\u041d\u0430\u0447\u0430\u043b\u043e\",\"item\":\"https:\/\/vanyaivanova.eu\/\"},{\"@type\":\"ListItem\",\"position\":2,\"name\":\"\u041f\u0421\u0418 \u0418\u043d\u0441\u0442\u0440\u0443\u043c\u0435\u043d\u0442\u0438\",\"item\":\"https:\/\/vanyaivanova.eu\/%d0%bc%d0%b0%d0%b3%d0%b0%d0%b7%d0%b8%d0%bd-%d0%bc%d0%b0%d0%b3%d0%b8%d1%87%d0%b5%d0%bd-%d1%81%d0%b2%d1%8f%d1%82\/\"},{\"@type\":\"ListItem\",\"position\":3,\"name\":\"\u041f\u043e\u0434\u0430\u0440\u044a\u043a &#8222;\u0427\u0443\u0434\u043e&#8220; \u2013 \u0421\u043f\u0435\u0446\u0438\u0430\u043b\u0435\u043d \u043d\u0430\u0447\u0438\u043d \u0434\u0430 \u0438\u0437\u0440\u0430\u0437\u0438\u0442\u0435 \u0441\u0432\u043e\u0435\u0442\u043e \u0432\u043d\u0438\u043c\u0430\u043d\u0438\u0435 \u0438 \u043e\u0431\u0438\u0447\"}]},{\"@type\":\"WebSite\",\"@id\":\"https:\/\/vanyaivanova.eu\/#website\",\"url\":\"https:\/\/vanyaivanova.eu\/\",\"name\":\"Vanya Ivanova\",\"description\":\"Vanya Ivanova\",\"publisher\":{\"@id\":\"https:\/\/vanyaivanova.eu\/#\/schema\/person\/262fb9ea8198a347c4a8aaeba79b6aca\"},\"potentialAction\":[{\"@type\":\"SearchAction\",\"target\":{\"@type\":\"EntryPoint\",\"urlTemplate\":\"https:\/\/vanyaivanova.eu\/?s={search_term_string}\"},\"query-input\":{\"@type\":\"PropertyValueSpecification\",\"valueRequired\":true,\"valueName\":\"search_term_string\"}}],\"inLanguage\":\"fr-FR\"},{\"@type\":[\"Person\",\"Organization\"],\"@id\":\"https:\/\/vanyaivanova.eu\/#\/schema\/person\/262fb9ea8198a347c4a8aaeba79b6aca\",\"name\":\"Vanya Ivanova\",\"image\":{\"@type\":\"ImageObject\",\"inLanguage\":\"fr-FR\",\"@id\":\"https:\/\/vanyaivanova.eu\/#\/schema\/person\/image\/\",\"url\":\"https:\/\/vanyaivanova.eu\/wp-content\/uploads\/2020\/12\/VanyaIvanova-1.png\",\"contentUrl\":\"https:\/\/vanyaivanova.eu\/wp-content\/uploads\/2020\/12\/VanyaIvanova-1.png\",\"width\":448,\"height\":77,\"caption\":\"Vanya Ivanova\"},\"logo\":{\"@id\":\"https:\/\/vanyaivanova.eu\/#\/schema\/person\/image\/\"}}]}<\/script>\n<!-- \/ Yoast SEO plugin. -->","yoast_head_json":{"title":"\u041f\u043e\u0434\u0430\u0440\u044a\u043a \"\u0427\u0443\u0434\u043e\" \u2013 \u0421\u043f\u0435\u0446\u0438\u0430\u043b\u0435\u043d \u043d\u0430\u0447\u0438\u043d \u0434\u0430 \u0438\u0437\u0440\u0430\u0437\u0438\u0442\u0435 \u0441\u0432\u043e\u0435\u0442\u043e \u0432\u043d\u0438\u043c\u0430\u043d\u0438\u0435 \u0438 \u043e\u0431\u0438\u0447 - Vanya Ivanova","description":"\u0418\u0437\u0431\u0435\u0440\u0435\u0442\u0435 \u041f\u043e\u0434\u0430\u0440\u044a\u043a \"\u0427\u0443\u0434\u043e\" \u2013 \u0421\u043f\u0435\u0446\u0438\u0430\u043b\u0435\u043d \u043d\u0430\u0447\u0438\u043d \u0434\u0430 \u0438\u0437\u0440\u0430\u0437\u0438\u0442\u0435 \u0441\u0432\u043e\u0435\u0442\u043e \u0432\u043d\u0438\u043c\u0430\u043d\u0438\u0435 \u0438 \u043e\u0431\u0438\u0447 . \u0420\u0430\u0437\u0433\u043b\u0435\u0434\u0430\u0439\u0442\u0435 \u0438 \u043e\u0441\u0442\u0430\u043d\u0430\u043b\u0438\u0442\u0435 \u043f\u0440\u043e\u0434\u0443\u043a\u0442\u0438 \u043e\u0442 \u043a\u0430\u0442\u0435\u0433\u043e\u0440\u0438\u044f\u0442\u0430 .","robots":{"index":"index","follow":"follow","max-snippet":"max-snippet:-1","max-image-preview":"max-image-preview:large","max-video-preview":"max-video-preview:-1"},"canonical":"https:\/\/vanyaivanova.eu\/fr\/product\/\u043f\u043e\u0434\u0430\u0440\u044a\u043a-\u0447\u0443\u0434\u043e-\u0441\u043f\u0435\u0446\u0438\u0430\u043b\u0435\u043d-\u043d\u0430\u0447\u0438\u043d-\u0434\u0430-\u0438\u0437\u0440\/","og_locale":"fr_FR","og_type":"article","og_title":"\u041f\u043e\u0434\u0430\u0440\u044a\u043a \"\u0427\u0443\u0434\u043e\" \u2013 \u0421\u043f\u0435\u0446\u0438\u0430\u043b\u0435\u043d \u043d\u0430\u0447\u0438\u043d \u0434\u0430 \u0438\u0437\u0440\u0430\u0437\u0438\u0442\u0435 \u0441\u0432\u043e\u0435\u0442\u043e \u0432\u043d\u0438\u043c\u0430\u043d\u0438\u0435 \u0438 \u043e\u0431\u0438\u0447 - Vanya Ivanova","og_description":"\u0418\u0437\u0431\u0435\u0440\u0435\u0442\u0435 \u041f\u043e\u0434\u0430\u0440\u044a\u043a \"\u0427\u0443\u0434\u043e\" \u2013 \u0421\u043f\u0435\u0446\u0438\u0430\u043b\u0435\u043d \u043d\u0430\u0447\u0438\u043d \u0434\u0430 \u0438\u0437\u0440\u0430\u0437\u0438\u0442\u0435 \u0441\u0432\u043e\u0435\u0442\u043e \u0432\u043d\u0438\u043c\u0430\u043d\u0438\u0435 \u0438 \u043e\u0431\u0438\u0447 . \u0420\u0430\u0437\u0433\u043b\u0435\u0434\u0430\u0439\u0442\u0435 \u0438 \u043e\u0441\u0442\u0430\u043d\u0430\u043b\u0438\u0442\u0435 \u043f\u0440\u043e\u0434\u0443\u043a\u0442\u0438 \u043e\u0442 \u043a\u0430\u0442\u0435\u0433\u043e\u0440\u0438\u044f\u0442\u0430 .","og_url":"https:\/\/vanyaivanova.eu\/fr\/product\/\u043f\u043e\u0434\u0430\u0440\u044a\u043a-\u0447\u0443\u0434\u043e-\u0441\u043f\u0435\u0446\u0438\u0430\u043b\u0435\u043d-\u043d\u0430\u0447\u0438\u043d-\u0434\u0430-\u0438\u0437\u0440\/","og_site_name":"Vanya Ivanova","article_modified_time":"2025-01-16T02:19:22+00:00","og_image":[{"width":1280,"height":898,"url":"https:\/\/vanyaivanova.eu\/wp-content\/uploads\/2024\/12\/birthday-2583513_1280.jpg","type":"image\/jpeg"}],"twitter_card":"summary_large_image","twitter_misc":{"Dur\u00e9e de lecture estim\u00e9e":"2 minutes"},"schema":{"@context":"https:\/\/schema.org","@graph":[{"@type":"WebPage","@id":"https:\/\/vanyaivanova.eu\/product\/%d0%bf%d0%be%d0%b4%d0%b0%d1%80%d1%8a%d0%ba-%d1%87%d1%83%d0%b4%d0%be-%d1%81%d0%bf%d0%b5%d1%86%d0%b8%d0%b0%d0%bb%d0%b5%d0%bd-%d0%bd%d0%b0%d1%87%d0%b8%d0%bd-%d0%b4%d0%b0-%d0%b8%d0%b7%d1%80\/","url":"https:\/\/vanyaivanova.eu\/product\/%d0%bf%d0%be%d0%b4%d0%b0%d1%80%d1%8a%d0%ba-%d1%87%d1%83%d0%b4%d0%be-%d1%81%d0%bf%d0%b5%d1%86%d0%b8%d0%b0%d0%bb%d0%b5%d0%bd-%d0%bd%d0%b0%d1%87%d0%b8%d0%bd-%d0%b4%d0%b0-%d0%b8%d0%b7%d1%80\/","name":"\u041f\u043e\u0434\u0430\u0440\u044a\u043a \"\u0427\u0443\u0434\u043e\" \u2013 \u0421\u043f\u0435\u0446\u0438\u0430\u043b\u0435\u043d \u043d\u0430\u0447\u0438\u043d \u0434\u0430 \u0438\u0437\u0440\u0430\u0437\u0438\u0442\u0435 \u0441\u0432\u043e\u0435\u0442\u043e \u0432\u043d\u0438\u043c\u0430\u043d\u0438\u0435 \u0438 \u043e\u0431\u0438\u0447 - Vanya Ivanova","isPartOf":{"@id":"https:\/\/vanyaivanova.eu\/#website"},"primaryImageOfPage":{"@id":"https:\/\/vanyaivanova.eu\/product\/%d0%bf%d0%be%d0%b4%d0%b0%d1%80%d1%8a%d0%ba-%d1%87%d1%83%d0%b4%d0%be-%d1%81%d0%bf%d0%b5%d1%86%d0%b8%d0%b0%d0%bb%d0%b5%d0%bd-%d0%bd%d0%b0%d1%87%d0%b8%d0%bd-%d0%b4%d0%b0-%d0%b8%d0%b7%d1%80\/#primaryimage"},"image":{"@id":"https:\/\/vanyaivanova.eu\/product\/%d0%bf%d0%be%d0%b4%d0%b0%d1%80%d1%8a%d0%ba-%d1%87%d1%83%d0%b4%d0%be-%d1%81%d0%bf%d0%b5%d1%86%d0%b8%d0%b0%d0%bb%d0%b5%d0%bd-%d0%bd%d0%b0%d1%87%d0%b8%d0%bd-%d0%b4%d0%b0-%d0%b8%d0%b7%d1%80\/#primaryimage"},"thumbnailUrl":"https:\/\/vanyaivanova.eu\/wp-content\/uploads\/2024\/12\/birthday-2583513_1280.jpg","datePublished":"2024-12-27T23:08:17+00:00","dateModified":"2025-01-16T02:19:22+00:00","description":"\u0418\u0437\u0431\u0435\u0440\u0435\u0442\u0435 \u041f\u043e\u0434\u0430\u0440\u044a\u043a \"\u0427\u0443\u0434\u043e\" \u2013 \u0421\u043f\u0435\u0446\u0438\u0430\u043b\u0435\u043d \u043d\u0430\u0447\u0438\u043d \u0434\u0430 \u0438\u0437\u0440\u0430\u0437\u0438\u0442\u0435 \u0441\u0432\u043e\u0435\u0442\u043e \u0432\u043d\u0438\u043c\u0430\u043d\u0438\u0435 \u0438 \u043e\u0431\u0438\u0447 . \u0420\u0430\u0437\u0433\u043b\u0435\u0434\u0430\u0439\u0442\u0435 \u0438 \u043e\u0441\u0442\u0430\u043d\u0430\u043b\u0438\u0442\u0435 \u043f\u0440\u043e\u0434\u0443\u043a\u0442\u0438 \u043e\u0442 \u043a\u0430\u0442\u0435\u0433\u043e\u0440\u0438\u044f\u0442\u0430 .","breadcrumb":{"@id":"https:\/\/vanyaivanova.eu\/product\/%d0%bf%d0%be%d0%b4%d0%b0%d1%80%d1%8a%d0%ba-%d1%87%d1%83%d0%b4%d0%be-%d1%81%d0%bf%d0%b5%d1%86%d0%b8%d0%b0%d0%bb%d0%b5%d0%bd-%d0%bd%d0%b0%d1%87%d0%b8%d0%bd-%d0%b4%d0%b0-%d0%b8%d0%b7%d1%80\/#breadcrumb"},"inLanguage":"fr-FR","potentialAction":[{"@type":"ReadAction","target":["https:\/\/vanyaivanova.eu\/product\/%d0%bf%d0%be%d0%b4%d0%b0%d1%80%d1%8a%d0%ba-%d1%87%d1%83%d0%b4%d0%be-%d1%81%d0%bf%d0%b5%d1%86%d0%b8%d0%b0%d0%bb%d0%b5%d0%bd-%d0%bd%d0%b0%d1%87%d0%b8%d0%bd-%d0%b4%d0%b0-%d0%b8%d0%b7%d1%80\/"]}]},{"@type":"ImageObject","inLanguage":"fr-FR","@id":"https:\/\/vanyaivanova.eu\/product\/%d0%bf%d0%be%d0%b4%d0%b0%d1%80%d1%8a%d0%ba-%d1%87%d1%83%d0%b4%d0%be-%d1%81%d0%bf%d0%b5%d1%86%d0%b8%d0%b0%d0%bb%d0%b5%d0%bd-%d0%bd%d0%b0%d1%87%d0%b8%d0%bd-%d0%b4%d0%b0-%d0%b8%d0%b7%d1%80\/#primaryimage","url":"https:\/\/vanyaivanova.eu\/wp-content\/uploads\/2024\/12\/birthday-2583513_1280.jpg","contentUrl":"https:\/\/vanyaivanova.eu\/wp-content\/uploads\/2024\/12\/birthday-2583513_1280.jpg","width":1280,"height":898},{"@type":"BreadcrumbList","@id":"https:\/\/vanyaivanova.eu\/product\/%d0%bf%d0%be%d0%b4%d0%b0%d1%80%d1%8a%d0%ba-%d1%87%d1%83%d0%b4%d0%be-%d1%81%d0%bf%d0%b5%d1%86%d0%b8%d0%b0%d0%bb%d0%b5%d0%bd-%d0%bd%d0%b0%d1%87%d0%b8%d0%bd-%d0%b4%d0%b0-%d0%b8%d0%b7%d1%80\/#breadcrumb","itemListElement":[{"@type":"ListItem","position":1,"name":"\u041d\u0430\u0447\u0430\u043b\u043e","item":"https:\/\/vanyaivanova.eu\/"},{"@type":"ListItem","position":2,"name":"\u041f\u0421\u0418 \u0418\u043d\u0441\u0442\u0440\u0443\u043c\u0435\u043d\u0442\u0438","item":"https:\/\/vanyaivanova.eu\/%d0%bc%d0%b0%d0%b3%d0%b0%d0%b7%d0%b8%d0%bd-%d0%bc%d0%b0%d0%b3%d0%b8%d1%87%d0%b5%d0%bd-%d1%81%d0%b2%d1%8f%d1%82\/"},{"@type":"ListItem","position":3,"name":"\u041f\u043e\u0434\u0430\u0440\u044a\u043a &#8222;\u0427\u0443\u0434\u043e&#8220; \u2013 \u0421\u043f\u0435\u0446\u0438\u0430\u043b\u0435\u043d \u043d\u0430\u0447\u0438\u043d \u0434\u0430 \u0438\u0437\u0440\u0430\u0437\u0438\u0442\u0435 \u0441\u0432\u043e\u0435\u0442\u043e \u0432\u043d\u0438\u043c\u0430\u043d\u0438\u0435 \u0438 \u043e\u0431\u0438\u0447"}]},{"@type":"WebSite","@id":"https:\/\/vanyaivanova.eu\/#website","url":"https:\/\/vanyaivanova.eu\/","name":"Vanya Ivanova","description":"Vanya Ivanova","publisher":{"@id":"https:\/\/vanyaivanova.eu\/#\/schema\/person\/262fb9ea8198a347c4a8aaeba79b6aca"},"potentialAction":[{"@type":"SearchAction","target":{"@type":"EntryPoint","urlTemplate":"https:\/\/vanyaivanova.eu\/?s={search_term_string}"},"query-input":{"@type":"PropertyValueSpecification","valueRequired":true,"valueName":"search_term_string"}}],"inLanguage":"fr-FR"},{"@type":["Person","Organization"],"@id":"https:\/\/vanyaivanova.eu\/#\/schema\/person\/262fb9ea8198a347c4a8aaeba79b6aca","name":"Vanya Ivanova","image":{"@type":"ImageObject","inLanguage":"fr-FR","@id":"https:\/\/vanyaivanova.eu\/#\/schema\/person\/image\/","url":"https:\/\/vanyaivanova.eu\/wp-content\/uploads\/2020\/12\/VanyaIvanova-1.png","contentUrl":"https:\/\/vanyaivanova.eu\/wp-content\/uploads\/2020\/12\/VanyaIvanova-1.png","width":448,"height":77,"caption":"Vanya Ivanova"},"logo":{"@id":"https:\/\/vanyaivanova.eu\/#\/schema\/person\/image\/"}}]}},"_links":{"self":[{"href":"https:\/\/vanyaivanova.eu\/fr\/wp-json\/wp\/v2\/product\/1660","targetHints":{"allow":["GET"]}}],"collection":[{"href":"https:\/\/vanyaivanova.eu\/fr\/wp-json\/wp\/v2\/product"}],"about":[{"href":"https:\/\/vanyaivanova.eu\/fr\/wp-json\/wp\/v2\/types\/product"}],"replies":[{"embeddable":true,"href":"https:\/\/vanyaivanova.eu\/fr\/wp-json\/wp\/v2\/comments?post=1660"}],"wp:featuredmedia":[{"embeddable":true,"href":"https:\/\/vanyaivanova.eu\/fr\/wp-json\/wp\/v2\/media\/1856"}],"wp:attachment":[{"href":"https:\/\/vanyaivanova.eu\/fr\/wp-json\/wp\/v2\/media?parent=1660"}],"wp:term":[{"taxonomy":"product_cat","embeddable":true,"href":"https:\/\/vanyaivanova.eu\/fr\/wp-json\/wp\/v2\/product_cat?post=1660"},{"taxonomy":"product_tag","embeddable":true,"href":"https:\/\/vanyaivanova.eu\/fr\/wp-json\/wp\/v2\/product_tag?post=1660"}],"curies":[{"name":"wp","href":"https:\/\/api.w.org\/{rel}","templated":true}]}}