{"id":1823,"date":"2025-01-06T08:52:57","date_gmt":"2025-01-06T08:52:57","guid":{"rendered":"https:\/\/vanyaivanova.eu\/?post_type=product&#038;p=1823"},"modified":"2025-03-20T15:50:09","modified_gmt":"2025-03-20T13:50:09","slug":"%d0%be%d0%bd%d0%bb%d0%b0%d0%b9%d0%bd-%d0%bf%d1%80%d0%b0%d0%ba%d1%82%d0%b8%d1%87%d0%b5%d1%81%d0%ba%d0%be-%d1%80%d1%8a%d0%ba%d0%be%d0%b2%d0%be%d0%b4%d1%81%d1%82%d0%b2%d0%be-%d0%b2%d1%81%d0%b8%d1%87","status":"publish","type":"product","link":"https:\/\/vanyaivanova.eu\/fr\/product\/%d0%be%d0%bd%d0%bb%d0%b0%d0%b9%d0%bd-%d0%bf%d1%80%d0%b0%d0%ba%d1%82%d0%b8%d1%87%d0%b5%d1%81%d0%ba%d0%be-%d1%80%d1%8a%d0%ba%d0%be%d0%b2%d0%be%d0%b4%d1%81%d1%82%d0%b2%d0%be-%d0%b2%d1%81%d0%b8%d1%87\/","title":{"rendered":"&#8222;\u0412\u0441\u0438\u0447\u043a\u043e \u043c\u043e\u0436\u0435 \u0434\u0430 \u0441\u0435 \u0441\u043b\u0443\u0447\u0432\u0430 \u0441 \u043b\u0435\u043a\u043e\u0442\u0430&#8220;"},"content":{"rendered":"<p><strong>Bienvenue dans \u00ab Guide pratique en ligne : Tout peut se faire avec l\u00e9g\u00e8ret\u00e9 \u00bb !<\/strong><\/p>\n<p>Dans notre vie quotidienne, nous sommes souvent confront\u00e9s \u00e0 des d\u00e9fis, du stress et de la pression qui nous emp\u00eachent de vivre pleinement et avec l\u00e9g\u00e8ret\u00e9. Peut-\u00eatre avez-vous travers\u00e9 des moments de doute, o\u00f9 les choses semblent trop compliqu\u00e9es ou difficiles. Mais que diriez-vous si je vous disais que tout ce que vous d\u00e9sirez peut se r\u00e9aliser avec l\u00e9g\u00e8ret\u00e9 et fluidit\u00e9 ?<\/p>\n<p>Le guide est con\u00e7u pour vous aider \u00e0 d\u00e9couvrir des moyens de vivre de mani\u00e8re plus consciente, avec plus de l\u00e9g\u00e8ret\u00e9 et de paix int\u00e9rieure. Ici, je partagerai avec vous des techniques pratiques, des strat\u00e9gies et des philosophies qui vous aideront \u00e0 attirer le succ\u00e8s, \u00e0 surmonter les difficult\u00e9s et \u00e0 cr\u00e9er la vie que vous d\u00e9sirez \u2013 sans stress et sans efforts inutiles.<\/p>\n<p><strong>\u00c0 qui s'adresse le guide ?<\/strong><\/p>\n<ul>\n<li>Pour tous ceux qui souhaitent se lib\u00e9rer de la tension et du stress dans leur quotidien.<\/li>\n<li>Pour ceux qui se sentent submerg\u00e9s par les t\u00e2ches quotidiennes et ne savent pas par o\u00f9 commencer pour atteindre la l\u00e9g\u00e8ret\u00e9 dans leur vie.<\/li>\n<li>Pour les personnes qui recherchent de nouvelles fa\u00e7ons d'attirer le succ\u00e8s, l'amour et le bonheur dans leur vie.<\/li>\n<li>Pour tous ceux qui souhaitent comprendre comment atteindre l'\u00e9quilibre int\u00e9rieur et cr\u00e9er des changements positifs avec un minimum d'efforts.<\/li>\n<\/ul>\n<p><strong>Que d\u00e9couvrirez-vous dans ce guide ?<\/strong><\/p>\n<ol>\n<li class=\"translation-block\"><strong>Affirmations puissantes pour la l\u00e9g\u00e8ret\u00e9 et le succ\u00e8s<\/strong> Apprenez \u00e0 utiliser la puissance des affirmations positives et de l'auto-ajustement pour chasser le n\u00e9gativisme et attirer des opportunit\u00e9s positives. Vous d\u00e9couvrirez comment cr\u00e9er vos propres affirmations qui vous guideront vers la l\u00e9g\u00e8ret\u00e9 et le succ\u00e8s.<\/li>\n<li class=\"translation-block\"><strong>Techniques pour lib\u00e9rer le stress<\/strong> Des pratiques telles que la m\u00e9ditation, la respiration et la relaxation consciente qui vous aideront \u00e0 vous d\u00e9tendre et \u00e0 surmonter le stress. Vous apprendrez \u00e0 lib\u00e9rer les tensions dans votre corps et votre esprit pour vivre avec plus de l\u00e9g\u00e8ret\u00e9.<\/li>\n<li class=\"translation-block\"><strong>Comment sortir de la \u00ab paralysie du choix \u00bb<\/strong> Il est fr\u00e9quent que les gens se retrouvent dans un \u00e9tat d'incertitude lorsqu'ils doivent prendre des d\u00e9cisions. Dans notre guide, vous apprendrez \u00e0 surmonter les doutes et \u00e0 agir avec calme, clart\u00e9 et confiance.<\/li>\n<li class=\"translation-block\"><strong>Les principes du \u00ab minimum d'efforts, maximum de r\u00e9sultats \u00bb<\/strong> Vous d\u00e9couvrirez comment vous lib\u00e9rer de la pression de travailler excessivement pour r\u00e9ussir. \u00c0 la place, vous apprendrez \u00e0 obtenir des r\u00e9sultats maximaux avec un minimum d'efforts, en utilisant des m\u00e9thodes de travail intelligentes et efficaces.<\/li>\n<li class=\"translation-block\"><strong>Comment maintenir la l\u00e9g\u00e8ret\u00e9 dans vos relations<\/strong> Vous explorerez des moyens de cr\u00e9er des relations harmonieuses et sans stress. Vous apprendrez \u00e0 communiquer avec votre partenaire, vos amis et vos coll\u00e8gues d'une mani\u00e8re qui renforce les liens et r\u00e9duit les conflits.<\/li>\n<li class=\"translation-block\"><strong>La magie de la gratitude et du l\u00e2cher-prise<\/strong> Vous d\u00e9couvrirez comment la gratitude et le l\u00e2cher-prise peuvent cr\u00e9er un espace de l\u00e9g\u00e8ret\u00e9 dans votre vie. La gratitude est un outil puissant pour attirer davantage d\u2019\u00e9l\u00e9ments positifs dans votre existence.<\/li>\n<li class=\"translation-block\"><strong>Comment vous connecter \u00e0 votre intuition<\/strong> Vous apprendrez \u00e0 faire confiance \u00e0 vos ressentis int\u00e9rieurs et \u00e0 prendre des d\u00e9cisions qui m\u00e8nent \u00e0 la l\u00e9g\u00e8ret\u00e9. Vous d\u00e9couvrirez comment \u00e9couter votre intuition pour tracer la bonne direction dans votre vie.<\/li>\n<\/ol>\n<p>&nbsp;<\/p>","protected":false},"excerpt":{"rendered":"<p><strong>Pourquoi est-il important de vivre avec l\u00e9g\u00e8ret\u00e9 ?<\/strong><\/p>\n<p>Vivre avec l\u00e9g\u00e8ret\u00e9 ne signifie pas \u00e9viter les difficult\u00e9s, mais apprendre \u00e0 les g\u00e9rer d'une mani\u00e8re qui ne nous p\u00e8se pas \u00e9motionnellement ou physiquement. La l\u00e9g\u00e8ret\u00e9 est un \u00e9tat de libert\u00e9 int\u00e9rieure qui nous permet d'\u00eatre plus productifs, plus heureux et plus r\u00e9ussis.<\/p>\n<p>Quand nous vivons avec l\u00e9g\u00e8ret\u00e9 :<\/p>\n<ul>\n<li>Nous sommes plus confiants et sereins en nous-m\u00eames.<\/li>\n<li>Nous attirons davantage d'opportunit\u00e9s et de succ\u00e8s sans effort.<\/li>\n<li>Nous cr\u00e9ons de l'harmonie et de l'\u00e9quilibre dans notre vie et nos relations.<\/li>\n<li>Nous maintenons un mode de vie plus sain, moins de stress et plus de joie.<\/li>\n<\/ul>\n<p><strong>Que recevrez-vous du guide ?<\/strong><\/p>\n<ul>\n<li><strong>Des \u00e9tapes pratiques pour g\u00e9rer le stress et la tension.<\/strong><\/li>\n<li><strong>Des techniques pour d\u00e9velopper la paix int\u00e9rieure et l'\u00e9quilibre.<\/strong><\/li>\n<li><strong>Un plan pour attirer le succ\u00e8s et le bonheur dans votre vie avec un minimum d'efforts.<\/strong><\/li>\n<li><strong>Des ressources pour maintenir la l\u00e9g\u00e8ret\u00e9 dans les relations personnelles et professionnelles.<\/strong><\/li>\n<li><strong>De la motivation pour cr\u00e9er la vie que vous avez toujours voulue, sans vous sentir accabl\u00e9.<\/strong><\/li>\n<\/ul>\n<p><strong>Comment commencer ?<\/strong><\/p>\n<p class=\"translation-block\">Inscrivez-vous d\u00e8s maintenant et obtenez l'acc\u00e8s \u00e0 notre <strong>guide en ligne<\/strong>. Vous recevrez imm\u00e9diatement un ensemble complet de mat\u00e9riaux et de pratiques \u00e0 commencer \u00e0 utiliser d\u00e8s aujourd'hui.<\/p>\n<p>N'attendez pas demain pour commencer \u00e0 vivre avec l\u00e9g\u00e8ret\u00e9 et attirer tout ce que vous d\u00e9sirez ! \u00ab Tout peut se faire avec l\u00e9g\u00e8ret\u00e9 \u00bb \u2013 commencez d\u00e8s maintenant, car vous m\u00e9ritez une vie remplie de joie et d'harmonie.<\/p>\n<p>Commencez votre voyage vers la l\u00e9g\u00e8ret\u00e9 d\u00e8s maintenant !<\/p>","protected":false},"featured_media":1824,"comment_status":"open","ping_status":"closed","template":"","meta":{"_et_pb_use_builder":"","_et_pb_old_content":"","_et_gb_content_width":""},"product_cat":[15],"product_tag":[],"class_list":{"0":"post-1823","1":"product","2":"type-product","3":"status-publish","4":"has-post-thumbnail","6":"product_cat-15","8":"first","9":"instock","10":"shipping-taxable","11":"purchasable","12":"product-type-simple"},"yoast_head":"<!-- This site is optimized with the Yoast SEO plugin v24.1 - https:\/\/yoast.com\/wordpress\/plugins\/seo\/ -->\n<title>&quot;\u0412\u0441\u0438\u0447\u043a\u043e \u043c\u043e\u0436\u0435 \u0434\u0430 \u0441\u0435 \u0441\u043b\u0443\u0447\u0432\u0430 \u0441 \u043b\u0435\u043a\u043e\u0442\u0430&quot; - Vanya Ivanova<\/title>\n<meta name=\"description\" content=\"\u0418\u0437\u0431\u0435\u0440\u0435\u0442\u0435 &quot;\u0412\u0441\u0438\u0447\u043a\u043e \u043c\u043e\u0436\u0435 \u0434\u0430 \u0441\u0435 \u0441\u043b\u0443\u0447\u0432\u0430 \u0441 \u043b\u0435\u043a\u043e\u0442\u0430&quot; . \u0420\u0430\u0437\u0433\u043b\u0435\u0434\u0430\u0439\u0442\u0435 \u0438 \u043e\u0441\u0442\u0430\u043d\u0430\u043b\u0438\u0442\u0435 \u043f\u0440\u043e\u0434\u0443\u043a\u0442\u0438 \u043e\u0442 \u043a\u0430\u0442\u0435\u0433\u043e\u0440\u0438\u044f\u0442\u0430 .\" \/>\n<meta name=\"robots\" content=\"index, follow, max-snippet:-1, max-image-preview:large, max-video-preview:-1\" \/>\n<link rel=\"canonical\" href=\"https:\/\/vanyaivanova.eu\/fr\/product\/\u043e\u043d\u043b\u0430\u0439\u043d-\u043f\u0440\u0430\u043a\u0442\u0438\u0447\u0435\u0441\u043a\u043e-\u0440\u044a\u043a\u043e\u0432\u043e\u0434\u0441\u0442\u0432\u043e-\u0432\u0441\u0438\u0447\/\" \/>\n<meta property=\"og:locale\" content=\"fr_FR\" \/>\n<meta property=\"og:type\" content=\"article\" \/>\n<meta property=\"og:title\" content=\"&quot;\u0412\u0441\u0438\u0447\u043a\u043e \u043c\u043e\u0436\u0435 \u0434\u0430 \u0441\u0435 \u0441\u043b\u0443\u0447\u0432\u0430 \u0441 \u043b\u0435\u043a\u043e\u0442\u0430&quot; - Vanya Ivanova\" \/>\n<meta property=\"og:description\" content=\"\u0418\u0437\u0431\u0435\u0440\u0435\u0442\u0435 &quot;\u0412\u0441\u0438\u0447\u043a\u043e \u043c\u043e\u0436\u0435 \u0434\u0430 \u0441\u0435 \u0441\u043b\u0443\u0447\u0432\u0430 \u0441 \u043b\u0435\u043a\u043e\u0442\u0430&quot; . \u0420\u0430\u0437\u0433\u043b\u0435\u0434\u0430\u0439\u0442\u0435 \u0438 \u043e\u0441\u0442\u0430\u043d\u0430\u043b\u0438\u0442\u0435 \u043f\u0440\u043e\u0434\u0443\u043a\u0442\u0438 \u043e\u0442 \u043a\u0430\u0442\u0435\u0433\u043e\u0440\u0438\u044f\u0442\u0430 .\" \/>\n<meta property=\"og:url\" content=\"https:\/\/vanyaivanova.eu\/fr\/product\/\u043e\u043d\u043b\u0430\u0439\u043d-\u043f\u0440\u0430\u043a\u0442\u0438\u0447\u0435\u0441\u043a\u043e-\u0440\u044a\u043a\u043e\u0432\u043e\u0434\u0441\u0442\u0432\u043e-\u0432\u0441\u0438\u0447\/\" \/>\n<meta property=\"og:site_name\" content=\"Vanya Ivanova\" \/>\n<meta property=\"article:modified_time\" content=\"2025-03-20T13:50:09+00:00\" \/>\n<meta property=\"og:image\" content=\"https:\/\/vanyaivanova.eu\/wp-content\/uploads\/2025\/01\/bird-feather-5625806_1280.jpg\" \/>\n\t<meta property=\"og:image:width\" content=\"1280\" \/>\n\t<meta property=\"og:image:height\" content=\"853\" \/>\n\t<meta property=\"og:image:type\" content=\"image\/jpeg\" \/>\n<meta name=\"twitter:card\" content=\"summary_large_image\" \/>\n<meta name=\"twitter:label1\" content=\"Dur\u00e9e de lecture estim\u00e9e\" \/>\n\t<meta name=\"twitter:data1\" content=\"3 minutes\" \/>\n<script type=\"application\/ld+json\" class=\"yoast-schema-graph\">{\"@context\":\"https:\/\/schema.org\",\"@graph\":[{\"@type\":\"WebPage\",\"@id\":\"https:\/\/vanyaivanova.eu\/product\/%d0%be%d0%bd%d0%bb%d0%b0%d0%b9%d0%bd-%d0%bf%d1%80%d0%b0%d0%ba%d1%82%d0%b8%d1%87%d0%b5%d1%81%d0%ba%d0%be-%d1%80%d1%8a%d0%ba%d0%be%d0%b2%d0%be%d0%b4%d1%81%d1%82%d0%b2%d0%be-%d0%b2%d1%81%d0%b8%d1%87\/\",\"url\":\"https:\/\/vanyaivanova.eu\/product\/%d0%be%d0%bd%d0%bb%d0%b0%d0%b9%d0%bd-%d0%bf%d1%80%d0%b0%d0%ba%d1%82%d0%b8%d1%87%d0%b5%d1%81%d0%ba%d0%be-%d1%80%d1%8a%d0%ba%d0%be%d0%b2%d0%be%d0%b4%d1%81%d1%82%d0%b2%d0%be-%d0%b2%d1%81%d0%b8%d1%87\/\",\"name\":\"\\\"\u0412\u0441\u0438\u0447\u043a\u043e \u043c\u043e\u0436\u0435 \u0434\u0430 \u0441\u0435 \u0441\u043b\u0443\u0447\u0432\u0430 \u0441 \u043b\u0435\u043a\u043e\u0442\u0430\\\" - Vanya Ivanova\",\"isPartOf\":{\"@id\":\"https:\/\/vanyaivanova.eu\/#website\"},\"primaryImageOfPage\":{\"@id\":\"https:\/\/vanyaivanova.eu\/product\/%d0%be%d0%bd%d0%bb%d0%b0%d0%b9%d0%bd-%d0%bf%d1%80%d0%b0%d0%ba%d1%82%d0%b8%d1%87%d0%b5%d1%81%d0%ba%d0%be-%d1%80%d1%8a%d0%ba%d0%be%d0%b2%d0%be%d0%b4%d1%81%d1%82%d0%b2%d0%be-%d0%b2%d1%81%d0%b8%d1%87\/#primaryimage\"},\"image\":{\"@id\":\"https:\/\/vanyaivanova.eu\/product\/%d0%be%d0%bd%d0%bb%d0%b0%d0%b9%d0%bd-%d0%bf%d1%80%d0%b0%d0%ba%d1%82%d0%b8%d1%87%d0%b5%d1%81%d0%ba%d0%be-%d1%80%d1%8a%d0%ba%d0%be%d0%b2%d0%be%d0%b4%d1%81%d1%82%d0%b2%d0%be-%d0%b2%d1%81%d0%b8%d1%87\/#primaryimage\"},\"thumbnailUrl\":\"https:\/\/vanyaivanova.eu\/wp-content\/uploads\/2025\/01\/bird-feather-5625806_1280.jpg\",\"datePublished\":\"2025-01-06T08:52:57+00:00\",\"dateModified\":\"2025-03-20T13:50:09+00:00\",\"description\":\"\u0418\u0437\u0431\u0435\u0440\u0435\u0442\u0435 \\\"\u0412\u0441\u0438\u0447\u043a\u043e \u043c\u043e\u0436\u0435 \u0434\u0430 \u0441\u0435 \u0441\u043b\u0443\u0447\u0432\u0430 \u0441 \u043b\u0435\u043a\u043e\u0442\u0430\\\" . \u0420\u0430\u0437\u0433\u043b\u0435\u0434\u0430\u0439\u0442\u0435 \u0438 \u043e\u0441\u0442\u0430\u043d\u0430\u043b\u0438\u0442\u0435 \u043f\u0440\u043e\u0434\u0443\u043a\u0442\u0438 \u043e\u0442 \u043a\u0430\u0442\u0435\u0433\u043e\u0440\u0438\u044f\u0442\u0430 .\",\"breadcrumb\":{\"@id\":\"https:\/\/vanyaivanova.eu\/product\/%d0%be%d0%bd%d0%bb%d0%b0%d0%b9%d0%bd-%d0%bf%d1%80%d0%b0%d0%ba%d1%82%d0%b8%d1%87%d0%b5%d1%81%d0%ba%d0%be-%d1%80%d1%8a%d0%ba%d0%be%d0%b2%d0%be%d0%b4%d1%81%d1%82%d0%b2%d0%be-%d0%b2%d1%81%d0%b8%d1%87\/#breadcrumb\"},\"inLanguage\":\"fr-FR\",\"potentialAction\":[{\"@type\":\"ReadAction\",\"target\":[\"https:\/\/vanyaivanova.eu\/product\/%d0%be%d0%bd%d0%bb%d0%b0%d0%b9%d0%bd-%d0%bf%d1%80%d0%b0%d0%ba%d1%82%d0%b8%d1%87%d0%b5%d1%81%d0%ba%d0%be-%d1%80%d1%8a%d0%ba%d0%be%d0%b2%d0%be%d0%b4%d1%81%d1%82%d0%b2%d0%be-%d0%b2%d1%81%d0%b8%d1%87\/\"]}]},{\"@type\":\"ImageObject\",\"inLanguage\":\"fr-FR\",\"@id\":\"https:\/\/vanyaivanova.eu\/product\/%d0%be%d0%bd%d0%bb%d0%b0%d0%b9%d0%bd-%d0%bf%d1%80%d0%b0%d0%ba%d1%82%d0%b8%d1%87%d0%b5%d1%81%d0%ba%d0%be-%d1%80%d1%8a%d0%ba%d0%be%d0%b2%d0%be%d0%b4%d1%81%d1%82%d0%b2%d0%be-%d0%b2%d1%81%d0%b8%d1%87\/#primaryimage\",\"url\":\"https:\/\/vanyaivanova.eu\/wp-content\/uploads\/2025\/01\/bird-feather-5625806_1280.jpg\",\"contentUrl\":\"https:\/\/vanyaivanova.eu\/wp-content\/uploads\/2025\/01\/bird-feather-5625806_1280.jpg\",\"width\":1280,\"height\":853},{\"@type\":\"BreadcrumbList\",\"@id\":\"https:\/\/vanyaivanova.eu\/product\/%d0%be%d0%bd%d0%bb%d0%b0%d0%b9%d0%bd-%d0%bf%d1%80%d0%b0%d0%ba%d1%82%d0%b8%d1%87%d0%b5%d1%81%d0%ba%d0%be-%d1%80%d1%8a%d0%ba%d0%be%d0%b2%d0%be%d0%b4%d1%81%d1%82%d0%b2%d0%be-%d0%b2%d1%81%d0%b8%d1%87\/#breadcrumb\",\"itemListElement\":[{\"@type\":\"ListItem\",\"position\":1,\"name\":\"\u041d\u0430\u0447\u0430\u043b\u043e\",\"item\":\"https:\/\/vanyaivanova.eu\/\"},{\"@type\":\"ListItem\",\"position\":2,\"name\":\"\u041f\u0421\u0418 \u0418\u043d\u0441\u0442\u0440\u0443\u043c\u0435\u043d\u0442\u0438\",\"item\":\"https:\/\/vanyaivanova.eu\/%d0%bc%d0%b0%d0%b3%d0%b0%d0%b7%d0%b8%d0%bd-%d0%bc%d0%b0%d0%b3%d0%b8%d1%87%d0%b5%d0%bd-%d1%81%d0%b2%d1%8f%d1%82\/\"},{\"@type\":\"ListItem\",\"position\":3,\"name\":\"&#8222;\u0412\u0441\u0438\u0447\u043a\u043e \u043c\u043e\u0436\u0435 \u0434\u0430 \u0441\u0435 \u0441\u043b\u0443\u0447\u0432\u0430 \u0441 \u043b\u0435\u043a\u043e\u0442\u0430&#8220;\"}]},{\"@type\":\"WebSite\",\"@id\":\"https:\/\/vanyaivanova.eu\/#website\",\"url\":\"https:\/\/vanyaivanova.eu\/\",\"name\":\"Vanya Ivanova\",\"description\":\"Vanya Ivanova\",\"publisher\":{\"@id\":\"https:\/\/vanyaivanova.eu\/#\/schema\/person\/262fb9ea8198a347c4a8aaeba79b6aca\"},\"potentialAction\":[{\"@type\":\"SearchAction\",\"target\":{\"@type\":\"EntryPoint\",\"urlTemplate\":\"https:\/\/vanyaivanova.eu\/?s={search_term_string}\"},\"query-input\":{\"@type\":\"PropertyValueSpecification\",\"valueRequired\":true,\"valueName\":\"search_term_string\"}}],\"inLanguage\":\"fr-FR\"},{\"@type\":[\"Person\",\"Organization\"],\"@id\":\"https:\/\/vanyaivanova.eu\/#\/schema\/person\/262fb9ea8198a347c4a8aaeba79b6aca\",\"name\":\"Vanya Ivanova\",\"image\":{\"@type\":\"ImageObject\",\"inLanguage\":\"fr-FR\",\"@id\":\"https:\/\/vanyaivanova.eu\/#\/schema\/person\/image\/\",\"url\":\"https:\/\/vanyaivanova.eu\/wp-content\/uploads\/2020\/12\/VanyaIvanova-1.png\",\"contentUrl\":\"https:\/\/vanyaivanova.eu\/wp-content\/uploads\/2020\/12\/VanyaIvanova-1.png\",\"width\":448,\"height\":77,\"caption\":\"Vanya Ivanova\"},\"logo\":{\"@id\":\"https:\/\/vanyaivanova.eu\/#\/schema\/person\/image\/\"}}]}<\/script>\n<!-- \/ Yoast SEO plugin. -->","yoast_head_json":{"title":"\"\u0412\u0441\u0438\u0447\u043a\u043e \u043c\u043e\u0436\u0435 \u0434\u0430 \u0441\u0435 \u0441\u043b\u0443\u0447\u0432\u0430 \u0441 \u043b\u0435\u043a\u043e\u0442\u0430\" - Vanya Ivanova","description":"\u0418\u0437\u0431\u0435\u0440\u0435\u0442\u0435 \"\u0412\u0441\u0438\u0447\u043a\u043e \u043c\u043e\u0436\u0435 \u0434\u0430 \u0441\u0435 \u0441\u043b\u0443\u0447\u0432\u0430 \u0441 \u043b\u0435\u043a\u043e\u0442\u0430\" . \u0420\u0430\u0437\u0433\u043b\u0435\u0434\u0430\u0439\u0442\u0435 \u0438 \u043e\u0441\u0442\u0430\u043d\u0430\u043b\u0438\u0442\u0435 \u043f\u0440\u043e\u0434\u0443\u043a\u0442\u0438 \u043e\u0442 \u043a\u0430\u0442\u0435\u0433\u043e\u0440\u0438\u044f\u0442\u0430 .","robots":{"index":"index","follow":"follow","max-snippet":"max-snippet:-1","max-image-preview":"max-image-preview:large","max-video-preview":"max-video-preview:-1"},"canonical":"https:\/\/vanyaivanova.eu\/fr\/product\/\u043e\u043d\u043b\u0430\u0439\u043d-\u043f\u0440\u0430\u043a\u0442\u0438\u0447\u0435\u0441\u043a\u043e-\u0440\u044a\u043a\u043e\u0432\u043e\u0434\u0441\u0442\u0432\u043e-\u0432\u0441\u0438\u0447\/","og_locale":"fr_FR","og_type":"article","og_title":"\"\u0412\u0441\u0438\u0447\u043a\u043e \u043c\u043e\u0436\u0435 \u0434\u0430 \u0441\u0435 \u0441\u043b\u0443\u0447\u0432\u0430 \u0441 \u043b\u0435\u043a\u043e\u0442\u0430\" - Vanya Ivanova","og_description":"\u0418\u0437\u0431\u0435\u0440\u0435\u0442\u0435 \"\u0412\u0441\u0438\u0447\u043a\u043e \u043c\u043e\u0436\u0435 \u0434\u0430 \u0441\u0435 \u0441\u043b\u0443\u0447\u0432\u0430 \u0441 \u043b\u0435\u043a\u043e\u0442\u0430\" . \u0420\u0430\u0437\u0433\u043b\u0435\u0434\u0430\u0439\u0442\u0435 \u0438 \u043e\u0441\u0442\u0430\u043d\u0430\u043b\u0438\u0442\u0435 \u043f\u0440\u043e\u0434\u0443\u043a\u0442\u0438 \u043e\u0442 \u043a\u0430\u0442\u0435\u0433\u043e\u0440\u0438\u044f\u0442\u0430 .","og_url":"https:\/\/vanyaivanova.eu\/fr\/product\/\u043e\u043d\u043b\u0430\u0439\u043d-\u043f\u0440\u0430\u043a\u0442\u0438\u0447\u0435\u0441\u043a\u043e-\u0440\u044a\u043a\u043e\u0432\u043e\u0434\u0441\u0442\u0432\u043e-\u0432\u0441\u0438\u0447\/","og_site_name":"Vanya Ivanova","article_modified_time":"2025-03-20T13:50:09+00:00","og_image":[{"width":1280,"height":853,"url":"https:\/\/vanyaivanova.eu\/wp-content\/uploads\/2025\/01\/bird-feather-5625806_1280.jpg","type":"image\/jpeg"}],"twitter_card":"summary_large_image","twitter_misc":{"Dur\u00e9e de lecture estim\u00e9e":"3 minutes"},"schema":{"@context":"https:\/\/schema.org","@graph":[{"@type":"WebPage","@id":"https:\/\/vanyaivanova.eu\/product\/%d0%be%d0%bd%d0%bb%d0%b0%d0%b9%d0%bd-%d0%bf%d1%80%d0%b0%d0%ba%d1%82%d0%b8%d1%87%d0%b5%d1%81%d0%ba%d0%be-%d1%80%d1%8a%d0%ba%d0%be%d0%b2%d0%be%d0%b4%d1%81%d1%82%d0%b2%d0%be-%d0%b2%d1%81%d0%b8%d1%87\/","url":"https:\/\/vanyaivanova.eu\/product\/%d0%be%d0%bd%d0%bb%d0%b0%d0%b9%d0%bd-%d0%bf%d1%80%d0%b0%d0%ba%d1%82%d0%b8%d1%87%d0%b5%d1%81%d0%ba%d0%be-%d1%80%d1%8a%d0%ba%d0%be%d0%b2%d0%be%d0%b4%d1%81%d1%82%d0%b2%d0%be-%d0%b2%d1%81%d0%b8%d1%87\/","name":"\"\u0412\u0441\u0438\u0447\u043a\u043e \u043c\u043e\u0436\u0435 \u0434\u0430 \u0441\u0435 \u0441\u043b\u0443\u0447\u0432\u0430 \u0441 \u043b\u0435\u043a\u043e\u0442\u0430\" - Vanya Ivanova","isPartOf":{"@id":"https:\/\/vanyaivanova.eu\/#website"},"primaryImageOfPage":{"@id":"https:\/\/vanyaivanova.eu\/product\/%d0%be%d0%bd%d0%bb%d0%b0%d0%b9%d0%bd-%d0%bf%d1%80%d0%b0%d0%ba%d1%82%d0%b8%d1%87%d0%b5%d1%81%d0%ba%d0%be-%d1%80%d1%8a%d0%ba%d0%be%d0%b2%d0%be%d0%b4%d1%81%d1%82%d0%b2%d0%be-%d0%b2%d1%81%d0%b8%d1%87\/#primaryimage"},"image":{"@id":"https:\/\/vanyaivanova.eu\/product\/%d0%be%d0%bd%d0%bb%d0%b0%d0%b9%d0%bd-%d0%bf%d1%80%d0%b0%d0%ba%d1%82%d0%b8%d1%87%d0%b5%d1%81%d0%ba%d0%be-%d1%80%d1%8a%d0%ba%d0%be%d0%b2%d0%be%d0%b4%d1%81%d1%82%d0%b2%d0%be-%d0%b2%d1%81%d0%b8%d1%87\/#primaryimage"},"thumbnailUrl":"https:\/\/vanyaivanova.eu\/wp-content\/uploads\/2025\/01\/bird-feather-5625806_1280.jpg","datePublished":"2025-01-06T08:52:57+00:00","dateModified":"2025-03-20T13:50:09+00:00","description":"\u0418\u0437\u0431\u0435\u0440\u0435\u0442\u0435 \"\u0412\u0441\u0438\u0447\u043a\u043e \u043c\u043e\u0436\u0435 \u0434\u0430 \u0441\u0435 \u0441\u043b\u0443\u0447\u0432\u0430 \u0441 \u043b\u0435\u043a\u043e\u0442\u0430\" . \u0420\u0430\u0437\u0433\u043b\u0435\u0434\u0430\u0439\u0442\u0435 \u0438 \u043e\u0441\u0442\u0430\u043d\u0430\u043b\u0438\u0442\u0435 \u043f\u0440\u043e\u0434\u0443\u043a\u0442\u0438 \u043e\u0442 \u043a\u0430\u0442\u0435\u0433\u043e\u0440\u0438\u044f\u0442\u0430 .","breadcrumb":{"@id":"https:\/\/vanyaivanova.eu\/product\/%d0%be%d0%bd%d0%bb%d0%b0%d0%b9%d0%bd-%d0%bf%d1%80%d0%b0%d0%ba%d1%82%d0%b8%d1%87%d0%b5%d1%81%d0%ba%d0%be-%d1%80%d1%8a%d0%ba%d0%be%d0%b2%d0%be%d0%b4%d1%81%d1%82%d0%b2%d0%be-%d0%b2%d1%81%d0%b8%d1%87\/#breadcrumb"},"inLanguage":"fr-FR","potentialAction":[{"@type":"ReadAction","target":["https:\/\/vanyaivanova.eu\/product\/%d0%be%d0%bd%d0%bb%d0%b0%d0%b9%d0%bd-%d0%bf%d1%80%d0%b0%d0%ba%d1%82%d0%b8%d1%87%d0%b5%d1%81%d0%ba%d0%be-%d1%80%d1%8a%d0%ba%d0%be%d0%b2%d0%be%d0%b4%d1%81%d1%82%d0%b2%d0%be-%d0%b2%d1%81%d0%b8%d1%87\/"]}]},{"@type":"ImageObject","inLanguage":"fr-FR","@id":"https:\/\/vanyaivanova.eu\/product\/%d0%be%d0%bd%d0%bb%d0%b0%d0%b9%d0%bd-%d0%bf%d1%80%d0%b0%d0%ba%d1%82%d0%b8%d1%87%d0%b5%d1%81%d0%ba%d0%be-%d1%80%d1%8a%d0%ba%d0%be%d0%b2%d0%be%d0%b4%d1%81%d1%82%d0%b2%d0%be-%d0%b2%d1%81%d0%b8%d1%87\/#primaryimage","url":"https:\/\/vanyaivanova.eu\/wp-content\/uploads\/2025\/01\/bird-feather-5625806_1280.jpg","contentUrl":"https:\/\/vanyaivanova.eu\/wp-content\/uploads\/2025\/01\/bird-feather-5625806_1280.jpg","width":1280,"height":853},{"@type":"BreadcrumbList","@id":"https:\/\/vanyaivanova.eu\/product\/%d0%be%d0%bd%d0%bb%d0%b0%d0%b9%d0%bd-%d0%bf%d1%80%d0%b0%d0%ba%d1%82%d0%b8%d1%87%d0%b5%d1%81%d0%ba%d0%be-%d1%80%d1%8a%d0%ba%d0%be%d0%b2%d0%be%d0%b4%d1%81%d1%82%d0%b2%d0%be-%d0%b2%d1%81%d0%b8%d1%87\/#breadcrumb","itemListElement":[{"@type":"ListItem","position":1,"name":"\u041d\u0430\u0447\u0430\u043b\u043e","item":"https:\/\/vanyaivanova.eu\/"},{"@type":"ListItem","position":2,"name":"\u041f\u0421\u0418 \u0418\u043d\u0441\u0442\u0440\u0443\u043c\u0435\u043d\u0442\u0438","item":"https:\/\/vanyaivanova.eu\/%d0%bc%d0%b0%d0%b3%d0%b0%d0%b7%d0%b8%d0%bd-%d0%bc%d0%b0%d0%b3%d0%b8%d1%87%d0%b5%d0%bd-%d1%81%d0%b2%d1%8f%d1%82\/"},{"@type":"ListItem","position":3,"name":"&#8222;\u0412\u0441\u0438\u0447\u043a\u043e \u043c\u043e\u0436\u0435 \u0434\u0430 \u0441\u0435 \u0441\u043b\u0443\u0447\u0432\u0430 \u0441 \u043b\u0435\u043a\u043e\u0442\u0430&#8220;"}]},{"@type":"WebSite","@id":"https:\/\/vanyaivanova.eu\/#website","url":"https:\/\/vanyaivanova.eu\/","name":"Vanya Ivanova","description":"Vanya Ivanova","publisher":{"@id":"https:\/\/vanyaivanova.eu\/#\/schema\/person\/262fb9ea8198a347c4a8aaeba79b6aca"},"potentialAction":[{"@type":"SearchAction","target":{"@type":"EntryPoint","urlTemplate":"https:\/\/vanyaivanova.eu\/?s={search_term_string}"},"query-input":{"@type":"PropertyValueSpecification","valueRequired":true,"valueName":"search_term_string"}}],"inLanguage":"fr-FR"},{"@type":["Person","Organization"],"@id":"https:\/\/vanyaivanova.eu\/#\/schema\/person\/262fb9ea8198a347c4a8aaeba79b6aca","name":"Vanya Ivanova","image":{"@type":"ImageObject","inLanguage":"fr-FR","@id":"https:\/\/vanyaivanova.eu\/#\/schema\/person\/image\/","url":"https:\/\/vanyaivanova.eu\/wp-content\/uploads\/2020\/12\/VanyaIvanova-1.png","contentUrl":"https:\/\/vanyaivanova.eu\/wp-content\/uploads\/2020\/12\/VanyaIvanova-1.png","width":448,"height":77,"caption":"Vanya Ivanova"},"logo":{"@id":"https:\/\/vanyaivanova.eu\/#\/schema\/person\/image\/"}}]}},"_links":{"self":[{"href":"https:\/\/vanyaivanova.eu\/fr\/wp-json\/wp\/v2\/product\/1823","targetHints":{"allow":["GET"]}}],"collection":[{"href":"https:\/\/vanyaivanova.eu\/fr\/wp-json\/wp\/v2\/product"}],"about":[{"href":"https:\/\/vanyaivanova.eu\/fr\/wp-json\/wp\/v2\/types\/product"}],"replies":[{"embeddable":true,"href":"https:\/\/vanyaivanova.eu\/fr\/wp-json\/wp\/v2\/comments?post=1823"}],"wp:featuredmedia":[{"embeddable":true,"href":"https:\/\/vanyaivanova.eu\/fr\/wp-json\/wp\/v2\/media\/1824"}],"wp:attachment":[{"href":"https:\/\/vanyaivanova.eu\/fr\/wp-json\/wp\/v2\/media?parent=1823"}],"wp:term":[{"taxonomy":"product_cat","embeddable":true,"href":"https:\/\/vanyaivanova.eu\/fr\/wp-json\/wp\/v2\/product_cat?post=1823"},{"taxonomy":"product_tag","embeddable":true,"href":"https:\/\/vanyaivanova.eu\/fr\/wp-json\/wp\/v2\/product_tag?post=1823"}],"curies":[{"name":"wp","href":"https:\/\/api.w.org\/{rel}","templated":true}]}}