{"id":1828,"date":"2025-01-06T09:36:09","date_gmt":"2025-01-06T09:36:09","guid":{"rendered":"https:\/\/vanyaivanova.eu\/?post_type=product&#038;p=1828"},"modified":"2025-03-20T15:49:33","modified_gmt":"2025-03-20T13:49:33","slug":"%d0%be%d0%bd%d0%bb%d0%b0%d0%b9%d0%bd-%d1%80%d1%8a%d0%ba%d0%be%d0%b2%d0%be%d0%b4%d1%81%d1%82%d0%b2%d0%be-%d0%ba%d0%b0%d0%ba-%d0%b4%d0%b0-%d0%bf%d0%b5%d1%87%d0%b5%d0%bb%d1%8f-%d0%bf%d0%be","status":"publish","type":"product","link":"https:\/\/vanyaivanova.eu\/fr\/product\/%d0%be%d0%bd%d0%bb%d0%b0%d0%b9%d0%bd-%d1%80%d1%8a%d0%ba%d0%be%d0%b2%d0%be%d0%b4%d1%81%d1%82%d0%b2%d0%be-%d0%ba%d0%b0%d0%ba-%d0%b4%d0%b0-%d0%bf%d0%b5%d1%87%d0%b5%d0%bb%d1%8f-%d0%bf%d0%be\/","title":{"rendered":"\u201e\u041a\u0430\u043a \u0434\u0430 \u043f\u0435\u0447\u0435\u043b\u044f \u043f\u043e\u0432\u0435\u0447\u0435, \u0438\u0437\u043f\u043e\u043b\u0437\u0432\u0430\u0439\u043a\u0438 \u0441\u0438\u043b\u0430\u0442\u0430 \u043d\u0430 \u043c\u0438\u0441\u044a\u043b\u0442\u0430?\u201c"},"content":{"rendered":"<p><strong>Ce que vous apprendrez dans ce guide :<\/strong><\/p>\n<ol>\n<li class=\"translation-block\"><strong>Comment vos pens\u00e9es influencent vos revenus ?<\/strong> Vous ne l'aviez peut-\u00eatre pas r\u00e9alis\u00e9, mais vos attitudes int\u00e9rieures et vos croyances sur l'argent ont un impact direct sur vos r\u00e9sultats financiers. Dans cette section, vous d\u00e9couvrirez comment les pens\u00e9es n\u00e9gatives concernant l'argent (comme \u00ab Je ne serai jamais riche \u00bb ou \u00ab L'argent est difficile \u00e0 gagner \u00bb) peuvent saboter vos efforts, et comment les remplacer par des attitudes positives et motivantes qui attireront l'abondance financi\u00e8re.<\/li>\n<li class=\"translation-block\"><strong>Comment surmonter les croyances limitantes sur l'argent ?<\/strong> Vous apprendrez \u00e0 d\u00e9couvrir et \u00e0 \u00e9liminer les blocages int\u00e9rieurs et les attitudes n\u00e9gatives qui vous emp\u00eachent de gagner plus. Ces croyances sont souvent enracin\u00e9es dans l'enfance ou dans les normes sociales que vous avez adopt\u00e9es, mais elles peuvent \u00eatre facilement transform\u00e9es pour commencer \u00e0 prosp\u00e9rer dans votre vie.<\/li>\n<li class=\"translation-block\"><strong>La puissance de la pens\u00e9e positive pour attirer le succ\u00e8s<\/strong> Vos pens\u00e9es sont un outil extr\u00eamement puissant pour attirer le succ\u00e8s financier. Vous apprendrez comment commencer \u00e0 penser d'une mani\u00e8re qui active la loi de l'attraction et vous guide vers des opportunit\u00e9s de gain. Vous d\u00e9couvrirez comment les affirmations positives et le r\u00e9glage personnel peuvent augmenter votre confiance en vous et ouvrir de nouvelles portes vers la libert\u00e9 financi\u00e8re.<\/li>\n<li class=\"translation-block\"><strong>Comment utiliser la visualisation pour attirer l'argent ?<\/strong> La visualisation est une m\u00e9thode \u00e9prouv\u00e9e pour atteindre le succ\u00e8s, utilis\u00e9e par de nombreux entrepreneurs, investisseurs et sportifs \u00e0 succ\u00e8s. Dans cette section, vous apprendrez comment utiliser le pouvoir de votre imagination pour \u00ab vous voir \u00bb en tant que personne r\u00e9ussie et riche, ce qui commencera \u00e0 se manifester dans votre vie r\u00e9elle.<\/li>\n<li class=\"translation-block\"><strong>Comment cr\u00e9er un plan concret pour le succ\u00e8s financier ?<\/strong> Gagner de l'argent n'est pas seulement une question de pens\u00e9es positives - cela n\u00e9cessite aussi des actions. Vous apprendrez comment \u00e9laborer un plan concret et pratique pour augmenter vos revenus, en combinant une attitude positive avec des \u00e9tapes quotidiennes qui vous guideront vers l'atteinte de votre prosp\u00e9rit\u00e9 financi\u00e8re.<\/li>\n<li class=\"translation-block\"><strong>Comment se lib\u00e9rer de la peur de l'\u00e9chec et prendre des risques ?<\/strong> Beaucoup de gens ont peur de prendre des risques et d'investir en eux-m\u00eames, car ils ne veulent pas perdre d'argent. Dans notre guide, vous apprendrez comment surmonter cette peur et commencer \u00e0 prendre des actions audacieuses qui vous m\u00e8neront \u00e0 de nouvelles opportunit\u00e9s de profit.<\/li>\n<li class=\"translation-block\"><strong>Comment cultiver un \u00e9tat d\u2019esprit d\u2019abondance ?<\/strong> Les opportunit\u00e9s de gain sont partout autour de nous, mais pour les voir et les exploiter, nous devons avoir un \u00e9tat d\u2019esprit d\u2019abondance. Vous apprendrez comment vous pr\u00e9parer \u00e0 voir des opportunit\u00e9s plut\u00f4t que des limitations, et comment cet \u00e9tat d\u2019esprit changera votre approche pour gagner de l\u2019argent.<\/li>\n<\/ol>\n<p><strong>Pourquoi est-il important de changer votre fa\u00e7on de penser l\u2019argent ?<\/strong><\/p>\n<p>Beaucoup de gens travaillent dur, mais ne re\u00e7oivent pas les r\u00e9sultats qu'ils m\u00e9ritent, car ils sont bloqu\u00e9s par de vieilles croyances et des attitudes n\u00e9gatives. Si vous voulez gagner plus, la premi\u00e8re \u00e9tape est de commencer \u00e0 penser d'une mani\u00e8re qui attire la richesse, plut\u00f4t que de vous sentir limit\u00e9 par vos circonstances. Lorsque vous changez votre monde int\u00e9rieur, le monde ext\u00e9rieur commence \u00e9galement \u00e0 changer.<\/p>\n<p><strong>Quels r\u00e9sultats pouvez-vous attendre ?<\/strong><\/p>\n<ul>\n<li class=\"translation-block\"><strong>Augmenter les revenus<\/strong> \u2013 vous apprendrez comment ouvrir votre espace mental \u00e0 de nouvelles opportunit\u00e9s et commencer \u00e0 attirer plus d'argent et de succ\u00e8s.<\/li>\n<li class=\"translation-block\"><strong>Plus de confiance en soi<\/strong> \u2013 avec les bonnes pens\u00e9es et attitudes, vous commencerez \u00e0 vous sentir confiants dans votre capacit\u00e9 \u00e0 gagner et \u00e0 g\u00e9rer l'argent.<\/li>\n<li class=\"translation-block\"><strong>Lib\u00e9ration de la peur et des doutes<\/strong> \u2013 vous vous d\u00e9barrasserez des blocages int\u00e9rieurs et de la peur de l'\u00e9chec qui vous limitent, et vous commencerez \u00e0 agir avec courage et d\u00e9termination.<\/li>\n<li class=\"translation-block\"><strong>Meilleure s\u00e9curit\u00e9 financi\u00e8re et libert\u00e9<\/strong> \u2013 avec des objectifs clairs et un plan d'action, vous commencerez \u00e0 construire un avenir financier stable, vous apportant libert\u00e9 et confiance.<\/li>\n<\/ul>\n<p>&nbsp;<\/p>","protected":false},"excerpt":{"rendered":"<p><strong>Guide en ligne : \u00ab Comment gagner plus en utilisant le pouvoir de la pens\u00e9e ? \u00bb<\/strong><\/p>\n<p>Bienvenue dans mon guide en ligne, qui vous aidera \u00e0 d\u00e9couvrir comment augmenter vos revenus en utilisant la puissance de la pens\u00e9e et de la psychologie positive !<\/p>\n<p>Vous m\u00e9ritez de vivre une vie remplie d'abondance, de succ\u00e8s et de prosp\u00e9rit\u00e9 financi\u00e8re. Mais souvent, nous ne r\u00e9alisons pas \u00e0 quel point nos pens\u00e9es influencent notre situation financi\u00e8re. Comme vous pensez, ainsi vous agissez \u2013 et si vous voulez attirer plus d'argent et de succ\u00e8s dans votre vie, vous devez commencer par un changement conscient de votre mani\u00e8re de penser.<\/p>\n<p>Ce guide est fait pour vous si vous souhaitez comprendre comment vos pens\u00e9es peuvent changer non seulement votre perception de l'argent, mais aussi la mani\u00e8re dont vous gagnez. Vous apprendrez comment surmonter les croyances limitantes qui vous freinent et comment utiliser la puissance d'une attitude positive pour attirer le succ\u00e8s et l'abondance.<\/p>\n<p><strong>Comment commencer ?<\/strong><\/p>\n<p class=\"translation-block\">Commencez d\u00e8s maintenant et rejoignez mon <strong>guide en ligne<\/strong> ! Vous recevrez des instructions compl\u00e8tes, des exercices pratiques et des techniques que vous pouvez commencer \u00e0 appliquer imm\u00e9diatement pour commencer \u00e0 gagner plus et \u00e0 r\u00e9ussir financi\u00e8rement. N'attendez plus ! Profitez du pouvoir de votre pens\u00e9e pour cr\u00e9er la vie que vous m\u00e9ritez. Avec la bonne attitude et les bonnes actions, tout est possible !<\/p>","protected":false},"featured_media":1829,"comment_status":"open","ping_status":"closed","template":"","meta":{"_et_pb_use_builder":"","_et_pb_old_content":"","_et_gb_content_width":""},"product_cat":[15],"product_tag":[],"class_list":{"0":"post-1828","1":"product","2":"type-product","3":"status-publish","4":"has-post-thumbnail","6":"product_cat-15","8":"first","9":"instock","10":"shipping-taxable","11":"purchasable","12":"product-type-simple"},"yoast_head":"<!-- This site is optimized with the Yoast SEO plugin v24.1 - https:\/\/yoast.com\/wordpress\/plugins\/seo\/ -->\n<title>\u201e\u041a\u0430\u043a \u0434\u0430 \u043f\u0435\u0447\u0435\u043b\u044f \u043f\u043e\u0432\u0435\u0447\u0435, \u0438\u0437\u043f\u043e\u043b\u0437\u0432\u0430\u0439\u043a\u0438 \u0441\u0438\u043b\u0430\u0442\u0430 \u043d\u0430 \u043c\u0438\u0441\u044a\u043b\u0442\u0430?\u201c - Vanya Ivanova<\/title>\n<meta name=\"description\" content=\"\u0418\u0437\u0431\u0435\u0440\u0435\u0442\u0435 \u201e\u041a\u0430\u043a \u0434\u0430 \u043f\u0435\u0447\u0435\u043b\u044f \u043f\u043e\u0432\u0435\u0447\u0435, \u0438\u0437\u043f\u043e\u043b\u0437\u0432\u0430\u0439\u043a\u0438 \u0441\u0438\u043b\u0430\u0442\u0430 \u043d\u0430 \u043c\u0438\u0441\u044a\u043b\u0442\u0430?\u201c . \u0420\u0430\u0437\u0433\u043b\u0435\u0434\u0430\u0439\u0442\u0435 \u0438 \u043e\u0441\u0442\u0430\u043d\u0430\u043b\u0438\u0442\u0435 \u043f\u0440\u043e\u0434\u0443\u043a\u0442\u0438 \u043e\u0442 \u043a\u0430\u0442\u0435\u0433\u043e\u0440\u0438\u044f\u0442\u0430 .\" \/>\n<meta name=\"robots\" content=\"index, follow, max-snippet:-1, max-image-preview:large, max-video-preview:-1\" \/>\n<link rel=\"canonical\" href=\"https:\/\/vanyaivanova.eu\/fr\/product\/\u043e\u043d\u043b\u0430\u0439\u043d-\u0440\u044a\u043a\u043e\u0432\u043e\u0434\u0441\u0442\u0432\u043e-\u043a\u0430\u043a-\u0434\u0430-\u043f\u0435\u0447\u0435\u043b\u044f-\u043f\u043e\/\" \/>\n<meta property=\"og:locale\" content=\"fr_FR\" \/>\n<meta property=\"og:type\" content=\"article\" \/>\n<meta property=\"og:title\" content=\"\u201e\u041a\u0430\u043a \u0434\u0430 \u043f\u0435\u0447\u0435\u043b\u044f \u043f\u043e\u0432\u0435\u0447\u0435, \u0438\u0437\u043f\u043e\u043b\u0437\u0432\u0430\u0439\u043a\u0438 \u0441\u0438\u043b\u0430\u0442\u0430 \u043d\u0430 \u043c\u0438\u0441\u044a\u043b\u0442\u0430?\u201c - Vanya Ivanova\" \/>\n<meta property=\"og:description\" content=\"\u0418\u0437\u0431\u0435\u0440\u0435\u0442\u0435 \u201e\u041a\u0430\u043a \u0434\u0430 \u043f\u0435\u0447\u0435\u043b\u044f \u043f\u043e\u0432\u0435\u0447\u0435, \u0438\u0437\u043f\u043e\u043b\u0437\u0432\u0430\u0439\u043a\u0438 \u0441\u0438\u043b\u0430\u0442\u0430 \u043d\u0430 \u043c\u0438\u0441\u044a\u043b\u0442\u0430?\u201c . \u0420\u0430\u0437\u0433\u043b\u0435\u0434\u0430\u0439\u0442\u0435 \u0438 \u043e\u0441\u0442\u0430\u043d\u0430\u043b\u0438\u0442\u0435 \u043f\u0440\u043e\u0434\u0443\u043a\u0442\u0438 \u043e\u0442 \u043a\u0430\u0442\u0435\u0433\u043e\u0440\u0438\u044f\u0442\u0430 .\" \/>\n<meta property=\"og:url\" content=\"https:\/\/vanyaivanova.eu\/fr\/product\/\u043e\u043d\u043b\u0430\u0439\u043d-\u0440\u044a\u043a\u043e\u0432\u043e\u0434\u0441\u0442\u0432\u043e-\u043a\u0430\u043a-\u0434\u0430-\u043f\u0435\u0447\u0435\u043b\u044f-\u043f\u043e\/\" \/>\n<meta property=\"og:site_name\" content=\"Vanya Ivanova\" \/>\n<meta property=\"article:modified_time\" content=\"2025-03-20T13:49:33+00:00\" \/>\n<meta property=\"og:image\" content=\"https:\/\/vanyaivanova.eu\/wp-content\/uploads\/2025\/01\/investment-5241253_1280.jpg\" \/>\n\t<meta property=\"og:image:width\" content=\"1280\" \/>\n\t<meta property=\"og:image:height\" content=\"853\" \/>\n\t<meta property=\"og:image:type\" content=\"image\/jpeg\" \/>\n<meta name=\"twitter:card\" content=\"summary_large_image\" \/>\n<meta name=\"twitter:label1\" content=\"Dur\u00e9e de lecture estim\u00e9e\" \/>\n\t<meta name=\"twitter:data1\" content=\"4 minutes\" \/>\n<script type=\"application\/ld+json\" class=\"yoast-schema-graph\">{\"@context\":\"https:\/\/schema.org\",\"@graph\":[{\"@type\":\"WebPage\",\"@id\":\"https:\/\/vanyaivanova.eu\/product\/%d0%be%d0%bd%d0%bb%d0%b0%d0%b9%d0%bd-%d1%80%d1%8a%d0%ba%d0%be%d0%b2%d0%be%d0%b4%d1%81%d1%82%d0%b2%d0%be-%d0%ba%d0%b0%d0%ba-%d0%b4%d0%b0-%d0%bf%d0%b5%d1%87%d0%b5%d0%bb%d1%8f-%d0%bf%d0%be\/\",\"url\":\"https:\/\/vanyaivanova.eu\/product\/%d0%be%d0%bd%d0%bb%d0%b0%d0%b9%d0%bd-%d1%80%d1%8a%d0%ba%d0%be%d0%b2%d0%be%d0%b4%d1%81%d1%82%d0%b2%d0%be-%d0%ba%d0%b0%d0%ba-%d0%b4%d0%b0-%d0%bf%d0%b5%d1%87%d0%b5%d0%bb%d1%8f-%d0%bf%d0%be\/\",\"name\":\"\u201e\u041a\u0430\u043a \u0434\u0430 \u043f\u0435\u0447\u0435\u043b\u044f \u043f\u043e\u0432\u0435\u0447\u0435, \u0438\u0437\u043f\u043e\u043b\u0437\u0432\u0430\u0439\u043a\u0438 \u0441\u0438\u043b\u0430\u0442\u0430 \u043d\u0430 \u043c\u0438\u0441\u044a\u043b\u0442\u0430?\u201c - Vanya Ivanova\",\"isPartOf\":{\"@id\":\"https:\/\/vanyaivanova.eu\/#website\"},\"primaryImageOfPage\":{\"@id\":\"https:\/\/vanyaivanova.eu\/product\/%d0%be%d0%bd%d0%bb%d0%b0%d0%b9%d0%bd-%d1%80%d1%8a%d0%ba%d0%be%d0%b2%d0%be%d0%b4%d1%81%d1%82%d0%b2%d0%be-%d0%ba%d0%b0%d0%ba-%d0%b4%d0%b0-%d0%bf%d0%b5%d1%87%d0%b5%d0%bb%d1%8f-%d0%bf%d0%be\/#primaryimage\"},\"image\":{\"@id\":\"https:\/\/vanyaivanova.eu\/product\/%d0%be%d0%bd%d0%bb%d0%b0%d0%b9%d0%bd-%d1%80%d1%8a%d0%ba%d0%be%d0%b2%d0%be%d0%b4%d1%81%d1%82%d0%b2%d0%be-%d0%ba%d0%b0%d0%ba-%d0%b4%d0%b0-%d0%bf%d0%b5%d1%87%d0%b5%d0%bb%d1%8f-%d0%bf%d0%be\/#primaryimage\"},\"thumbnailUrl\":\"https:\/\/vanyaivanova.eu\/wp-content\/uploads\/2025\/01\/investment-5241253_1280.jpg\",\"datePublished\":\"2025-01-06T09:36:09+00:00\",\"dateModified\":\"2025-03-20T13:49:33+00:00\",\"description\":\"\u0418\u0437\u0431\u0435\u0440\u0435\u0442\u0435 \u201e\u041a\u0430\u043a \u0434\u0430 \u043f\u0435\u0447\u0435\u043b\u044f \u043f\u043e\u0432\u0435\u0447\u0435, \u0438\u0437\u043f\u043e\u043b\u0437\u0432\u0430\u0439\u043a\u0438 \u0441\u0438\u043b\u0430\u0442\u0430 \u043d\u0430 \u043c\u0438\u0441\u044a\u043b\u0442\u0430?\u201c . \u0420\u0430\u0437\u0433\u043b\u0435\u0434\u0430\u0439\u0442\u0435 \u0438 \u043e\u0441\u0442\u0430\u043d\u0430\u043b\u0438\u0442\u0435 \u043f\u0440\u043e\u0434\u0443\u043a\u0442\u0438 \u043e\u0442 \u043a\u0430\u0442\u0435\u0433\u043e\u0440\u0438\u044f\u0442\u0430 .\",\"breadcrumb\":{\"@id\":\"https:\/\/vanyaivanova.eu\/product\/%d0%be%d0%bd%d0%bb%d0%b0%d0%b9%d0%bd-%d1%80%d1%8a%d0%ba%d0%be%d0%b2%d0%be%d0%b4%d1%81%d1%82%d0%b2%d0%be-%d0%ba%d0%b0%d0%ba-%d0%b4%d0%b0-%d0%bf%d0%b5%d1%87%d0%b5%d0%bb%d1%8f-%d0%bf%d0%be\/#breadcrumb\"},\"inLanguage\":\"fr-FR\",\"potentialAction\":[{\"@type\":\"ReadAction\",\"target\":[\"https:\/\/vanyaivanova.eu\/product\/%d0%be%d0%bd%d0%bb%d0%b0%d0%b9%d0%bd-%d1%80%d1%8a%d0%ba%d0%be%d0%b2%d0%be%d0%b4%d1%81%d1%82%d0%b2%d0%be-%d0%ba%d0%b0%d0%ba-%d0%b4%d0%b0-%d0%bf%d0%b5%d1%87%d0%b5%d0%bb%d1%8f-%d0%bf%d0%be\/\"]}]},{\"@type\":\"ImageObject\",\"inLanguage\":\"fr-FR\",\"@id\":\"https:\/\/vanyaivanova.eu\/product\/%d0%be%d0%bd%d0%bb%d0%b0%d0%b9%d0%bd-%d1%80%d1%8a%d0%ba%d0%be%d0%b2%d0%be%d0%b4%d1%81%d1%82%d0%b2%d0%be-%d0%ba%d0%b0%d0%ba-%d0%b4%d0%b0-%d0%bf%d0%b5%d1%87%d0%b5%d0%bb%d1%8f-%d0%bf%d0%be\/#primaryimage\",\"url\":\"https:\/\/vanyaivanova.eu\/wp-content\/uploads\/2025\/01\/investment-5241253_1280.jpg\",\"contentUrl\":\"https:\/\/vanyaivanova.eu\/wp-content\/uploads\/2025\/01\/investment-5241253_1280.jpg\",\"width\":1280,\"height\":853},{\"@type\":\"BreadcrumbList\",\"@id\":\"https:\/\/vanyaivanova.eu\/product\/%d0%be%d0%bd%d0%bb%d0%b0%d0%b9%d0%bd-%d1%80%d1%8a%d0%ba%d0%be%d0%b2%d0%be%d0%b4%d1%81%d1%82%d0%b2%d0%be-%d0%ba%d0%b0%d0%ba-%d0%b4%d0%b0-%d0%bf%d0%b5%d1%87%d0%b5%d0%bb%d1%8f-%d0%bf%d0%be\/#breadcrumb\",\"itemListElement\":[{\"@type\":\"ListItem\",\"position\":1,\"name\":\"\u041d\u0430\u0447\u0430\u043b\u043e\",\"item\":\"https:\/\/vanyaivanova.eu\/\"},{\"@type\":\"ListItem\",\"position\":2,\"name\":\"\u041f\u0421\u0418 \u0418\u043d\u0441\u0442\u0440\u0443\u043c\u0435\u043d\u0442\u0438\",\"item\":\"https:\/\/vanyaivanova.eu\/%d0%bc%d0%b0%d0%b3%d0%b0%d0%b7%d0%b8%d0%bd-%d0%bc%d0%b0%d0%b3%d0%b8%d1%87%d0%b5%d0%bd-%d1%81%d0%b2%d1%8f%d1%82\/\"},{\"@type\":\"ListItem\",\"position\":3,\"name\":\"\u201e\u041a\u0430\u043a \u0434\u0430 \u043f\u0435\u0447\u0435\u043b\u044f \u043f\u043e\u0432\u0435\u0447\u0435, \u0438\u0437\u043f\u043e\u043b\u0437\u0432\u0430\u0439\u043a\u0438 \u0441\u0438\u043b\u0430\u0442\u0430 \u043d\u0430 \u043c\u0438\u0441\u044a\u043b\u0442\u0430?\u201c\"}]},{\"@type\":\"WebSite\",\"@id\":\"https:\/\/vanyaivanova.eu\/#website\",\"url\":\"https:\/\/vanyaivanova.eu\/\",\"name\":\"Vanya Ivanova\",\"description\":\"Vanya Ivanova\",\"publisher\":{\"@id\":\"https:\/\/vanyaivanova.eu\/#\/schema\/person\/262fb9ea8198a347c4a8aaeba79b6aca\"},\"potentialAction\":[{\"@type\":\"SearchAction\",\"target\":{\"@type\":\"EntryPoint\",\"urlTemplate\":\"https:\/\/vanyaivanova.eu\/?s={search_term_string}\"},\"query-input\":{\"@type\":\"PropertyValueSpecification\",\"valueRequired\":true,\"valueName\":\"search_term_string\"}}],\"inLanguage\":\"fr-FR\"},{\"@type\":[\"Person\",\"Organization\"],\"@id\":\"https:\/\/vanyaivanova.eu\/#\/schema\/person\/262fb9ea8198a347c4a8aaeba79b6aca\",\"name\":\"Vanya Ivanova\",\"image\":{\"@type\":\"ImageObject\",\"inLanguage\":\"fr-FR\",\"@id\":\"https:\/\/vanyaivanova.eu\/#\/schema\/person\/image\/\",\"url\":\"https:\/\/vanyaivanova.eu\/wp-content\/uploads\/2020\/12\/VanyaIvanova-1.png\",\"contentUrl\":\"https:\/\/vanyaivanova.eu\/wp-content\/uploads\/2020\/12\/VanyaIvanova-1.png\",\"width\":448,\"height\":77,\"caption\":\"Vanya Ivanova\"},\"logo\":{\"@id\":\"https:\/\/vanyaivanova.eu\/#\/schema\/person\/image\/\"}}]}<\/script>\n<!-- \/ Yoast SEO plugin. -->","yoast_head_json":{"title":"\u201e\u041a\u0430\u043a \u0434\u0430 \u043f\u0435\u0447\u0435\u043b\u044f \u043f\u043e\u0432\u0435\u0447\u0435, \u0438\u0437\u043f\u043e\u043b\u0437\u0432\u0430\u0439\u043a\u0438 \u0441\u0438\u043b\u0430\u0442\u0430 \u043d\u0430 \u043c\u0438\u0441\u044a\u043b\u0442\u0430?\u201c - Vanya Ivanova","description":"\u0418\u0437\u0431\u0435\u0440\u0435\u0442\u0435 \u201e\u041a\u0430\u043a \u0434\u0430 \u043f\u0435\u0447\u0435\u043b\u044f \u043f\u043e\u0432\u0435\u0447\u0435, \u0438\u0437\u043f\u043e\u043b\u0437\u0432\u0430\u0439\u043a\u0438 \u0441\u0438\u043b\u0430\u0442\u0430 \u043d\u0430 \u043c\u0438\u0441\u044a\u043b\u0442\u0430?\u201c . \u0420\u0430\u0437\u0433\u043b\u0435\u0434\u0430\u0439\u0442\u0435 \u0438 \u043e\u0441\u0442\u0430\u043d\u0430\u043b\u0438\u0442\u0435 \u043f\u0440\u043e\u0434\u0443\u043a\u0442\u0438 \u043e\u0442 \u043a\u0430\u0442\u0435\u0433\u043e\u0440\u0438\u044f\u0442\u0430 .","robots":{"index":"index","follow":"follow","max-snippet":"max-snippet:-1","max-image-preview":"max-image-preview:large","max-video-preview":"max-video-preview:-1"},"canonical":"https:\/\/vanyaivanova.eu\/fr\/product\/\u043e\u043d\u043b\u0430\u0439\u043d-\u0440\u044a\u043a\u043e\u0432\u043e\u0434\u0441\u0442\u0432\u043e-\u043a\u0430\u043a-\u0434\u0430-\u043f\u0435\u0447\u0435\u043b\u044f-\u043f\u043e\/","og_locale":"fr_FR","og_type":"article","og_title":"\u201e\u041a\u0430\u043a \u0434\u0430 \u043f\u0435\u0447\u0435\u043b\u044f \u043f\u043e\u0432\u0435\u0447\u0435, \u0438\u0437\u043f\u043e\u043b\u0437\u0432\u0430\u0439\u043a\u0438 \u0441\u0438\u043b\u0430\u0442\u0430 \u043d\u0430 \u043c\u0438\u0441\u044a\u043b\u0442\u0430?\u201c - Vanya Ivanova","og_description":"\u0418\u0437\u0431\u0435\u0440\u0435\u0442\u0435 \u201e\u041a\u0430\u043a \u0434\u0430 \u043f\u0435\u0447\u0435\u043b\u044f \u043f\u043e\u0432\u0435\u0447\u0435, \u0438\u0437\u043f\u043e\u043b\u0437\u0432\u0430\u0439\u043a\u0438 \u0441\u0438\u043b\u0430\u0442\u0430 \u043d\u0430 \u043c\u0438\u0441\u044a\u043b\u0442\u0430?\u201c . \u0420\u0430\u0437\u0433\u043b\u0435\u0434\u0430\u0439\u0442\u0435 \u0438 \u043e\u0441\u0442\u0430\u043d\u0430\u043b\u0438\u0442\u0435 \u043f\u0440\u043e\u0434\u0443\u043a\u0442\u0438 \u043e\u0442 \u043a\u0430\u0442\u0435\u0433\u043e\u0440\u0438\u044f\u0442\u0430 .","og_url":"https:\/\/vanyaivanova.eu\/fr\/product\/\u043e\u043d\u043b\u0430\u0439\u043d-\u0440\u044a\u043a\u043e\u0432\u043e\u0434\u0441\u0442\u0432\u043e-\u043a\u0430\u043a-\u0434\u0430-\u043f\u0435\u0447\u0435\u043b\u044f-\u043f\u043e\/","og_site_name":"Vanya Ivanova","article_modified_time":"2025-03-20T13:49:33+00:00","og_image":[{"width":1280,"height":853,"url":"https:\/\/vanyaivanova.eu\/wp-content\/uploads\/2025\/01\/investment-5241253_1280.jpg","type":"image\/jpeg"}],"twitter_card":"summary_large_image","twitter_misc":{"Dur\u00e9e de lecture estim\u00e9e":"4 minutes"},"schema":{"@context":"https:\/\/schema.org","@graph":[{"@type":"WebPage","@id":"https:\/\/vanyaivanova.eu\/product\/%d0%be%d0%bd%d0%bb%d0%b0%d0%b9%d0%bd-%d1%80%d1%8a%d0%ba%d0%be%d0%b2%d0%be%d0%b4%d1%81%d1%82%d0%b2%d0%be-%d0%ba%d0%b0%d0%ba-%d0%b4%d0%b0-%d0%bf%d0%b5%d1%87%d0%b5%d0%bb%d1%8f-%d0%bf%d0%be\/","url":"https:\/\/vanyaivanova.eu\/product\/%d0%be%d0%bd%d0%bb%d0%b0%d0%b9%d0%bd-%d1%80%d1%8a%d0%ba%d0%be%d0%b2%d0%be%d0%b4%d1%81%d1%82%d0%b2%d0%be-%d0%ba%d0%b0%d0%ba-%d0%b4%d0%b0-%d0%bf%d0%b5%d1%87%d0%b5%d0%bb%d1%8f-%d0%bf%d0%be\/","name":"\u201e\u041a\u0430\u043a \u0434\u0430 \u043f\u0435\u0447\u0435\u043b\u044f \u043f\u043e\u0432\u0435\u0447\u0435, \u0438\u0437\u043f\u043e\u043b\u0437\u0432\u0430\u0439\u043a\u0438 \u0441\u0438\u043b\u0430\u0442\u0430 \u043d\u0430 \u043c\u0438\u0441\u044a\u043b\u0442\u0430?\u201c - Vanya Ivanova","isPartOf":{"@id":"https:\/\/vanyaivanova.eu\/#website"},"primaryImageOfPage":{"@id":"https:\/\/vanyaivanova.eu\/product\/%d0%be%d0%bd%d0%bb%d0%b0%d0%b9%d0%bd-%d1%80%d1%8a%d0%ba%d0%be%d0%b2%d0%be%d0%b4%d1%81%d1%82%d0%b2%d0%be-%d0%ba%d0%b0%d0%ba-%d0%b4%d0%b0-%d0%bf%d0%b5%d1%87%d0%b5%d0%bb%d1%8f-%d0%bf%d0%be\/#primaryimage"},"image":{"@id":"https:\/\/vanyaivanova.eu\/product\/%d0%be%d0%bd%d0%bb%d0%b0%d0%b9%d0%bd-%d1%80%d1%8a%d0%ba%d0%be%d0%b2%d0%be%d0%b4%d1%81%d1%82%d0%b2%d0%be-%d0%ba%d0%b0%d0%ba-%d0%b4%d0%b0-%d0%bf%d0%b5%d1%87%d0%b5%d0%bb%d1%8f-%d0%bf%d0%be\/#primaryimage"},"thumbnailUrl":"https:\/\/vanyaivanova.eu\/wp-content\/uploads\/2025\/01\/investment-5241253_1280.jpg","datePublished":"2025-01-06T09:36:09+00:00","dateModified":"2025-03-20T13:49:33+00:00","description":"\u0418\u0437\u0431\u0435\u0440\u0435\u0442\u0435 \u201e\u041a\u0430\u043a \u0434\u0430 \u043f\u0435\u0447\u0435\u043b\u044f \u043f\u043e\u0432\u0435\u0447\u0435, \u0438\u0437\u043f\u043e\u043b\u0437\u0432\u0430\u0439\u043a\u0438 \u0441\u0438\u043b\u0430\u0442\u0430 \u043d\u0430 \u043c\u0438\u0441\u044a\u043b\u0442\u0430?\u201c . \u0420\u0430\u0437\u0433\u043b\u0435\u0434\u0430\u0439\u0442\u0435 \u0438 \u043e\u0441\u0442\u0430\u043d\u0430\u043b\u0438\u0442\u0435 \u043f\u0440\u043e\u0434\u0443\u043a\u0442\u0438 \u043e\u0442 \u043a\u0430\u0442\u0435\u0433\u043e\u0440\u0438\u044f\u0442\u0430 .","breadcrumb":{"@id":"https:\/\/vanyaivanova.eu\/product\/%d0%be%d0%bd%d0%bb%d0%b0%d0%b9%d0%bd-%d1%80%d1%8a%d0%ba%d0%be%d0%b2%d0%be%d0%b4%d1%81%d1%82%d0%b2%d0%be-%d0%ba%d0%b0%d0%ba-%d0%b4%d0%b0-%d0%bf%d0%b5%d1%87%d0%b5%d0%bb%d1%8f-%d0%bf%d0%be\/#breadcrumb"},"inLanguage":"fr-FR","potentialAction":[{"@type":"ReadAction","target":["https:\/\/vanyaivanova.eu\/product\/%d0%be%d0%bd%d0%bb%d0%b0%d0%b9%d0%bd-%d1%80%d1%8a%d0%ba%d0%be%d0%b2%d0%be%d0%b4%d1%81%d1%82%d0%b2%d0%be-%d0%ba%d0%b0%d0%ba-%d0%b4%d0%b0-%d0%bf%d0%b5%d1%87%d0%b5%d0%bb%d1%8f-%d0%bf%d0%be\/"]}]},{"@type":"ImageObject","inLanguage":"fr-FR","@id":"https:\/\/vanyaivanova.eu\/product\/%d0%be%d0%bd%d0%bb%d0%b0%d0%b9%d0%bd-%d1%80%d1%8a%d0%ba%d0%be%d0%b2%d0%be%d0%b4%d1%81%d1%82%d0%b2%d0%be-%d0%ba%d0%b0%d0%ba-%d0%b4%d0%b0-%d0%bf%d0%b5%d1%87%d0%b5%d0%bb%d1%8f-%d0%bf%d0%be\/#primaryimage","url":"https:\/\/vanyaivanova.eu\/wp-content\/uploads\/2025\/01\/investment-5241253_1280.jpg","contentUrl":"https:\/\/vanyaivanova.eu\/wp-content\/uploads\/2025\/01\/investment-5241253_1280.jpg","width":1280,"height":853},{"@type":"BreadcrumbList","@id":"https:\/\/vanyaivanova.eu\/product\/%d0%be%d0%bd%d0%bb%d0%b0%d0%b9%d0%bd-%d1%80%d1%8a%d0%ba%d0%be%d0%b2%d0%be%d0%b4%d1%81%d1%82%d0%b2%d0%be-%d0%ba%d0%b0%d0%ba-%d0%b4%d0%b0-%d0%bf%d0%b5%d1%87%d0%b5%d0%bb%d1%8f-%d0%bf%d0%be\/#breadcrumb","itemListElement":[{"@type":"ListItem","position":1,"name":"\u041d\u0430\u0447\u0430\u043b\u043e","item":"https:\/\/vanyaivanova.eu\/"},{"@type":"ListItem","position":2,"name":"\u041f\u0421\u0418 \u0418\u043d\u0441\u0442\u0440\u0443\u043c\u0435\u043d\u0442\u0438","item":"https:\/\/vanyaivanova.eu\/%d0%bc%d0%b0%d0%b3%d0%b0%d0%b7%d0%b8%d0%bd-%d0%bc%d0%b0%d0%b3%d0%b8%d1%87%d0%b5%d0%bd-%d1%81%d0%b2%d1%8f%d1%82\/"},{"@type":"ListItem","position":3,"name":"\u201e\u041a\u0430\u043a \u0434\u0430 \u043f\u0435\u0447\u0435\u043b\u044f \u043f\u043e\u0432\u0435\u0447\u0435, \u0438\u0437\u043f\u043e\u043b\u0437\u0432\u0430\u0439\u043a\u0438 \u0441\u0438\u043b\u0430\u0442\u0430 \u043d\u0430 \u043c\u0438\u0441\u044a\u043b\u0442\u0430?\u201c"}]},{"@type":"WebSite","@id":"https:\/\/vanyaivanova.eu\/#website","url":"https:\/\/vanyaivanova.eu\/","name":"Vanya Ivanova","description":"Vanya Ivanova","publisher":{"@id":"https:\/\/vanyaivanova.eu\/#\/schema\/person\/262fb9ea8198a347c4a8aaeba79b6aca"},"potentialAction":[{"@type":"SearchAction","target":{"@type":"EntryPoint","urlTemplate":"https:\/\/vanyaivanova.eu\/?s={search_term_string}"},"query-input":{"@type":"PropertyValueSpecification","valueRequired":true,"valueName":"search_term_string"}}],"inLanguage":"fr-FR"},{"@type":["Person","Organization"],"@id":"https:\/\/vanyaivanova.eu\/#\/schema\/person\/262fb9ea8198a347c4a8aaeba79b6aca","name":"Vanya Ivanova","image":{"@type":"ImageObject","inLanguage":"fr-FR","@id":"https:\/\/vanyaivanova.eu\/#\/schema\/person\/image\/","url":"https:\/\/vanyaivanova.eu\/wp-content\/uploads\/2020\/12\/VanyaIvanova-1.png","contentUrl":"https:\/\/vanyaivanova.eu\/wp-content\/uploads\/2020\/12\/VanyaIvanova-1.png","width":448,"height":77,"caption":"Vanya Ivanova"},"logo":{"@id":"https:\/\/vanyaivanova.eu\/#\/schema\/person\/image\/"}}]}},"_links":{"self":[{"href":"https:\/\/vanyaivanova.eu\/fr\/wp-json\/wp\/v2\/product\/1828","targetHints":{"allow":["GET"]}}],"collection":[{"href":"https:\/\/vanyaivanova.eu\/fr\/wp-json\/wp\/v2\/product"}],"about":[{"href":"https:\/\/vanyaivanova.eu\/fr\/wp-json\/wp\/v2\/types\/product"}],"replies":[{"embeddable":true,"href":"https:\/\/vanyaivanova.eu\/fr\/wp-json\/wp\/v2\/comments?post=1828"}],"wp:featuredmedia":[{"embeddable":true,"href":"https:\/\/vanyaivanova.eu\/fr\/wp-json\/wp\/v2\/media\/1829"}],"wp:attachment":[{"href":"https:\/\/vanyaivanova.eu\/fr\/wp-json\/wp\/v2\/media?parent=1828"}],"wp:term":[{"taxonomy":"product_cat","embeddable":true,"href":"https:\/\/vanyaivanova.eu\/fr\/wp-json\/wp\/v2\/product_cat?post=1828"},{"taxonomy":"product_tag","embeddable":true,"href":"https:\/\/vanyaivanova.eu\/fr\/wp-json\/wp\/v2\/product_tag?post=1828"}],"curies":[{"name":"wp","href":"https:\/\/api.w.org\/{rel}","templated":true}]}}