{"id":1861,"date":"2025-01-22T06:06:52","date_gmt":"2025-01-22T06:06:52","guid":{"rendered":"https:\/\/vanyaivanova.eu\/?post_type=product&#038;p=1861"},"modified":"2025-01-22T06:06:52","modified_gmt":"2025-01-22T06:06:52","slug":"%d0%bf%d1%80%d0%be%d0%b3%d1%80%d0%b0%d0%bc%d0%b0-%d1%89%d0%b0%d1%81%d1%82%d0%b8%d0%b5-5-%d0%b4%d0%bd%d0%b5%d0%b2%d0%bd%d0%b0-%d0%b2%d0%b0%d1%80%d0%b8%d0%b0%d0%bd%d1%82-2","status":"publish","type":"product","link":"https:\/\/vanyaivanova.eu\/fr\/product\/%d0%bf%d1%80%d0%be%d0%b3%d1%80%d0%b0%d0%bc%d0%b0-%d1%89%d0%b0%d1%81%d1%82%d0%b8%d0%b5-5-%d0%b4%d0%bd%d0%b5%d0%b2%d0%bd%d0%b0-%d0%b2%d0%b0%d1%80%d0%b8%d0%b0%d0%bd%d1%82-2\/","title":{"rendered":"\u041f\u0440\u043e\u0433\u0440\u0430\u043c\u0430 \u0429\u0430\u0441\u0442\u0438\u0435 \u2013 5-\u0434\u043d\u0435\u0432\u043d\u0430, \u0412\u0410\u0420\u0418\u0410\u041d\u0422 2"},"content":{"rendered":"<h3>Que comprend le programme?<\/h3>\n<h4><strong>\u0414\u0435\u043d 1: \u0418\u043d\u0434\u0438\u0432\u0438\u0434\u0443\u0430\u043b\u043d\u0430, \u043e\u043d\u043b\u0430\u0439\u043d \u043c\u043e\u0442\u0438\u0432\u0430\u0446\u0438\u043e\u043d\u043d\u0430 \u0441\u0435\u0441\u0438\u044f &#8211; \u043f\u0438\u0441\u043c\u0435\u043d \u0432\u0438\u0434<\/strong><\/h4>\n<p>Nous commen\u00e7ons par une s\u00e9ance de motivation personnalis\u00e9e au cours de laquelle nous explorerons vos r\u00eaves et vos d\u00e9sirs. Nous comprendrons ce qui vous emp\u00eache de les atteindre et commencerons \u00e0 travailler sur des \u00e9tapes claires pour surmonter les obstacles qui vous retiennent.<\/p>\n<h4><strong>Jour 2 : Hypnose pour une vie d'abondance et de bonheur<\/strong><\/h4>\n<h4><strong>&#8211; \u043f\u0438\u0441\u043c\u0435\u043d \u0432\u0438\u0434<\/strong><\/h4>\n<p>Nous utilisons le pouvoir de l'hypnose pour vous aider \u00e0 vous connecter \u00e0 votre subconscient et \u00e0 lib\u00e9rer les croyances limitantes. Cela vous donnera l\u2019opportunit\u00e9 de remplir votre vie d\u2019abondance et de bonheur en vous d\u00e9barrassant des \u00e9motions n\u00e9gatives et des peurs.<\/p>\n<h4><strong>Jour 3 : Travailler avec le pouvoir des affirmations<\/strong><\/h4>\n<p>Vous apprendrez \u00e0 utiliser les affirmations pour changer vos attitudes et programmer votre esprit vers le succ\u00e8s, le bonheur et la paix int\u00e9rieure. Ces d\u00e9clarations positives vous aideront \u00e0 changer vos perceptions et \u00e0 cr\u00e9er la vie que vous d\u00e9sirez.<\/p>\n<h4><strong>Jour 4 : Le pouvoir des nombres<\/strong><\/h4>\n<p>Vous verrez comment les nombres peuvent affecter votre vie. Vous apprendrez les lois de l\u2019\u00e9nergie des nombres et comment les utiliser pour atteindre le succ\u00e8s et le bonheur. Nous vous d\u00e9voilerons les secrets des nombres qui vous m\u00e8neront \u00e0 ce qui est le mieux pour vous.<\/p>\n<h4><strong>Jour 5 : Plan d'action : Tout est possible<\/strong><\/h4>\n<p class=\"translation-block\">Le dernier jour est consacr\u00e9 \u00e0 la <strong>cr\u00e9ation d\u2019un plan d\u2019action r\u00e9aliste<\/strong>. Nous r\u00e9sumerons tout ce que vous avez appris au cours de ces cinq jours et d\u00e9velopperons des \u00e9tapes sp\u00e9cifiques pour atteindre vos objectifs. Vous aurez une id\u00e9e claire de ce qu'il faut faire pour r\u00e9aliser votre bonheur et votre r\u00e9ussite.<\/p>\n<hr \/>\n<h3>Pour qui ce programme est-il adapt\u00e9 ?<\/h3>\n<ul>\n<li>Pour les personnes qui souhaitent am\u00e9liorer leur qualit\u00e9 de vie.<\/li>\n<li>Pour ceux qui recherchent la paix int\u00e9rieure et le bonheur mais ne savent pas par o\u00f9 commencer.<\/li>\n<li>Pour tous ceux qui souhaitent se lib\u00e9rer des vieilles peurs et des croyances n\u00e9gatives.<\/li>\n<li>Pour ceux qui souhaitent r\u00e9aliser de grands changements personnels ou professionnels.<\/li>\n<\/ul>","protected":false},"excerpt":{"rendered":"<p>\u0412\u0430\u0436\u043d\u043e: \u0418\u043d\u0434\u0438\u0432\u0438\u0434\u0443\u0430\u043b\u043d\u0430, \u043e\u043d\u043b\u0430\u0439\u043d \u043c\u043e\u0442\u0438\u0432\u0430\u0446\u0438\u043e\u043d\u043d\u0430 \u0441\u0435\u0441\u0438\u044f, \u043a\u0430\u043a\u0442\u043e \u0438 \u0445\u0438\u043f\u043d\u043e\u0437\u0430 \u0441\u0430 \u0432 \u0442\u0435\u043a\u0441\u0442\u043e\u0432\u0438 \u0432\u0438\u0434.<\/p>\n<p class=\"translation-block\">Quoi que nous fassions, pensions ou vivions, nous aspirons tous \u00e0 une seule chose : \u00eatre heureux. Le bonheur n\u2019est pas quelque chose de lointain ou d\u2019inatteignable \u2013 il est ici et maintenant, cach\u00e9 dans nos r\u00eaves, nos d\u00e9sirs et nos objectifs. Lorsque nous les r\u00e9alisons, lorsque nous atteignons ce pour quoi nous aspirons, nous ressentons alors une v\u00e9ritable satisfaction et une v\u00e9ritable joie.<\/p>\n<p class=\"translation-block\">Vous m\u00e9ritez aussi ce bonheur ! Vos r\u00eaves peuvent devenir r\u00e9alit\u00e9. <strong>C'est possible !<\/strong> Mais pour y arriver, il faut savoir que chaque changement a son prix. C\u2019est la loi de la vie : pour r\u00e9aliser quelque chose, il faut \u00eatre pr\u00eat \u00e0 investir des efforts et de l\u2019\u00e9nergie.<\/p>\n<p>\u0422\u043e\u0447\u043d\u043e \u0437\u0430\u0440\u0430\u0434\u0438 \u0442\u043e\u0432\u0430 \u0441\u044a\u0437\u0434\u0430\u0434\u043e\u0445 <strong>5-\u0434\u043d\u0435\u0432\u043d\u0438\u044f \u0441\u0442\u0430\u0440\u0442 \u043a\u044a\u043c \u0449\u0430\u0441\u0442\u0438\u0435\u0442\u043e<\/strong> \u2013 \u0443\u043d\u0438\u043a\u0430\u043b\u043d\u0430 \u043f\u0440\u043e\u0433\u0440\u0430\u043c\u0430, \u043a\u043e\u044f\u0442\u043e \u0435 \u0434\u043e\u043a\u0430\u0437\u0430\u043b\u0430 \u0435\u0444\u0435\u043a\u0442\u0438\u0432\u043d\u043e\u0441\u0442\u0442\u0430 \u0441\u0438 \u043f\u0440\u0438 \u043c\u043d\u043e\u0433\u043e \u043d\u0435\u0439\u043d\u0438 \u043a\u043b\u0438\u0435\u043d\u0442\u0438. \u0422\u0430\u0437\u0438 \u043f\u0440\u043e\u0433\u0440\u0430\u043c\u0430 \u0435 \u043c\u0435\u0442\u043e\u0434, \u043a\u043e\u0439\u0442\u043e \u0449\u0435 \u0432\u0438 \u043f\u043e\u043c\u043e\u0433\u043d\u0435 \u0434\u0430 \u0441\u0435 \u0441\u0432\u044a\u0440\u0436\u0435\u0442\u0435 \u0441 \u0432\u0430\u0448\u0435\u0442\u043e \u0432\u044a\u0442\u0440\u0435\u0448\u043d\u043e \u0449\u0430\u0441\u0442\u0438\u0435 \u0438 \u0434\u0430 \u0432\u0437\u0435\u043c\u0435\u0442\u0435 \u043a\u043e\u043d\u0442\u0440\u043e\u043b\u0430 \u0432\u044a\u0440\u0445\u0443 \u0436\u0438\u0432\u043e\u0442\u0430 \u0441\u0438.<\/p>","protected":false},"featured_media":1862,"comment_status":"open","ping_status":"closed","template":"","meta":{"_et_pb_use_builder":"","_et_pb_old_content":"","_et_gb_content_width":""},"product_cat":[15],"product_tag":[],"class_list":{"0":"post-1861","1":"product","2":"type-product","3":"status-publish","4":"has-post-thumbnail","6":"product_cat-15","8":"first","9":"instock","10":"shipping-taxable","11":"purchasable","12":"product-type-simple"},"yoast_head":"<!-- This site is optimized with the Yoast SEO plugin v24.1 - https:\/\/yoast.com\/wordpress\/plugins\/seo\/ -->\n<title>\u041f\u0440\u043e\u0433\u0440\u0430\u043c\u0430 \u0429\u0430\u0441\u0442\u0438\u0435 \u2013 5-\u0434\u043d\u0435\u0432\u043d\u0430, \u0412\u0410\u0420\u0418\u0410\u041d\u0422 2 - Vanya Ivanova<\/title>\n<meta name=\"description\" content=\"\u0418\u0437\u0431\u0435\u0440\u0435\u0442\u0435 \u041f\u0440\u043e\u0433\u0440\u0430\u043c\u0430 \u0429\u0430\u0441\u0442\u0438\u0435 \u2013 5-\u0434\u043d\u0435\u0432\u043d\u0430, \u0412\u0410\u0420\u0418\u0410\u041d\u0422 2 . \u0420\u0430\u0437\u0433\u043b\u0435\u0434\u0430\u0439\u0442\u0435 \u0438 \u043e\u0441\u0442\u0430\u043d\u0430\u043b\u0438\u0442\u0435 \u043f\u0440\u043e\u0434\u0443\u043a\u0442\u0438 \u043e\u0442 \u043a\u0430\u0442\u0435\u0433\u043e\u0440\u0438\u044f\u0442\u0430 .\" \/>\n<meta name=\"robots\" content=\"index, follow, max-snippet:-1, max-image-preview:large, max-video-preview:-1\" \/>\n<link rel=\"canonical\" href=\"https:\/\/vanyaivanova.eu\/fr\/product\/\u043f\u0440\u043e\u0433\u0440\u0430\u043c\u0430-\u0449\u0430\u0441\u0442\u0438\u0435-5-\u0434\u043d\u0435\u0432\u043d\u0430-\u0432\u0430\u0440\u0438\u0430\u043d\u0442-2\/\" \/>\n<meta property=\"og:locale\" content=\"fr_FR\" \/>\n<meta property=\"og:type\" content=\"article\" \/>\n<meta property=\"og:title\" content=\"\u041f\u0440\u043e\u0433\u0440\u0430\u043c\u0430 \u0429\u0430\u0441\u0442\u0438\u0435 \u2013 5-\u0434\u043d\u0435\u0432\u043d\u0430, \u0412\u0410\u0420\u0418\u0410\u041d\u0422 2 - Vanya Ivanova\" \/>\n<meta property=\"og:description\" content=\"\u0418\u0437\u0431\u0435\u0440\u0435\u0442\u0435 \u041f\u0440\u043e\u0433\u0440\u0430\u043c\u0430 \u0429\u0430\u0441\u0442\u0438\u0435 \u2013 5-\u0434\u043d\u0435\u0432\u043d\u0430, \u0412\u0410\u0420\u0418\u0410\u041d\u0422 2 . \u0420\u0430\u0437\u0433\u043b\u0435\u0434\u0430\u0439\u0442\u0435 \u0438 \u043e\u0441\u0442\u0430\u043d\u0430\u043b\u0438\u0442\u0435 \u043f\u0440\u043e\u0434\u0443\u043a\u0442\u0438 \u043e\u0442 \u043a\u0430\u0442\u0435\u0433\u043e\u0440\u0438\u044f\u0442\u0430 .\" \/>\n<meta property=\"og:url\" content=\"https:\/\/vanyaivanova.eu\/fr\/product\/\u043f\u0440\u043e\u0433\u0440\u0430\u043c\u0430-\u0449\u0430\u0441\u0442\u0438\u0435-5-\u0434\u043d\u0435\u0432\u043d\u0430-\u0432\u0430\u0440\u0438\u0430\u043d\u0442-2\/\" \/>\n<meta property=\"og:site_name\" content=\"Vanya Ivanova\" \/>\n<meta property=\"og:image\" content=\"https:\/\/vanyaivanova.eu\/wp-content\/uploads\/2025\/01\/640_159293.jpeg\" \/>\n\t<meta property=\"og:image:width\" content=\"640\" \/>\n\t<meta property=\"og:image:height\" content=\"415\" \/>\n\t<meta property=\"og:image:type\" content=\"image\/jpeg\" \/>\n<meta name=\"twitter:card\" content=\"summary_large_image\" \/>\n<meta name=\"twitter:label1\" content=\"Dur\u00e9e de lecture estim\u00e9e\" \/>\n\t<meta name=\"twitter:data1\" content=\"2 minutes\" \/>\n<script type=\"application\/ld+json\" class=\"yoast-schema-graph\">{\"@context\":\"https:\/\/schema.org\",\"@graph\":[{\"@type\":\"WebPage\",\"@id\":\"https:\/\/vanyaivanova.eu\/product\/%d0%bf%d1%80%d0%be%d0%b3%d1%80%d0%b0%d0%bc%d0%b0-%d1%89%d0%b0%d1%81%d1%82%d0%b8%d0%b5-5-%d0%b4%d0%bd%d0%b5%d0%b2%d0%bd%d0%b0-%d0%b2%d0%b0%d1%80%d0%b8%d0%b0%d0%bd%d1%82-2\/\",\"url\":\"https:\/\/vanyaivanova.eu\/product\/%d0%bf%d1%80%d0%be%d0%b3%d1%80%d0%b0%d0%bc%d0%b0-%d1%89%d0%b0%d1%81%d1%82%d0%b8%d0%b5-5-%d0%b4%d0%bd%d0%b5%d0%b2%d0%bd%d0%b0-%d0%b2%d0%b0%d1%80%d0%b8%d0%b0%d0%bd%d1%82-2\/\",\"name\":\"\u041f\u0440\u043e\u0433\u0440\u0430\u043c\u0430 \u0429\u0430\u0441\u0442\u0438\u0435 \u2013 5-\u0434\u043d\u0435\u0432\u043d\u0430, \u0412\u0410\u0420\u0418\u0410\u041d\u0422 2 - Vanya Ivanova\",\"isPartOf\":{\"@id\":\"https:\/\/vanyaivanova.eu\/#website\"},\"primaryImageOfPage\":{\"@id\":\"https:\/\/vanyaivanova.eu\/product\/%d0%bf%d1%80%d0%be%d0%b3%d1%80%d0%b0%d0%bc%d0%b0-%d1%89%d0%b0%d1%81%d1%82%d0%b8%d0%b5-5-%d0%b4%d0%bd%d0%b5%d0%b2%d0%bd%d0%b0-%d0%b2%d0%b0%d1%80%d0%b8%d0%b0%d0%bd%d1%82-2\/#primaryimage\"},\"image\":{\"@id\":\"https:\/\/vanyaivanova.eu\/product\/%d0%bf%d1%80%d0%be%d0%b3%d1%80%d0%b0%d0%bc%d0%b0-%d1%89%d0%b0%d1%81%d1%82%d0%b8%d0%b5-5-%d0%b4%d0%bd%d0%b5%d0%b2%d0%bd%d0%b0-%d0%b2%d0%b0%d1%80%d0%b8%d0%b0%d0%bd%d1%82-2\/#primaryimage\"},\"thumbnailUrl\":\"https:\/\/vanyaivanova.eu\/wp-content\/uploads\/2025\/01\/640_159293.jpeg\",\"datePublished\":\"2025-01-22T06:06:52+00:00\",\"dateModified\":\"2025-01-22T06:06:52+00:00\",\"description\":\"\u0418\u0437\u0431\u0435\u0440\u0435\u0442\u0435 \u041f\u0440\u043e\u0433\u0440\u0430\u043c\u0430 \u0429\u0430\u0441\u0442\u0438\u0435 \u2013 5-\u0434\u043d\u0435\u0432\u043d\u0430, \u0412\u0410\u0420\u0418\u0410\u041d\u0422 2 . \u0420\u0430\u0437\u0433\u043b\u0435\u0434\u0430\u0439\u0442\u0435 \u0438 \u043e\u0441\u0442\u0430\u043d\u0430\u043b\u0438\u0442\u0435 \u043f\u0440\u043e\u0434\u0443\u043a\u0442\u0438 \u043e\u0442 \u043a\u0430\u0442\u0435\u0433\u043e\u0440\u0438\u044f\u0442\u0430 .\",\"breadcrumb\":{\"@id\":\"https:\/\/vanyaivanova.eu\/product\/%d0%bf%d1%80%d0%be%d0%b3%d1%80%d0%b0%d0%bc%d0%b0-%d1%89%d0%b0%d1%81%d1%82%d0%b8%d0%b5-5-%d0%b4%d0%bd%d0%b5%d0%b2%d0%bd%d0%b0-%d0%b2%d0%b0%d1%80%d0%b8%d0%b0%d0%bd%d1%82-2\/#breadcrumb\"},\"inLanguage\":\"fr-FR\",\"potentialAction\":[{\"@type\":\"ReadAction\",\"target\":[\"https:\/\/vanyaivanova.eu\/product\/%d0%bf%d1%80%d0%be%d0%b3%d1%80%d0%b0%d0%bc%d0%b0-%d1%89%d0%b0%d1%81%d1%82%d0%b8%d0%b5-5-%d0%b4%d0%bd%d0%b5%d0%b2%d0%bd%d0%b0-%d0%b2%d0%b0%d1%80%d0%b8%d0%b0%d0%bd%d1%82-2\/\"]}]},{\"@type\":\"ImageObject\",\"inLanguage\":\"fr-FR\",\"@id\":\"https:\/\/vanyaivanova.eu\/product\/%d0%bf%d1%80%d0%be%d0%b3%d1%80%d0%b0%d0%bc%d0%b0-%d1%89%d0%b0%d1%81%d1%82%d0%b8%d0%b5-5-%d0%b4%d0%bd%d0%b5%d0%b2%d0%bd%d0%b0-%d0%b2%d0%b0%d1%80%d0%b8%d0%b0%d0%bd%d1%82-2\/#primaryimage\",\"url\":\"https:\/\/vanyaivanova.eu\/wp-content\/uploads\/2025\/01\/640_159293.jpeg\",\"contentUrl\":\"https:\/\/vanyaivanova.eu\/wp-content\/uploads\/2025\/01\/640_159293.jpeg\",\"width\":640,\"height\":415},{\"@type\":\"BreadcrumbList\",\"@id\":\"https:\/\/vanyaivanova.eu\/product\/%d0%bf%d1%80%d0%be%d0%b3%d1%80%d0%b0%d0%bc%d0%b0-%d1%89%d0%b0%d1%81%d1%82%d0%b8%d0%b5-5-%d0%b4%d0%bd%d0%b5%d0%b2%d0%bd%d0%b0-%d0%b2%d0%b0%d1%80%d0%b8%d0%b0%d0%bd%d1%82-2\/#breadcrumb\",\"itemListElement\":[{\"@type\":\"ListItem\",\"position\":1,\"name\":\"\u041d\u0430\u0447\u0430\u043b\u043e\",\"item\":\"https:\/\/vanyaivanova.eu\/\"},{\"@type\":\"ListItem\",\"position\":2,\"name\":\"\u041f\u0421\u0418 \u0418\u043d\u0441\u0442\u0440\u0443\u043c\u0435\u043d\u0442\u0438\",\"item\":\"https:\/\/vanyaivanova.eu\/%d0%bc%d0%b0%d0%b3%d0%b0%d0%b7%d0%b8%d0%bd-%d0%bc%d0%b0%d0%b3%d0%b8%d1%87%d0%b5%d0%bd-%d1%81%d0%b2%d1%8f%d1%82\/\"},{\"@type\":\"ListItem\",\"position\":3,\"name\":\"\u041f\u0440\u043e\u0433\u0440\u0430\u043c\u0430 \u0429\u0430\u0441\u0442\u0438\u0435 \u2013 5-\u0434\u043d\u0435\u0432\u043d\u0430, \u0412\u0410\u0420\u0418\u0410\u041d\u0422 2\"}]},{\"@type\":\"WebSite\",\"@id\":\"https:\/\/vanyaivanova.eu\/#website\",\"url\":\"https:\/\/vanyaivanova.eu\/\",\"name\":\"Vanya Ivanova\",\"description\":\"Vanya Ivanova\",\"publisher\":{\"@id\":\"https:\/\/vanyaivanova.eu\/#\/schema\/person\/262fb9ea8198a347c4a8aaeba79b6aca\"},\"potentialAction\":[{\"@type\":\"SearchAction\",\"target\":{\"@type\":\"EntryPoint\",\"urlTemplate\":\"https:\/\/vanyaivanova.eu\/?s={search_term_string}\"},\"query-input\":{\"@type\":\"PropertyValueSpecification\",\"valueRequired\":true,\"valueName\":\"search_term_string\"}}],\"inLanguage\":\"fr-FR\"},{\"@type\":[\"Person\",\"Organization\"],\"@id\":\"https:\/\/vanyaivanova.eu\/#\/schema\/person\/262fb9ea8198a347c4a8aaeba79b6aca\",\"name\":\"Vanya Ivanova\",\"image\":{\"@type\":\"ImageObject\",\"inLanguage\":\"fr-FR\",\"@id\":\"https:\/\/vanyaivanova.eu\/#\/schema\/person\/image\/\",\"url\":\"https:\/\/vanyaivanova.eu\/wp-content\/uploads\/2020\/12\/VanyaIvanova-1.png\",\"contentUrl\":\"https:\/\/vanyaivanova.eu\/wp-content\/uploads\/2020\/12\/VanyaIvanova-1.png\",\"width\":448,\"height\":77,\"caption\":\"Vanya Ivanova\"},\"logo\":{\"@id\":\"https:\/\/vanyaivanova.eu\/#\/schema\/person\/image\/\"}}]}<\/script>\n<!-- \/ Yoast SEO plugin. -->","yoast_head_json":{"title":"\u041f\u0440\u043e\u0433\u0440\u0430\u043c\u0430 \u0429\u0430\u0441\u0442\u0438\u0435 \u2013 5-\u0434\u043d\u0435\u0432\u043d\u0430, \u0412\u0410\u0420\u0418\u0410\u041d\u0422 2 - Vanya Ivanova","description":"\u0418\u0437\u0431\u0435\u0440\u0435\u0442\u0435 \u041f\u0440\u043e\u0433\u0440\u0430\u043c\u0430 \u0429\u0430\u0441\u0442\u0438\u0435 \u2013 5-\u0434\u043d\u0435\u0432\u043d\u0430, \u0412\u0410\u0420\u0418\u0410\u041d\u0422 2 . \u0420\u0430\u0437\u0433\u043b\u0435\u0434\u0430\u0439\u0442\u0435 \u0438 \u043e\u0441\u0442\u0430\u043d\u0430\u043b\u0438\u0442\u0435 \u043f\u0440\u043e\u0434\u0443\u043a\u0442\u0438 \u043e\u0442 \u043a\u0430\u0442\u0435\u0433\u043e\u0440\u0438\u044f\u0442\u0430 .","robots":{"index":"index","follow":"follow","max-snippet":"max-snippet:-1","max-image-preview":"max-image-preview:large","max-video-preview":"max-video-preview:-1"},"canonical":"https:\/\/vanyaivanova.eu\/fr\/product\/\u043f\u0440\u043e\u0433\u0440\u0430\u043c\u0430-\u0449\u0430\u0441\u0442\u0438\u0435-5-\u0434\u043d\u0435\u0432\u043d\u0430-\u0432\u0430\u0440\u0438\u0430\u043d\u0442-2\/","og_locale":"fr_FR","og_type":"article","og_title":"\u041f\u0440\u043e\u0433\u0440\u0430\u043c\u0430 \u0429\u0430\u0441\u0442\u0438\u0435 \u2013 5-\u0434\u043d\u0435\u0432\u043d\u0430, \u0412\u0410\u0420\u0418\u0410\u041d\u0422 2 - Vanya Ivanova","og_description":"\u0418\u0437\u0431\u0435\u0440\u0435\u0442\u0435 \u041f\u0440\u043e\u0433\u0440\u0430\u043c\u0430 \u0429\u0430\u0441\u0442\u0438\u0435 \u2013 5-\u0434\u043d\u0435\u0432\u043d\u0430, \u0412\u0410\u0420\u0418\u0410\u041d\u0422 2 . \u0420\u0430\u0437\u0433\u043b\u0435\u0434\u0430\u0439\u0442\u0435 \u0438 \u043e\u0441\u0442\u0430\u043d\u0430\u043b\u0438\u0442\u0435 \u043f\u0440\u043e\u0434\u0443\u043a\u0442\u0438 \u043e\u0442 \u043a\u0430\u0442\u0435\u0433\u043e\u0440\u0438\u044f\u0442\u0430 .","og_url":"https:\/\/vanyaivanova.eu\/fr\/product\/\u043f\u0440\u043e\u0433\u0440\u0430\u043c\u0430-\u0449\u0430\u0441\u0442\u0438\u0435-5-\u0434\u043d\u0435\u0432\u043d\u0430-\u0432\u0430\u0440\u0438\u0430\u043d\u0442-2\/","og_site_name":"Vanya Ivanova","og_image":[{"width":640,"height":415,"url":"https:\/\/vanyaivanova.eu\/wp-content\/uploads\/2025\/01\/640_159293.jpeg","type":"image\/jpeg"}],"twitter_card":"summary_large_image","twitter_misc":{"Dur\u00e9e de lecture estim\u00e9e":"2 minutes"},"schema":{"@context":"https:\/\/schema.org","@graph":[{"@type":"WebPage","@id":"https:\/\/vanyaivanova.eu\/product\/%d0%bf%d1%80%d0%be%d0%b3%d1%80%d0%b0%d0%bc%d0%b0-%d1%89%d0%b0%d1%81%d1%82%d0%b8%d0%b5-5-%d0%b4%d0%bd%d0%b5%d0%b2%d0%bd%d0%b0-%d0%b2%d0%b0%d1%80%d0%b8%d0%b0%d0%bd%d1%82-2\/","url":"https:\/\/vanyaivanova.eu\/product\/%d0%bf%d1%80%d0%be%d0%b3%d1%80%d0%b0%d0%bc%d0%b0-%d1%89%d0%b0%d1%81%d1%82%d0%b8%d0%b5-5-%d0%b4%d0%bd%d0%b5%d0%b2%d0%bd%d0%b0-%d0%b2%d0%b0%d1%80%d0%b8%d0%b0%d0%bd%d1%82-2\/","name":"\u041f\u0440\u043e\u0433\u0440\u0430\u043c\u0430 \u0429\u0430\u0441\u0442\u0438\u0435 \u2013 5-\u0434\u043d\u0435\u0432\u043d\u0430, \u0412\u0410\u0420\u0418\u0410\u041d\u0422 2 - Vanya Ivanova","isPartOf":{"@id":"https:\/\/vanyaivanova.eu\/#website"},"primaryImageOfPage":{"@id":"https:\/\/vanyaivanova.eu\/product\/%d0%bf%d1%80%d0%be%d0%b3%d1%80%d0%b0%d0%bc%d0%b0-%d1%89%d0%b0%d1%81%d1%82%d0%b8%d0%b5-5-%d0%b4%d0%bd%d0%b5%d0%b2%d0%bd%d0%b0-%d0%b2%d0%b0%d1%80%d0%b8%d0%b0%d0%bd%d1%82-2\/#primaryimage"},"image":{"@id":"https:\/\/vanyaivanova.eu\/product\/%d0%bf%d1%80%d0%be%d0%b3%d1%80%d0%b0%d0%bc%d0%b0-%d1%89%d0%b0%d1%81%d1%82%d0%b8%d0%b5-5-%d0%b4%d0%bd%d0%b5%d0%b2%d0%bd%d0%b0-%d0%b2%d0%b0%d1%80%d0%b8%d0%b0%d0%bd%d1%82-2\/#primaryimage"},"thumbnailUrl":"https:\/\/vanyaivanova.eu\/wp-content\/uploads\/2025\/01\/640_159293.jpeg","datePublished":"2025-01-22T06:06:52+00:00","dateModified":"2025-01-22T06:06:52+00:00","description":"\u0418\u0437\u0431\u0435\u0440\u0435\u0442\u0435 \u041f\u0440\u043e\u0433\u0440\u0430\u043c\u0430 \u0429\u0430\u0441\u0442\u0438\u0435 \u2013 5-\u0434\u043d\u0435\u0432\u043d\u0430, \u0412\u0410\u0420\u0418\u0410\u041d\u0422 2 . \u0420\u0430\u0437\u0433\u043b\u0435\u0434\u0430\u0439\u0442\u0435 \u0438 \u043e\u0441\u0442\u0430\u043d\u0430\u043b\u0438\u0442\u0435 \u043f\u0440\u043e\u0434\u0443\u043a\u0442\u0438 \u043e\u0442 \u043a\u0430\u0442\u0435\u0433\u043e\u0440\u0438\u044f\u0442\u0430 .","breadcrumb":{"@id":"https:\/\/vanyaivanova.eu\/product\/%d0%bf%d1%80%d0%be%d0%b3%d1%80%d0%b0%d0%bc%d0%b0-%d1%89%d0%b0%d1%81%d1%82%d0%b8%d0%b5-5-%d0%b4%d0%bd%d0%b5%d0%b2%d0%bd%d0%b0-%d0%b2%d0%b0%d1%80%d0%b8%d0%b0%d0%bd%d1%82-2\/#breadcrumb"},"inLanguage":"fr-FR","potentialAction":[{"@type":"ReadAction","target":["https:\/\/vanyaivanova.eu\/product\/%d0%bf%d1%80%d0%be%d0%b3%d1%80%d0%b0%d0%bc%d0%b0-%d1%89%d0%b0%d1%81%d1%82%d0%b8%d0%b5-5-%d0%b4%d0%bd%d0%b5%d0%b2%d0%bd%d0%b0-%d0%b2%d0%b0%d1%80%d0%b8%d0%b0%d0%bd%d1%82-2\/"]}]},{"@type":"ImageObject","inLanguage":"fr-FR","@id":"https:\/\/vanyaivanova.eu\/product\/%d0%bf%d1%80%d0%be%d0%b3%d1%80%d0%b0%d0%bc%d0%b0-%d1%89%d0%b0%d1%81%d1%82%d0%b8%d0%b5-5-%d0%b4%d0%bd%d0%b5%d0%b2%d0%bd%d0%b0-%d0%b2%d0%b0%d1%80%d0%b8%d0%b0%d0%bd%d1%82-2\/#primaryimage","url":"https:\/\/vanyaivanova.eu\/wp-content\/uploads\/2025\/01\/640_159293.jpeg","contentUrl":"https:\/\/vanyaivanova.eu\/wp-content\/uploads\/2025\/01\/640_159293.jpeg","width":640,"height":415},{"@type":"BreadcrumbList","@id":"https:\/\/vanyaivanova.eu\/product\/%d0%bf%d1%80%d0%be%d0%b3%d1%80%d0%b0%d0%bc%d0%b0-%d1%89%d0%b0%d1%81%d1%82%d0%b8%d0%b5-5-%d0%b4%d0%bd%d0%b5%d0%b2%d0%bd%d0%b0-%d0%b2%d0%b0%d1%80%d0%b8%d0%b0%d0%bd%d1%82-2\/#breadcrumb","itemListElement":[{"@type":"ListItem","position":1,"name":"\u041d\u0430\u0447\u0430\u043b\u043e","item":"https:\/\/vanyaivanova.eu\/"},{"@type":"ListItem","position":2,"name":"\u041f\u0421\u0418 \u0418\u043d\u0441\u0442\u0440\u0443\u043c\u0435\u043d\u0442\u0438","item":"https:\/\/vanyaivanova.eu\/%d0%bc%d0%b0%d0%b3%d0%b0%d0%b7%d0%b8%d0%bd-%d0%bc%d0%b0%d0%b3%d0%b8%d1%87%d0%b5%d0%bd-%d1%81%d0%b2%d1%8f%d1%82\/"},{"@type":"ListItem","position":3,"name":"\u041f\u0440\u043e\u0433\u0440\u0430\u043c\u0430 \u0429\u0430\u0441\u0442\u0438\u0435 \u2013 5-\u0434\u043d\u0435\u0432\u043d\u0430, \u0412\u0410\u0420\u0418\u0410\u041d\u0422 2"}]},{"@type":"WebSite","@id":"https:\/\/vanyaivanova.eu\/#website","url":"https:\/\/vanyaivanova.eu\/","name":"Vanya Ivanova","description":"Vanya Ivanova","publisher":{"@id":"https:\/\/vanyaivanova.eu\/#\/schema\/person\/262fb9ea8198a347c4a8aaeba79b6aca"},"potentialAction":[{"@type":"SearchAction","target":{"@type":"EntryPoint","urlTemplate":"https:\/\/vanyaivanova.eu\/?s={search_term_string}"},"query-input":{"@type":"PropertyValueSpecification","valueRequired":true,"valueName":"search_term_string"}}],"inLanguage":"fr-FR"},{"@type":["Person","Organization"],"@id":"https:\/\/vanyaivanova.eu\/#\/schema\/person\/262fb9ea8198a347c4a8aaeba79b6aca","name":"Vanya Ivanova","image":{"@type":"ImageObject","inLanguage":"fr-FR","@id":"https:\/\/vanyaivanova.eu\/#\/schema\/person\/image\/","url":"https:\/\/vanyaivanova.eu\/wp-content\/uploads\/2020\/12\/VanyaIvanova-1.png","contentUrl":"https:\/\/vanyaivanova.eu\/wp-content\/uploads\/2020\/12\/VanyaIvanova-1.png","width":448,"height":77,"caption":"Vanya Ivanova"},"logo":{"@id":"https:\/\/vanyaivanova.eu\/#\/schema\/person\/image\/"}}]}},"_links":{"self":[{"href":"https:\/\/vanyaivanova.eu\/fr\/wp-json\/wp\/v2\/product\/1861","targetHints":{"allow":["GET"]}}],"collection":[{"href":"https:\/\/vanyaivanova.eu\/fr\/wp-json\/wp\/v2\/product"}],"about":[{"href":"https:\/\/vanyaivanova.eu\/fr\/wp-json\/wp\/v2\/types\/product"}],"replies":[{"embeddable":true,"href":"https:\/\/vanyaivanova.eu\/fr\/wp-json\/wp\/v2\/comments?post=1861"}],"wp:featuredmedia":[{"embeddable":true,"href":"https:\/\/vanyaivanova.eu\/fr\/wp-json\/wp\/v2\/media\/1862"}],"wp:attachment":[{"href":"https:\/\/vanyaivanova.eu\/fr\/wp-json\/wp\/v2\/media?parent=1861"}],"wp:term":[{"taxonomy":"product_cat","embeddable":true,"href":"https:\/\/vanyaivanova.eu\/fr\/wp-json\/wp\/v2\/product_cat?post=1861"},{"taxonomy":"product_tag","embeddable":true,"href":"https:\/\/vanyaivanova.eu\/fr\/wp-json\/wp\/v2\/product_tag?post=1861"}],"curies":[{"name":"wp","href":"https:\/\/api.w.org\/{rel}","templated":true}]}}